{"id":959,"date":"2021-10-01T12:59:50","date_gmt":"2021-10-01T10:59:50","guid":{"rendered":"https:\/\/web.apcal.lu\/?page_id=959"},"modified":"2023-06-27T12:22:40","modified_gmt":"2023-06-27T10:22:40","slug":"aml","status":"publish","type":"page","link":"https:\/\/apcal.lu\/fr\/aml\/","title":{"rendered":"AML"},"content":{"rendered":"<p>[et_pb_section fb_built=\u00a0\u00bb1&Prime; _builder_version=\u00a0\u00bb4.16&Prime; _module_preset=\u00a0\u00bbdefault\u00a0\u00bb global_colors_info=\u00a0\u00bb{}\u00a0\u00bb][et_pb_row _builder_version=\u00a0\u00bb4.16&Prime; _module_preset=\u00a0\u00bbdefault\u00a0\u00bb global_colors_info=\u00a0\u00bb{}\u00a0\u00bb][et_pb_column type=\u00a0\u00bb4_4&Prime; _builder_version=\u00a0\u00bb4.16&Prime; _module_preset=\u00a0\u00bbdefault\u00a0\u00bb global_colors_info=\u00a0\u00bb{}\u00a0\u00bb][et_pb_text _builder_version=\u00a0\u00bb4.16&Prime; _module_preset=\u00a0\u00bbdefault\u00a0\u00bb global_colors_info=\u00a0\u00bb{}\u00a0\u00bb]<\/p>\n<h1>Lois anti-blanchiment<\/h1>\n<p>[\/et_pb_text][et_pb_divider _builder_version=\u00a0\u00bb4.14.2&Prime; _module_preset=\u00a0\u00bbdefault\u00a0\u00bb width=\u00a0\u00bb14%\u00a0\u00bb custom_margin=\u00a0\u00bb0px||16px||false|false\u00a0\u00bb global_module=\u00a0\u00bb1556&Prime; saved_tabs=\u00a0\u00bball\u00a0\u00bb global_colors_info=\u00a0\u00bb{}\u00a0\u00bb][\/et_pb_divider][et_pb_text admin_label=\u00a0\u00bbTexte\u00a0\u00bb _builder_version=\u00a0\u00bb4.20.4&Prime; _module_preset=\u00a0\u00bbdefault\u00a0\u00bb hover_enabled=\u00a0\u00bb0&Prime; global_colors_info=\u00a0\u00bb{}\u00a0\u00bb sticky_enabled=\u00a0\u00bb0&Prime;]<\/p>\n<p>Outre l\u2019organisation r\u00e9guli\u00e8re de sessions de formation en mati\u00e8re de LBC\/FT, l\u2019APCAL au travers de son p\u00f4le \u00ab Legal, Compliance, AML \u00bb, compos\u00e9 de Lorenzo Stipulante, Bert Bouton et Edouard Georges a r\u00e9dig\u00e9 des guides de r\u00e9f\u00e9rence pour les courtiers d\u2019assurances\u00a0<b>et sont r\u00e9serv\u00e9s aux membres de l\u2019APCAL.<\/b><\/p>\n<p>Ces documents constituent des guides et ne peuvent en aucun cas se substituer \u00e0 la documentation personnalis\u00e9e et objective des contr\u00f4les et proc\u00e9dures de chaque courtier.<\/p>\n<p><strong>Il s&rsquo;agit de documents de guidance non mis \u00e0 jour,<\/strong> <strong>contrairement aux proc\u00e9dures AML d\u00e9velopp\u00e9es par des conseiller externes qui elles sont payantes.<\/strong><\/p>\n<p>Vous retrouverez l&rsquo;ensemble des documents et proc\u00e9dures mis en vente pour nos Membres, dans la rubrique <strong>APCAL &#8211; Offre de documents de notre site internet.<\/strong><\/p>\n<p>[\/et_pb_text][et_pb_text admin_label=\u00a0\u00bbGuides au format PDF\u00a0\u00bb _builder_version=\u00a0\u00bb4.16&Prime; _module_preset=\u00a0\u00bbdefault\u00a0\u00bb global_colors_info=\u00a0\u00bb{}\u00a0\u00bb]<\/p>\n<h2>Guides au format PDF r\u00e9serv\u00e9s aux membres<\/h2>\n<p>[\/et_pb_text][et_pb_text admin_label=\u00a0\u00bbPDF\u00a0\u00bb _builder_version=\u00a0\u00bb4.16&Prime; _dynamic_attributes=\u00a0\u00bblink_option_url\u00a0\u00bb _module_preset=\u00a0\u00bbdefault\u00a0\u00bb link_option_url=\u00a0\u00bb@ET-DC@eyJkeW5hbWljIjp0cnVlLCJjb250ZW50IjoicG9zdF9saW5rX3VybF9wYWdlIiwic2V0dGluZ3MiOnsicG9zdF9pZCI6IjYyIn19@\u00a0\u00bb global_colors_info=\u00a0\u00bb{}\u00a0\u00bb]<\/p>\n<p><img decoding=\"async\" class=\"alignnone wp-image-301\" src=\"https:\/\/apcal.lu\/wp-content\/uploads\/2021\/08\/pdf-ico-25-25.png\" alt=\"PDF\" width=\"15\" height=\"18\" \/>\u00a0&#8211; Document APCAL &#8211; Note d\u2019information AML \u2013 IARD<\/p>\n<p><img decoding=\"async\" class=\"alignnone wp-image-301\" src=\"https:\/\/apcal.lu\/wp-content\/uploads\/2021\/08\/pdf-ico-25-25.png\" alt=\"PDF\" width=\"15\" height=\"18\" \/>\u00a0&#8211; Document APCAL &#8211; Guide pratique AML \u2013 Vie<\/p>\n<p><img decoding=\"async\" class=\"alignnone wp-image-301\" src=\"https:\/\/apcal.lu\/wp-content\/uploads\/2021\/08\/pdf-ico-25-25.png\" alt=\"PDF\" width=\"15\" height=\"18\" \/>\u00a0&#8211; Document APCAL &#8211; Guide sanctions financi\u00e8res APCAL<\/p>\n<p>[\/et_pb_text][et_pb_text admin_label=\u00a0\u00bbDerniers articles sur le sujet\u00a0\u00bb _builder_version=\u00a0\u00bb4.16&Prime; _module_preset=\u00a0\u00bbdefault\u00a0\u00bb global_colors_info=\u00a0\u00bb{}\u00a0\u00bb]<\/p>\n<h2>Derniers articles sur le sujet<\/h2>\n<p>[\/et_pb_text][et_pb_blog fullwidth=\u00a0\u00bboff\u00a0\u00bb posts_number=\u00a0\u00bb3&Prime; include_categories=\u00a0\u00bb33&Prime; meta_date=\u00a0\u00bbj m Y\u00a0\u00bb use_manual_excerpt=\u00a0\u00bboff\u00a0\u00bb show_author=\u00a0\u00bboff\u00a0\u00bb show_excerpt=\u00a0\u00bboff\u00a0\u00bb show_pagination=\u00a0\u00bboff\u00a0\u00bb _builder_version=\u00a0\u00bb4.16&Prime; _module_preset=\u00a0\u00bbdefault\u00a0\u00bb global_colors_info=\u00a0\u00bb{}\u00a0\u00bb][\/et_pb_blog][\/et_pb_column][\/et_pb_row][\/et_pb_section]<\/p>\n","protected":false},"excerpt":{"rendered":"<p>Lois anti-blanchimentOutre l\u2019organisation r\u00e9guli\u00e8re de sessions de formation en mati\u00e8re de LBC\/FT, l\u2019APCAL au travers de son p\u00f4le \u00ab Legal, Compliance, AML \u00bb, compos\u00e9 de Lorenzo Stipulante, Bert Bouton et Edouard Georges a r\u00e9dig\u00e9 des guides de r\u00e9f\u00e9rence pour les courtiers d\u2019assurances\u00a0et sont r\u00e9serv\u00e9s aux membres de l\u2019APCAL. Ces documents constituent des guides et ne [&hellip;]<\/p>\n","protected":false},"author":156,"featured_media":0,"parent":0,"menu_order":0,"comment_status":"closed","ping_status":"closed","template":"","meta":{"_et_pb_use_builder":"on","_et_pb_old_content":"","_et_gb_content_width":"","footnotes":""},"class_list":["post-959","page","type-page","status-publish","hentry"],"yoast_head":"<!-- This site is optimized with the Yoast SEO plugin v26.7 - https:\/\/yoast.com\/wordpress\/plugins\/seo\/ -->\n<title>AML - Apcal<\/title>\n<meta name=\"robots\" content=\"index, follow, max-snippet:-1, max-image-preview:large, max-video-preview:-1\" \/>\n<link rel=\"canonical\" href=\"https:\/\/apcal.lu\/fr\/aml\/\" \/>\n<meta property=\"og:locale\" content=\"fr_FR\" \/>\n<meta property=\"og:type\" content=\"article\" \/>\n<meta property=\"og:title\" content=\"AML - Apcal\" \/>\n<meta property=\"og:description\" content=\"Lois anti-blanchimentOutre l\u2019organisation r\u00e9guli\u00e8re de sessions de formation en mati\u00e8re de LBC\/FT, l\u2019APCAL au travers de son p\u00f4le \u00ab Legal, Compliance, AML \u00bb, compos\u00e9 de Lorenzo Stipulante, Bert Bouton et Edouard Georges a r\u00e9dig\u00e9 des guides de r\u00e9f\u00e9rence pour les courtiers d\u2019assurances\u00a0et sont r\u00e9serv\u00e9s aux membres de l\u2019APCAL. Ces documents constituent des guides et ne [&hellip;]\" \/>\n<meta property=\"og:url\" content=\"https:\/\/apcal.lu\/fr\/aml\/\" \/>\n<meta property=\"og:site_name\" content=\"Apcal\" \/>\n<meta property=\"article:modified_time\" content=\"2023-06-27T10:22:40+00:00\" \/>\n<meta property=\"og:image\" content=\"https:\/\/apcal.lu\/wp-content\/uploads\/2021\/08\/pdf-ico-25-25.png\" \/>\n<meta name=\"twitter:card\" content=\"summary_large_image\" \/>\n<meta name=\"twitter:label1\" content=\"Dur\u00e9e de lecture estim\u00e9e\" \/>\n\t<meta name=\"twitter:data1\" content=\"2 minutes\" \/>\n<script type=\"application\/ld+json\" class=\"yoast-schema-graph\">{\"@context\":\"https:\/\/schema.org\",\"@graph\":[{\"@type\":\"WebPage\",\"@id\":\"https:\/\/apcal.lu\/fr\/aml\/\",\"url\":\"https:\/\/apcal.lu\/fr\/aml\/\",\"name\":\"AML - Apcal\",\"isPartOf\":{\"@id\":\"https:\/\/apcal.lu\/fr\/#website\"},\"primaryImageOfPage\":{\"@id\":\"https:\/\/apcal.lu\/fr\/aml\/#primaryimage\"},\"image\":{\"@id\":\"https:\/\/apcal.lu\/fr\/aml\/#primaryimage\"},\"thumbnailUrl\":\"https:\/\/apcal.lu\/wp-content\/uploads\/2021\/08\/pdf-ico-25-25.png\",\"datePublished\":\"2021-10-01T10:59:50+00:00\",\"dateModified\":\"2023-06-27T10:22:40+00:00\",\"breadcrumb\":{\"@id\":\"https:\/\/apcal.lu\/fr\/aml\/#breadcrumb\"},\"inLanguage\":\"fr-FR\",\"potentialAction\":[{\"@type\":\"ReadAction\",\"target\":[\"https:\/\/apcal.lu\/fr\/aml\/\"]}]},{\"@type\":\"ImageObject\",\"inLanguage\":\"fr-FR\",\"@id\":\"https:\/\/apcal.lu\/fr\/aml\/#primaryimage\",\"url\":\"https:\/\/apcal.lu\/wp-content\/uploads\/2021\/08\/pdf-ico-25-25.png\",\"contentUrl\":\"https:\/\/apcal.lu\/wp-content\/uploads\/2021\/08\/pdf-ico-25-25.png\"},{\"@type\":\"BreadcrumbList\",\"@id\":\"https:\/\/apcal.lu\/fr\/aml\/#breadcrumb\",\"itemListElement\":[{\"@type\":\"ListItem\",\"position\":1,\"name\":\"Accueil\",\"item\":\"https:\/\/apcal.lu\/fr\/\"},{\"@type\":\"ListItem\",\"position\":2,\"name\":\"AML\"}]},{\"@type\":\"WebSite\",\"@id\":\"https:\/\/apcal.lu\/fr\/#website\",\"url\":\"https:\/\/apcal.lu\/fr\/\",\"name\":\"Apcal\",\"description\":\"Association des courtiers en assurance du Luxembourg\",\"potentialAction\":[{\"@type\":\"SearchAction\",\"target\":{\"@type\":\"EntryPoint\",\"urlTemplate\":\"https:\/\/apcal.lu\/fr\/?s={search_term_string}\"},\"query-input\":{\"@type\":\"PropertyValueSpecification\",\"valueRequired\":true,\"valueName\":\"search_term_string\"}}],\"inLanguage\":\"fr-FR\"}]}<\/script>\n<!-- \/ Yoast SEO plugin. -->","yoast_head_json":{"title":"AML - Apcal","robots":{"index":"index","follow":"follow","max-snippet":"max-snippet:-1","max-image-preview":"max-image-preview:large","max-video-preview":"max-video-preview:-1"},"canonical":"https:\/\/apcal.lu\/fr\/aml\/","og_locale":"fr_FR","og_type":"article","og_title":"AML - Apcal","og_description":"Lois anti-blanchimentOutre l\u2019organisation r\u00e9guli\u00e8re de sessions de formation en mati\u00e8re de LBC\/FT, l\u2019APCAL au travers de son p\u00f4le \u00ab Legal, Compliance, AML \u00bb, compos\u00e9 de Lorenzo Stipulante, Bert Bouton et Edouard Georges a r\u00e9dig\u00e9 des guides de r\u00e9f\u00e9rence pour les courtiers d\u2019assurances\u00a0et sont r\u00e9serv\u00e9s aux membres de l\u2019APCAL. Ces documents constituent des guides et ne [&hellip;]","og_url":"https:\/\/apcal.lu\/fr\/aml\/","og_site_name":"Apcal","article_modified_time":"2023-06-27T10:22:40+00:00","og_image":[{"url":"https:\/\/apcal.lu\/wp-content\/uploads\/2021\/08\/pdf-ico-25-25.png","type":"","width":"","height":""}],"twitter_card":"summary_large_image","twitter_misc":{"Dur\u00e9e de lecture estim\u00e9e":"2 minutes"},"schema":{"@context":"https:\/\/schema.org","@graph":[{"@type":"WebPage","@id":"https:\/\/apcal.lu\/fr\/aml\/","url":"https:\/\/apcal.lu\/fr\/aml\/","name":"AML - Apcal","isPartOf":{"@id":"https:\/\/apcal.lu\/fr\/#website"},"primaryImageOfPage":{"@id":"https:\/\/apcal.lu\/fr\/aml\/#primaryimage"},"image":{"@id":"https:\/\/apcal.lu\/fr\/aml\/#primaryimage"},"thumbnailUrl":"https:\/\/apcal.lu\/wp-content\/uploads\/2021\/08\/pdf-ico-25-25.png","datePublished":"2021-10-01T10:59:50+00:00","dateModified":"2023-06-27T10:22:40+00:00","breadcrumb":{"@id":"https:\/\/apcal.lu\/fr\/aml\/#breadcrumb"},"inLanguage":"fr-FR","potentialAction":[{"@type":"ReadAction","target":["https:\/\/apcal.lu\/fr\/aml\/"]}]},{"@type":"ImageObject","inLanguage":"fr-FR","@id":"https:\/\/apcal.lu\/fr\/aml\/#primaryimage","url":"https:\/\/apcal.lu\/wp-content\/uploads\/2021\/08\/pdf-ico-25-25.png","contentUrl":"https:\/\/apcal.lu\/wp-content\/uploads\/2021\/08\/pdf-ico-25-25.png"},{"@type":"BreadcrumbList","@id":"https:\/\/apcal.lu\/fr\/aml\/#breadcrumb","itemListElement":[{"@type":"ListItem","position":1,"name":"Accueil","item":"https:\/\/apcal.lu\/fr\/"},{"@type":"ListItem","position":2,"name":"AML"}]},{"@type":"WebSite","@id":"https:\/\/apcal.lu\/fr\/#website","url":"https:\/\/apcal.lu\/fr\/","name":"Apcal","description":"Association des courtiers en assurance du Luxembourg","potentialAction":[{"@type":"SearchAction","target":{"@type":"EntryPoint","urlTemplate":"https:\/\/apcal.lu\/fr\/?s={search_term_string}"},"query-input":{"@type":"PropertyValueSpecification","valueRequired":true,"valueName":"search_term_string"}}],"inLanguage":"fr-FR"}]}},"publishpress_future_workflow_manual_trigger":{"enabledWorkflows":[]},"_links":{"self":[{"href":"https:\/\/apcal.lu\/fr\/wp-json\/wp\/v2\/pages\/959","targetHints":{"allow":["GET"]}}],"collection":[{"href":"https:\/\/apcal.lu\/fr\/wp-json\/wp\/v2\/pages"}],"about":[{"href":"https:\/\/apcal.lu\/fr\/wp-json\/wp\/v2\/types\/page"}],"author":[{"embeddable":true,"href":"https:\/\/apcal.lu\/fr\/wp-json\/wp\/v2\/users\/156"}],"replies":[{"embeddable":true,"href":"https:\/\/apcal.lu\/fr\/wp-json\/wp\/v2\/comments?post=959"}],"version-history":[{"count":15,"href":"https:\/\/apcal.lu\/fr\/wp-json\/wp\/v2\/pages\/959\/revisions"}],"predecessor-version":[{"id":7572,"href":"https:\/\/apcal.lu\/fr\/wp-json\/wp\/v2\/pages\/959\/revisions\/7572"}],"wp:attachment":[{"href":"https:\/\/apcal.lu\/fr\/wp-json\/wp\/v2\/media?parent=959"}],"curies":[{"name":"wp","href":"https:\/\/api.w.org\/{rel}","templated":true}]}}