{"id":62,"date":"2021-06-26T17:00:41","date_gmt":"2021-06-26T17:00:41","guid":{"rendered":"https:\/\/web.apcal.lu\/?page_id=62"},"modified":"2025-01-30T16:49:27","modified_gmt":"2025-01-30T15:49:27","slug":"espace-membres","status":"publish","type":"page","link":"https:\/\/apcal.lu\/fr\/espace-membres\/","title":{"rendered":"Acc\u00e8s Membres"},"content":{"rendered":"<p>[et_pb_section fb_built=\u00a0\u00bb1&Prime; _builder_version=\u00a0\u00bb4.16&Prime; _module_preset=\u00a0\u00bbdefault\u00a0\u00bb custom_padding=\u00a0\u00bb|3px||||\u00a0\u00bb global_colors_info=\u00a0\u00bb{}\u00a0\u00bb][et_pb_row _builder_version=\u00a0\u00bb4.16&Prime; _module_preset=\u00a0\u00bbdefault\u00a0\u00bb global_colors_info=\u00a0\u00bb{}\u00a0\u00bb][et_pb_column type=\u00a0\u00bb4_4&Prime; _builder_version=\u00a0\u00bb4.16&Prime; _module_preset=\u00a0\u00bbdefault\u00a0\u00bb global_colors_info=\u00a0\u00bb{}\u00a0\u00bb][et_pb_text _builder_version=\u00a0\u00bb4.16&Prime; _module_preset=\u00a0\u00bbdefault\u00a0\u00bb header_font_size=\u00a0\u00bb24px\u00a0\u00bb global_colors_info=\u00a0\u00bb{}\u00a0\u00bb]<\/p>\n<h1>Ce contenu est r\u00e9serv\u00e9 aux Membres de l&rsquo;APCAL<\/h1>\n<p>[\/et_pb_text][et_pb_divider _builder_version=\u00a0\u00bb4.14.2&Prime; _module_preset=\u00a0\u00bbdefault\u00a0\u00bb width=\u00a0\u00bb14%\u00a0\u00bb custom_margin=\u00a0\u00bb0px||16px||false|false\u00a0\u00bb global_module=\u00a0\u00bb1556&Prime; saved_tabs=\u00a0\u00bball\u00a0\u00bb global_colors_info=\u00a0\u00bb{}\u00a0\u00bb][\/et_pb_divider][et_pb_text disabled_on=\u00a0\u00bbon|on|on\u00a0\u00bb _builder_version=\u00a0\u00bb4.16&Prime; _module_preset=\u00a0\u00bbdefault\u00a0\u00bb disabled=\u00a0\u00bbon\u00a0\u00bb global_colors_info=\u00a0\u00bb{}\u00a0\u00bb]<\/p>\n<p>Ces pages sont r\u00e9serv\u00e9es aux membres APCAL, dans lesquelles vous trouverez toutes les informations utiles et n\u00e9cessaires aux activit\u00e9s de courtier en assurances au Luxembourg,<\/p>\n<p>[\/et_pb_text][et_pb_text admin_label=\u00a0\u00bbAcc\u00e8s membres fr\u00a0\u00bb _builder_version=\u00a0\u00bb4.27.4&Prime; _module_preset=\u00a0\u00bbdefault\u00a0\u00bb text_font=\u00a0\u00bb||||||||\u00a0\u00bb link_font=\u00a0\u00bb||||on||||\u00a0\u00bb ul_font=\u00a0\u00bb||||||||\u00a0\u00bb header_3_font=\u00a0\u00bb||||||||\u00a0\u00bb hover_enabled=\u00a0\u00bb0&Prime; global_module=\u00a0\u00bb1774&Prime; saved_tabs=\u00a0\u00bball\u00a0\u00bb global_colors_info=\u00a0\u00bb{}\u00a0\u00bb sticky_enabled=\u00a0\u00bb0&Prime; disabled_on=\u00a0\u00bboff|on|on\u00a0\u00bb]<\/p>\n<h3>Acc\u00e8s vers les th\u00e9matiques<\/h3>\n<ul>\n<li><a href=\"https:\/\/apcal.lu\/fr\/thematique-membres-aml\/\">AML<\/a><\/li>\n<li><a href=\"https:\/\/apcal.lu\/fr\/thematique-membres-bipar\/\">BIPAR<\/a><\/li>\n<li><a href=\"https:\/\/apcal.lu\/fr\/thematique-membres-caa\/\">CAA<\/a><\/li>\n<li><a href=\"https:\/\/apcal.lu\/fr\/thematique-membres-conseil-dadministration-et-ag\/\">Conseil d\u2019administration et AG<\/a><\/li>\n<li><a href=\"https:\/\/apcal.lu\/fr\/thematique-membres-commission-iard\/\">Commission IARD<\/a><\/li>\n<li><a href=\"https:\/\/apcal.lu\/fr\/thematique-membres-commission-vie\/\">Commission Vie<\/a><\/li>\n<li><a href=\"https:\/\/apcal.lu\/fr\/thematique-membres-documents-statutaires\/\">Documents statutaires<\/a><\/li>\n<li><a href=\"https:\/\/apcal.lu\/fr\/thematique-membres-mediation-aca-apcal\/\">M\u00e9diation ACA-APCAL<\/a><\/li>\n<li><a href=\"https:\/\/apcal.lu\/fr\/thematique-membres-legislation\/\">L\u00e9gislation<\/a><\/li>\n<li><a href=\"https:\/\/apcal.lu\/fr\/thematique-documents-idd\/\">IDD Tool Box<\/a><\/li>\n<li><a href=\"https:\/\/apcal.lu\/fr\/espace-membres\/thematique-reporting-annuel\/\">Planning reporting<\/a><\/li>\n<\/ul>\n<p>[\/et_pb_text][\/et_pb_column][\/et_pb_row][et_pb_row column_structure=\u00a0\u00bb1_2,1_2&Prime; _builder_version=\u00a0\u00bb4.16&Prime; _module_preset=\u00a0\u00bbdefault\u00a0\u00bb custom_margin=\u00a0\u00bb||0px||false|false\u00a0\u00bb custom_margin_tablet=\u00a0\u00bb||0px||false|false\u00a0\u00bb custom_margin_phone=\u00a0\u00bb0px||||false|false\u00a0\u00bb custom_margin_last_edited=\u00a0\u00bbon|phone\u00a0\u00bb custom_padding=\u00a0\u00bb0px||0px||false|false\u00a0\u00bb global_colors_info=\u00a0\u00bb{}\u00a0\u00bb][et_pb_column type=\u00a0\u00bb1_2&Prime; _builder_version=\u00a0\u00bb4.16&Prime; _module_preset=\u00a0\u00bbdefault\u00a0\u00bb global_colors_info=\u00a0\u00bb{}\u00a0\u00bb][et_pb_login title=\u00a0\u00bbConnexion\u00a0\u00bb current_page_redirect=\u00a0\u00bbon\u00a0\u00bb _builder_version=\u00a0\u00bb4.11.4&Prime; _module_preset=\u00a0\u00bbdefault\u00a0\u00bb header_text_color=\u00a0\u00bb#16247F\u00a0\u00bb background_color=\u00a0\u00bbrgba(22,36,127,0.31)\u00a0\u00bb background_layout=\u00a0\u00bblight\u00a0\u00bb border_radii=\u00a0\u00bbon|10px|10px|10px|10px\u00a0\u00bb global_module=\u00a0\u00bb2020&Prime; saved_tabs=\u00a0\u00bball\u00a0\u00bb global_colors_info=\u00a0\u00bb{}\u00a0\u00bb][\/et_pb_login][\/et_pb_column][et_pb_column type=\u00a0\u00bb1_2&Prime; _builder_version=\u00a0\u00bb4.16&Prime; _module_preset=\u00a0\u00bbdefault\u00a0\u00bb global_colors_info=\u00a0\u00bb{}\u00a0\u00bb][et_pb_text disabled_on=\u00a0\u00bbon|off|off\u00a0\u00bb admin_label=\u00a0\u00bbAcc\u00e8s membres fr\u00a0\u00bb _builder_version=\u00a0\u00bb4.27.4&Prime; _module_preset=\u00a0\u00bbdefault\u00a0\u00bb text_font=\u00a0\u00bb||||||||\u00a0\u00bb link_font=\u00a0\u00bb||||on||||\u00a0\u00bb ul_font=\u00a0\u00bb||||||||\u00a0\u00bb header_3_font=\u00a0\u00bb||||||||\u00a0\u00bb hover_enabled=\u00a0\u00bb0&Prime; global_module=\u00a0\u00bb1774&Prime; saved_tabs=\u00a0\u00bball\u00a0\u00bb global_colors_info=\u00a0\u00bb{}\u00a0\u00bb sticky_enabled=\u00a0\u00bb0&Prime;]<\/p>\n<h3>\u00a0 Acc\u00e8s vers les th\u00e9matiques<\/h3>\n<ul>\n<li><a href=\"https:\/\/apcal.lu\/fr\/thematique-membres-aml\/\">AML<\/a><\/li>\n<li><a href=\"https:\/\/apcal.lu\/fr\/thematique-membres-bipar\/\">BIPAR<\/a><\/li>\n<li><a href=\"https:\/\/apcal.lu\/fr\/thematique-membres-caa\/\">CAA<\/a><\/li>\n<li><a href=\"https:\/\/apcal.lu\/fr\/thematique-membres-conseil-dadministration-et-ag\/\">Conseil d\u2019administration et AG<\/a><\/li>\n<li><a href=\"https:\/\/apcal.lu\/fr\/thematique-membres-commission-iard\/\">Commission IARD<\/a><\/li>\n<li><a href=\"https:\/\/apcal.lu\/fr\/thematique-membres-commission-vie\/\">Commission Vie<\/a><\/li>\n<li><a href=\"https:\/\/apcal.lu\/fr\/thematique-membres-documents-statutaires\/\">Documents statutaires<\/a><\/li>\n<li><a href=\"https:\/\/apcal.lu\/fr\/thematique-membres-mediation-aca-apcal\/\">M\u00e9diation ACA-APCAL<\/a><\/li>\n<li><a href=\"https:\/\/apcal.lu\/fr\/thematique-membres-legislation\/\">L\u00e9gislation<\/a><\/li>\n<li><a href=\"https:\/\/apcal.lu\/fr\/thematique-documents-idd\/\">IDD Tool Box<\/a><\/li>\n<li><a href=\"https:\/\/apcal.lu\/fr\/espace-membres\/thematique-reporting-annuel\/\">Planning reporting<\/a><\/li>\n<li><a href=\"https:\/\/apcal.lu\/download\/2024-12-checklist-des-documents-requis-dans-une-structure-de-courtage-fr\/?tmstv=1734520058\">Checklist des documents requis dans une structure de courtage<\/a><\/li>\n<li><a href=\"https:\/\/apcal.lu\/download\/faq-lc-23-3-fr\/?tmstv=1736265070\">LC23\/3 &#8211; FAQ<\/a><\/li>\n<li><a href=\"https:\/\/apcal.lu\/download\/2025-01-rapport-periodique-ibip-fr\/?tmstv=1738252062\">Rapport p\u00e9riodique IBIP<\/a><\/li>\n<\/ul>\n<p>[\/et_pb_text][\/et_pb_column][\/et_pb_row][et_pb_row _builder_version=\u00a0\u00bb4.16&Prime; _module_preset=\u00a0\u00bbdefault\u00a0\u00bb global_colors_info=\u00a0\u00bb{}\u00a0\u00bb][et_pb_column type=\u00a0\u00bb4_4&Prime; admin_label=\u00a0\u00bbColonne\u00a0\u00bb _builder_version=\u00a0\u00bb4.16&Prime; _module_preset=\u00a0\u00bbdefault\u00a0\u00bb global_colors_info=\u00a0\u00bb{}\u00a0\u00bb][et_pb_icon font_icon=\u00a0\u00bb&#xf4ad;||fa||900&Prime; icon_width=\u00a0\u00bb50px\u00a0\u00bb _builder_version=\u00a0\u00bb4.14.6&Prime; _module_preset=\u00a0\u00bbdefault\u00a0\u00bb positioning=\u00a0\u00bbrelative\u00a0\u00bb vertical_offset=\u00a0\u00bb30px\u00a0\u00bb z_index=\u00a0\u00bb10&Prime; custom_margin=\u00a0\u00bb0px||0px||false|false\u00a0\u00bb custom_padding=\u00a0\u00bb0px||0px||false|false\u00a0\u00bb global_module=\u00a0\u00bb2316&Prime; saved_tabs=\u00a0\u00bball\u00a0\u00bb global_colors_info=\u00a0\u00bb{}\u00a0\u00bb][\/et_pb_icon][et_pb_text admin_label=\u00a0\u00bbDevenez membres\u00a0\u00bb _builder_version=\u00a0\u00bb4.14.2&Prime; _module_preset=\u00a0\u00bbdefault\u00a0\u00bb text_text_color=\u00a0\u00bb#55547D\u00a0\u00bb link_font=\u00a0\u00bb||||on||||\u00a0\u00bb header_text_color=\u00a0\u00bb#000000&Prime; header_3_line_height=\u00a0\u00bb1.6em\u00a0\u00bb background_color=\u00a0\u00bbrgba(22,36,127,0.3)\u00a0\u00bb width=\u00a0\u00bb100%\u00a0\u00bb custom_margin=\u00a0\u00bb||||false|false\u00a0\u00bb custom_padding=\u00a0\u00bb25px|25px|25px|25px|false|false\u00a0\u00bb border_radii=\u00a0\u00bbon|10px|10px|10px|10px\u00a0\u00bb global_module=\u00a0\u00bb1743&Prime; saved_tabs=\u00a0\u00bball\u00a0\u00bb global_colors_info=\u00a0\u00bb{}\u00a0\u00bb width__hover_enabled=\u00a0\u00bbon|desktop\u00a0\u00bb width__hover=\u00a0\u00bb100%\u00a0\u00bb]<\/p>\n<h3>Comment devenir Membre de l&rsquo;APCAL ?<\/h3>\n<h4>Les avantages Membres<\/h4>\n<p>La d\u00e9fense de vos int\u00e9r\u00eats vis-\u00e0-vis des autorit\u00e9s politiques et de tous les acteurs du secteur,\u00a0la repr\u00e9sentativit\u00e9 de la profession au niveau national et international (via le BIPAR),\u00a0un r\u00e9seau de contacts et des solutions sur des sujets cl\u00e9s de vos activit\u00e9s notamment au travers des r\u00e9unions des Commission Vie et IARD,\u00a0l\u2019acc\u00e8s \u00e0 des formations pointues, \u00e0 des documents compliant IDD, et \u00e0 une multitude d\u2019informations sur notre site Web.<\/p>\n<blockquote>\n<p>Vous d\u00e9sirez rejoindre l&rsquo;APCAL en tant que Membres, contactez nous \u00e0 <a href=\"mailto:vincent.demeuse@apcal.lu\">info@apcal.lu<\/a>\u00a0pour tout renseignement.<\/p>\n<\/blockquote>\n<p>[\/et_pb_text][\/et_pb_column][\/et_pb_row][\/et_pb_section]<\/p>\n","protected":false},"excerpt":{"rendered":"<p>Ce contenu est r\u00e9serv\u00e9 aux Membres de l&rsquo;APCALCes pages sont r\u00e9serv\u00e9es aux membres APCAL, dans lesquelles vous trouverez toutes les informations utiles et n\u00e9cessaires aux activit\u00e9s de courtier en assurances au Luxembourg,Acc\u00e8s vers les th\u00e9matiques AML BIPAR CAA Conseil d\u2019administration et AG Commission IARD Commission Vie Documents statutaires M\u00e9diation ACA-APCAL L\u00e9gislation IDD Tool Box Planning [&hellip;]<\/p>\n","protected":false},"author":1,"featured_media":0,"parent":0,"menu_order":0,"comment_status":"closed","ping_status":"closed","template":"","meta":{"_et_pb_use_builder":"on","_et_pb_old_content":"","_et_gb_content_width":"","footnotes":""},"class_list":["post-62","page","type-page","status-publish","hentry"],"yoast_head":"<!-- This site is optimized with the Yoast SEO plugin v26.7 - https:\/\/yoast.com\/wordpress\/plugins\/seo\/ -->\n<title>Acc\u00e8s Membres - Apcal<\/title>\n<meta name=\"robots\" content=\"noindex, nofollow\" \/>\n<meta property=\"og:locale\" content=\"fr_FR\" \/>\n<meta property=\"og:type\" content=\"article\" \/>\n<meta property=\"og:title\" content=\"Acc\u00e8s Membres - Apcal\" \/>\n<meta property=\"og:description\" content=\"Ce contenu est r\u00e9serv\u00e9 aux Membres de l&#039;APCALCes pages sont r\u00e9serv\u00e9es aux membres APCAL, dans lesquelles vous trouverez toutes les informations utiles et n\u00e9cessaires aux activit\u00e9s de courtier en assurances au Luxembourg,Acc\u00e8s vers les th\u00e9matiques AML BIPAR CAA Conseil d\u2019administration et AG Commission IARD Commission Vie Documents statutaires M\u00e9diation ACA-APCAL L\u00e9gislation IDD Tool Box Planning [&hellip;]\" \/>\n<meta property=\"og:url\" content=\"https:\/\/apcal.lu\/fr\/espace-membres\/\" \/>\n<meta property=\"og:site_name\" content=\"Apcal\" \/>\n<meta property=\"article:modified_time\" content=\"2025-01-30T15:49:27+00:00\" \/>\n<meta name=\"twitter:card\" content=\"summary_large_image\" \/>\n<meta name=\"twitter:label1\" content=\"Dur\u00e9e de lecture estim\u00e9e\" \/>\n\t<meta name=\"twitter:data1\" content=\"3 minutes\" \/>\n<script type=\"application\/ld+json\" class=\"yoast-schema-graph\">{\"@context\":\"https:\/\/schema.org\",\"@graph\":[{\"@type\":\"WebPage\",\"@id\":\"https:\/\/apcal.lu\/fr\/espace-membres\/\",\"url\":\"https:\/\/apcal.lu\/fr\/espace-membres\/\",\"name\":\"Acc\u00e8s Membres - Apcal\",\"isPartOf\":{\"@id\":\"https:\/\/apcal.lu\/fr\/#website\"},\"datePublished\":\"2021-06-26T17:00:41+00:00\",\"dateModified\":\"2025-01-30T15:49:27+00:00\",\"breadcrumb\":{\"@id\":\"https:\/\/apcal.lu\/fr\/espace-membres\/#breadcrumb\"},\"inLanguage\":\"fr-FR\",\"potentialAction\":[{\"@type\":\"ReadAction\",\"target\":[\"https:\/\/apcal.lu\/fr\/espace-membres\/\"]}]},{\"@type\":\"BreadcrumbList\",\"@id\":\"https:\/\/apcal.lu\/fr\/espace-membres\/#breadcrumb\",\"itemListElement\":[{\"@type\":\"ListItem\",\"position\":1,\"name\":\"Accueil\",\"item\":\"https:\/\/apcal.lu\/fr\/\"},{\"@type\":\"ListItem\",\"position\":2,\"name\":\"Acc\u00e8s Membres\"}]},{\"@type\":\"WebSite\",\"@id\":\"https:\/\/apcal.lu\/fr\/#website\",\"url\":\"https:\/\/apcal.lu\/fr\/\",\"name\":\"Apcal\",\"description\":\"Association des courtiers en assurance du Luxembourg\",\"potentialAction\":[{\"@type\":\"SearchAction\",\"target\":{\"@type\":\"EntryPoint\",\"urlTemplate\":\"https:\/\/apcal.lu\/fr\/?s={search_term_string}\"},\"query-input\":{\"@type\":\"PropertyValueSpecification\",\"valueRequired\":true,\"valueName\":\"search_term_string\"}}],\"inLanguage\":\"fr-FR\"}]}<\/script>\n<!-- \/ Yoast SEO plugin. -->","yoast_head_json":{"title":"Acc\u00e8s Membres - Apcal","robots":{"index":"noindex","follow":"nofollow"},"og_locale":"fr_FR","og_type":"article","og_title":"Acc\u00e8s Membres - Apcal","og_description":"Ce contenu est r\u00e9serv\u00e9 aux Membres de l'APCALCes pages sont r\u00e9serv\u00e9es aux membres APCAL, dans lesquelles vous trouverez toutes les informations utiles et n\u00e9cessaires aux activit\u00e9s de courtier en assurances au Luxembourg,Acc\u00e8s vers les th\u00e9matiques AML BIPAR CAA Conseil d\u2019administration et AG Commission IARD Commission Vie Documents statutaires M\u00e9diation ACA-APCAL L\u00e9gislation IDD Tool Box Planning [&hellip;]","og_url":"https:\/\/apcal.lu\/fr\/espace-membres\/","og_site_name":"Apcal","article_modified_time":"2025-01-30T15:49:27+00:00","twitter_card":"summary_large_image","twitter_misc":{"Dur\u00e9e de lecture estim\u00e9e":"3 minutes"},"schema":{"@context":"https:\/\/schema.org","@graph":[{"@type":"WebPage","@id":"https:\/\/apcal.lu\/fr\/espace-membres\/","url":"https:\/\/apcal.lu\/fr\/espace-membres\/","name":"Acc\u00e8s Membres - Apcal","isPartOf":{"@id":"https:\/\/apcal.lu\/fr\/#website"},"datePublished":"2021-06-26T17:00:41+00:00","dateModified":"2025-01-30T15:49:27+00:00","breadcrumb":{"@id":"https:\/\/apcal.lu\/fr\/espace-membres\/#breadcrumb"},"inLanguage":"fr-FR","potentialAction":[{"@type":"ReadAction","target":["https:\/\/apcal.lu\/fr\/espace-membres\/"]}]},{"@type":"BreadcrumbList","@id":"https:\/\/apcal.lu\/fr\/espace-membres\/#breadcrumb","itemListElement":[{"@type":"ListItem","position":1,"name":"Accueil","item":"https:\/\/apcal.lu\/fr\/"},{"@type":"ListItem","position":2,"name":"Acc\u00e8s Membres"}]},{"@type":"WebSite","@id":"https:\/\/apcal.lu\/fr\/#website","url":"https:\/\/apcal.lu\/fr\/","name":"Apcal","description":"Association des courtiers en assurance du Luxembourg","potentialAction":[{"@type":"SearchAction","target":{"@type":"EntryPoint","urlTemplate":"https:\/\/apcal.lu\/fr\/?s={search_term_string}"},"query-input":{"@type":"PropertyValueSpecification","valueRequired":true,"valueName":"search_term_string"}}],"inLanguage":"fr-FR"}]}},"publishpress_future_workflow_manual_trigger":{"enabledWorkflows":[]},"_links":{"self":[{"href":"https:\/\/apcal.lu\/fr\/wp-json\/wp\/v2\/pages\/62","targetHints":{"allow":["GET"]}}],"collection":[{"href":"https:\/\/apcal.lu\/fr\/wp-json\/wp\/v2\/pages"}],"about":[{"href":"https:\/\/apcal.lu\/fr\/wp-json\/wp\/v2\/types\/page"}],"author":[{"embeddable":true,"href":"https:\/\/apcal.lu\/fr\/wp-json\/wp\/v2\/users\/1"}],"replies":[{"embeddable":true,"href":"https:\/\/apcal.lu\/fr\/wp-json\/wp\/v2\/comments?post=62"}],"version-history":[{"count":93,"href":"https:\/\/apcal.lu\/fr\/wp-json\/wp\/v2\/pages\/62\/revisions"}],"predecessor-version":[{"id":13476,"href":"https:\/\/apcal.lu\/fr\/wp-json\/wp\/v2\/pages\/62\/revisions\/13476"}],"wp:attachment":[{"href":"https:\/\/apcal.lu\/fr\/wp-json\/wp\/v2\/media?parent=62"}],"curies":[{"name":"wp","href":"https:\/\/api.w.org\/{rel}","templated":true}]}}