{"id":4777,"date":"2022-06-20T11:01:20","date_gmt":"2022-06-20T09:01:20","guid":{"rendered":"https:\/\/apcal.lu\/?page_id=4777"},"modified":"2023-04-19T11:51:44","modified_gmt":"2023-04-19T09:51:44","slug":"conditions-utilisation-du-site","status":"publish","type":"page","link":"https:\/\/apcal.lu\/fr\/conditions-utilisation-du-site\/","title":{"rendered":"Conditions d&rsquo;utilisation du site"},"content":{"rendered":"<p>[et_pb_section fb_built=\u00a0\u00bb1&Prime; _builder_version=\u00a0\u00bb4.16&Prime; _module_preset=\u00a0\u00bbdefault\u00a0\u00bb global_colors_info=\u00a0\u00bb{}\u00a0\u00bb theme_builder_area=\u00a0\u00bbpost_content\u00a0\u00bb][et_pb_row _builder_version=\u00a0\u00bb4.16&Prime; _module_preset=\u00a0\u00bbdefault\u00a0\u00bb global_colors_info=\u00a0\u00bb{}\u00a0\u00bb theme_builder_area=\u00a0\u00bbpost_content\u00a0\u00bb][et_pb_column type=\u00a0\u00bb4_4&Prime; _builder_version=\u00a0\u00bb4.16&Prime; _module_preset=\u00a0\u00bbdefault\u00a0\u00bb global_colors_info=\u00a0\u00bb{}\u00a0\u00bb theme_builder_area=\u00a0\u00bbpost_content\u00a0\u00bb][et_pb_text ul_item_indent=\u00a0\u00bb52px\u00a0\u00bb _builder_version=\u00a0\u00bb4.17.3&Prime; _module_preset=\u00a0\u00bbdefault\u00a0\u00bb hover_enabled=\u00a0\u00bb0&Prime; global_colors_info=\u00a0\u00bb{}\u00a0\u00bb theme_builder_area=\u00a0\u00bbpost_content\u00a0\u00bb sticky_enabled=\u00a0\u00bb0&Prime;]<\/p>\n<h1>Conditions d\u2019utilisation du site<\/h1>\n<p>[\/et_pb_text][et_pb_divider color=\u00a0\u00bb#C2974C\u00a0\u00bb _builder_version=\u00a0\u00bb4.14.2&Prime; _module_preset=\u00a0\u00bbdefault\u00a0\u00bb width=\u00a0\u00bb14%\u00a0\u00bb custom_margin=\u00a0\u00bb0px||16px||false|false\u00a0\u00bb global_module=\u00a0\u00bb1556&Prime; saved_tabs=\u00a0\u00bball\u00a0\u00bb global_colors_info=\u00a0\u00bb{}\u00a0\u00bb theme_builder_area=\u00a0\u00bbpost_content\u00a0\u00bb][\/et_pb_divider][et_pb_text ul_item_indent=\u00a0\u00bb52px\u00a0\u00bb admin_label=\u00a0\u00bbTexte\u00a0\u00bb _builder_version=\u00a0\u00bb4.17.3&Prime; _module_preset=\u00a0\u00bbdefault\u00a0\u00bb text_text_color=\u00a0\u00bb#000000&Prime; header_2_font_size=\u00a0\u00bb20px\u00a0\u00bb hover_enabled=\u00a0\u00bb0&Prime; global_colors_info=\u00a0\u00bb{}\u00a0\u00bb theme_builder_area=\u00a0\u00bbpost_content\u00a0\u00bb sticky_enabled=\u00a0\u00bb0&Prime;]<\/p>\n<h2>I. Editeur responsable<\/h2>\n<p>L\u2019\u00e9diteur responsable du site est l\u2019asbl Association Professionnelle des Courtiers en assurance au Luxembourg (APCAL),\u00a0dont le si\u00e8ge social est \u00e9tabli \u00e0 L-1537 Luxembourg, Rue des Foyers, 3 et inscrite au Registre de commerce et des soci\u00e9t\u00e9s sous le num\u00e9ro F9338.<\/p>\n<h2>II. Acceptation des conditions g\u00e9n\u00e9rales<\/h2>\n<p>Nous vous invitons \u00e0 lire attentivement les conditions g\u00e9n\u00e9rales d\u2019utilisation de notre site, qui sont r\u00e9f\u00e9renc\u00e9es par hyperlien sur chaque page du site. Par votre utilisation du site web, vous les acceptez sans aucune r\u00e9serve.<\/p>\n<p>Ces conditions sont susceptibles de changer, nous vous conseillons donc de les consulter r\u00e9guli\u00e8rement. L\u2019utilisation du site apr\u00e8s que des changements aux pr\u00e9sentes conditions g\u00e9n\u00e9rales d\u2019utilisation aient \u00e9t\u00e9 op\u00e9r\u00e9s signifie que vous acceptez ces changements.<\/p>\n<h2>III. Utilisation du site<\/h2>\n<p>Le contenu de ce site vous est fourni uniquement \u00e0 des fins d\u2019informations g\u00e9n\u00e9rales sur l\u2019APCAL et ses activit\u00e9s. Le contenu de ce site ne peut \u00eatre utilis\u00e9 que dans le cadre des services offerts sur ce site et pour votre usage personnel.<\/p>\n<h2>IV. Utilisation illicite ou interdite<\/h2>\n<p>Vous vous engagez \u00e0 utiliser ce site dans le respect des lois et des mentions l\u00e9gales et contractuelles. Vous ne pouvez l\u2019utiliser d\u2019aucune mani\u00e8re qui pr\u00e9judicierait les int\u00e9r\u00eats de l\u2019APCAL et\/ou de ses membres.<\/p>\n<h2>V. Garanties et limitations de responsabilit\u00e9<\/h2>\n<p>L\u2019utilisation de ce site se fait sous votre responsabilit\u00e9 en tant qu\u2019utilisateur. Tous les \u00e9l\u00e9ments t\u00e9l\u00e9charg\u00e9s ou obtenus lors de l\u2019utilisation du service, le sont \u00e0 vos risques et p\u00e9rils. Vous serez seul responsable pour tout dommage subi par votre ordinateur ou toute perte de donn\u00e9es cons\u00e9cutives au t\u00e9l\u00e9chargement de ces \u00e9l\u00e9ments.<\/p>\n<p>Ce service vous est fourni sur la base d\u2019un service \u00ab en l\u2019\u00e9tat \u00bb et accessible en fonction de sa disponibilit\u00e9. L\u2019APCAL ne peut garantir que ce service sera ininterrompu, opportun, s\u00fbr ou d\u00e9pourvu de toute erreur, que les r\u00e9sultats obtenus en utilisant le service seront exacts et fiables, que les d\u00e9fauts dans les logiciels utilis\u00e9s, s\u2019il en existe, feront l\u2019objet d\u2019une correction.<\/p>\n<p>L\u2019APCAL met en \u0153uvre tous les moyens raisonnables pour publier sur le site des informations qui, \u00e0 sa connaissance, sont \u00e0 jour. L\u2019APCAL ne garantit pas pour autant le caract\u00e8re ad\u00e9quat, la pr\u00e9cision, l\u2019exhaustivit\u00e9 de telles informations ni ne garantit que le site sera en permanence complet et mis \u00e0 jour \u00e0 tous \u00e9gards. Les informations contenues sur ce site peuvent comporter des inexactitudes de contenu, des inexactitudes techniques ou des erreurs de frappe. Ces informations sont fournies \u00e0 titre indicatif et font p\u00e9riodiquement l\u2019objet de modifications.<\/p>\n<p>Ce site Internet contient des liens hypertextes vers d\u2019autres sites ainsi que des renvois \u00e0 d\u2019autres sources d\u2019information. Ces liens et sources d\u2019information sont mis \u00e0 votre disposition \u00e0 titre indicatif uniquement. L\u2019APCAL ne contr\u00f4le les informations qui y figurent. Il ne peut donc offrir aucune garantie quant \u00e0 la qualit\u00e9 et\/ou au caract\u00e8re exhaustif de ces informations.<\/p>\n<p>De mani\u00e8re g\u00e9n\u00e9rale, l\u2019APCAL ne peut, en aucun cas, \u00eatre tenu pour responsable de dommages directs ou indirects, ni d\u2019aucun autre dommage de quelque nature que ce soit, r\u00e9sultant de l\u2019utilisation de ce site ou de l\u2019impossibilit\u00e9 de l\u2019utiliser pour quelque raison que ce soit, que cette responsabilit\u00e9 soit ou non contractuelle, d\u00e9lictuelle ou quasi-d\u00e9lictuelle, ou qu\u2019elle soit fond\u00e9e sur une responsabilit\u00e9 sans faute ou autre, et cela quand bien m\u00eame l\u2019APCAL aurait \u00e9t\u00e9 pr\u00e9venue de l\u2019\u00e9ventualit\u00e9 de tels dommages. L\u2019APCAL ne pourra en aucune mani\u00e8re \u00eatre tenue pour responsable des actes pos\u00e9s par les internautes.<\/p>\n<h2>VI. Contact<\/h2>\n<p>Vous pouvez adresser vos remarques, suggestions ou tout autre commentaire en envoyant un email \u00e0 l\u2019adresse suivante: info@apcal.lu ou par courrier \u00e0 l\u2019adresse suivante: APCAL ASBL, L-1537 Luxembourg, Rue des Foyers, 3.<\/p>\n<h2>VII. Droits de propri\u00e9t\u00e9 intellectuelle<\/h2>\n<p>L\u2019ensemble des \u00e9l\u00e9ments accessibles sur ce site et leur compilation et agencement (textes, photographies, images, icones, logiciels, base de donn\u00e9es, donn\u00e9es, etc.) sont prot\u00e9g\u00e9s par les droits de propri\u00e9t\u00e9 intellectuelle de l\u2019APCAL.<\/p>\n<p>Sauf dispositions explicites, vous ne pouvez, en aucun cas, copier, reproduire, repr\u00e9senter, modifier, transmettre, publier, adapter, distribuer, diffuser, conc\u00e9der sous licence, transf\u00e9rer, vendre, sur quelque support que ce soit, par quelque moyen que ce soit, ou exploiter de quelque mani\u00e8re que ce soit, tout ou partie de ce site sans l\u2019autorisation \u00e9crite pr\u00e9alable de l\u2019APCAL.<\/p>\n<h2>VIII. Protection des donn\u00e9es personnelles<\/h2>\n<p>L\u2019utilisation de ce site peut entra\u00eener le traitement de donn\u00e9es \u00e0 caract\u00e8re personnel par l\u2019APCAL. Nous vous invitons \u00e0 consulter notre <a href=\"https:\/\/apcal.lu\/fr\/protection-sur-la-vie-privee\/\">Notice vie priv\u00e9e<\/a>.<\/p>\n<h2>IX. Accessibilit\u00e9 et compatibilit\u00e9<\/h2>\n<p>Une attention particuli\u00e8re a \u00e9t\u00e9 port\u00e9e au respect des normes de compatibilit\u00e9.<\/p>\n<p>Le site est con\u00e7u pour une consultation sur les principales plateformes informatiques (Windows, Mac OS et Linux). Les navigateurs r\u00e9cents sont \u00e9galement support\u00e9s dans les r\u00e9solutions les plus courantes.<\/p>\n<h2>X. R\u00e8glement des litiges, comp\u00e9tence et loi applicable<\/h2>\n<p>Les pr\u00e9sentes conditions d\u2019utilisation sont r\u00e9gies par les lois luxembourgeoises. Tout litige d\u00e9coulant de, ou li\u00e9 \u00e0 l\u2019utilisation de ce service, fera l\u2019objet d\u2019une conciliation entre parties. En cas d\u2019\u00e9chec de la conciliation, le litige sera soumis \u00e0 la comp\u00e9tence des tribunaux de Luxembourg-Ville.<\/p>\n<p>Une version imprim\u00e9e de cet accord et de toute mention d\u2019avertissement d\u00e9livr\u00e9e sous forme \u00e9lectronique sera accept\u00e9e dans toute proc\u00e9dure judiciaire ou administrative d\u00e9coulant de, ou li\u00e9e \u00e0 cet accord, au m\u00eame titre et dans les m\u00eames conditions que d\u2019autres documents et registres commerciaux cr\u00e9\u00e9s et conserv\u00e9s sous forme imprim\u00e9e.<\/p>\n<p>&nbsp;<\/p>\n<p>[\/et_pb_text][\/et_pb_column][\/et_pb_row][\/et_pb_section]<\/p>\n","protected":false},"excerpt":{"rendered":"<p>Conditions d\u2019utilisation du siteI. Editeur responsable L\u2019\u00e9diteur responsable du site est l\u2019asbl Association Professionnelle des Courtiers en assurance au Luxembourg (APCAL),\u00a0dont le si\u00e8ge social est \u00e9tabli \u00e0 L-1537 Luxembourg, Rue des Foyers, 3 et inscrite au Registre de commerce et des soci\u00e9t\u00e9s sous le num\u00e9ro F9338. II. Acceptation des conditions g\u00e9n\u00e9rales Nous vous invitons \u00e0 [&hellip;]<\/p>\n","protected":false},"author":156,"featured_media":0,"parent":0,"menu_order":0,"comment_status":"closed","ping_status":"closed","template":"","meta":{"_et_pb_use_builder":"on","_et_pb_old_content":"","_et_gb_content_width":"","footnotes":""},"class_list":["post-4777","page","type-page","status-publish","hentry"],"yoast_head":"<!-- This site is optimized with the Yoast SEO plugin v26.7 - https:\/\/yoast.com\/wordpress\/plugins\/seo\/ -->\n<title>Conditions d&#039;utilisation du site - Apcal<\/title>\n<meta name=\"robots\" content=\"index, follow, max-snippet:-1, max-image-preview:large, max-video-preview:-1\" \/>\n<link rel=\"canonical\" href=\"https:\/\/apcal.lu\/fr\/conditions-utilisation-du-site\/\" \/>\n<meta property=\"og:locale\" content=\"fr_FR\" \/>\n<meta property=\"og:type\" content=\"article\" \/>\n<meta property=\"og:title\" content=\"Conditions d&#039;utilisation du site - Apcal\" \/>\n<meta property=\"og:description\" content=\"Conditions d\u2019utilisation du siteI. Editeur responsable L\u2019\u00e9diteur responsable du site est l\u2019asbl Association Professionnelle des Courtiers en assurance au Luxembourg (APCAL),\u00a0dont le si\u00e8ge social est \u00e9tabli \u00e0 L-1537 Luxembourg, Rue des Foyers, 3 et inscrite au Registre de commerce et des soci\u00e9t\u00e9s sous le num\u00e9ro F9338. II. Acceptation des conditions g\u00e9n\u00e9rales Nous vous invitons \u00e0 [&hellip;]\" \/>\n<meta property=\"og:url\" content=\"https:\/\/apcal.lu\/fr\/conditions-utilisation-du-site\/\" \/>\n<meta property=\"og:site_name\" content=\"Apcal\" \/>\n<meta property=\"article:modified_time\" content=\"2023-04-19T09:51:44+00:00\" \/>\n<meta name=\"twitter:card\" content=\"summary_large_image\" \/>\n<meta name=\"twitter:label1\" content=\"Dur\u00e9e de lecture estim\u00e9e\" \/>\n\t<meta name=\"twitter:data1\" content=\"6 minutes\" \/>\n<script type=\"application\/ld+json\" class=\"yoast-schema-graph\">{\"@context\":\"https:\/\/schema.org\",\"@graph\":[{\"@type\":\"WebPage\",\"@id\":\"https:\/\/apcal.lu\/fr\/conditions-utilisation-du-site\/\",\"url\":\"https:\/\/apcal.lu\/fr\/conditions-utilisation-du-site\/\",\"name\":\"Conditions d'utilisation du site - Apcal\",\"isPartOf\":{\"@id\":\"https:\/\/apcal.lu\/fr\/#website\"},\"datePublished\":\"2022-06-20T09:01:20+00:00\",\"dateModified\":\"2023-04-19T09:51:44+00:00\",\"breadcrumb\":{\"@id\":\"https:\/\/apcal.lu\/fr\/conditions-utilisation-du-site\/#breadcrumb\"},\"inLanguage\":\"fr-FR\",\"potentialAction\":[{\"@type\":\"ReadAction\",\"target\":[\"https:\/\/apcal.lu\/fr\/conditions-utilisation-du-site\/\"]}]},{\"@type\":\"BreadcrumbList\",\"@id\":\"https:\/\/apcal.lu\/fr\/conditions-utilisation-du-site\/#breadcrumb\",\"itemListElement\":[{\"@type\":\"ListItem\",\"position\":1,\"name\":\"Accueil\",\"item\":\"https:\/\/apcal.lu\/fr\/\"},{\"@type\":\"ListItem\",\"position\":2,\"name\":\"Conditions d&rsquo;utilisation du site\"}]},{\"@type\":\"WebSite\",\"@id\":\"https:\/\/apcal.lu\/fr\/#website\",\"url\":\"https:\/\/apcal.lu\/fr\/\",\"name\":\"Apcal\",\"description\":\"Association des courtiers en assurance du Luxembourg\",\"potentialAction\":[{\"@type\":\"SearchAction\",\"target\":{\"@type\":\"EntryPoint\",\"urlTemplate\":\"https:\/\/apcal.lu\/fr\/?s={search_term_string}\"},\"query-input\":{\"@type\":\"PropertyValueSpecification\",\"valueRequired\":true,\"valueName\":\"search_term_string\"}}],\"inLanguage\":\"fr-FR\"}]}<\/script>\n<!-- \/ Yoast SEO plugin. -->","yoast_head_json":{"title":"Conditions d'utilisation du site - Apcal","robots":{"index":"index","follow":"follow","max-snippet":"max-snippet:-1","max-image-preview":"max-image-preview:large","max-video-preview":"max-video-preview:-1"},"canonical":"https:\/\/apcal.lu\/fr\/conditions-utilisation-du-site\/","og_locale":"fr_FR","og_type":"article","og_title":"Conditions d'utilisation du site - Apcal","og_description":"Conditions d\u2019utilisation du siteI. Editeur responsable L\u2019\u00e9diteur responsable du site est l\u2019asbl Association Professionnelle des Courtiers en assurance au Luxembourg (APCAL),\u00a0dont le si\u00e8ge social est \u00e9tabli \u00e0 L-1537 Luxembourg, Rue des Foyers, 3 et inscrite au Registre de commerce et des soci\u00e9t\u00e9s sous le num\u00e9ro F9338. II. Acceptation des conditions g\u00e9n\u00e9rales Nous vous invitons \u00e0 [&hellip;]","og_url":"https:\/\/apcal.lu\/fr\/conditions-utilisation-du-site\/","og_site_name":"Apcal","article_modified_time":"2023-04-19T09:51:44+00:00","twitter_card":"summary_large_image","twitter_misc":{"Dur\u00e9e de lecture estim\u00e9e":"6 minutes"},"schema":{"@context":"https:\/\/schema.org","@graph":[{"@type":"WebPage","@id":"https:\/\/apcal.lu\/fr\/conditions-utilisation-du-site\/","url":"https:\/\/apcal.lu\/fr\/conditions-utilisation-du-site\/","name":"Conditions d'utilisation du site - Apcal","isPartOf":{"@id":"https:\/\/apcal.lu\/fr\/#website"},"datePublished":"2022-06-20T09:01:20+00:00","dateModified":"2023-04-19T09:51:44+00:00","breadcrumb":{"@id":"https:\/\/apcal.lu\/fr\/conditions-utilisation-du-site\/#breadcrumb"},"inLanguage":"fr-FR","potentialAction":[{"@type":"ReadAction","target":["https:\/\/apcal.lu\/fr\/conditions-utilisation-du-site\/"]}]},{"@type":"BreadcrumbList","@id":"https:\/\/apcal.lu\/fr\/conditions-utilisation-du-site\/#breadcrumb","itemListElement":[{"@type":"ListItem","position":1,"name":"Accueil","item":"https:\/\/apcal.lu\/fr\/"},{"@type":"ListItem","position":2,"name":"Conditions d&rsquo;utilisation du site"}]},{"@type":"WebSite","@id":"https:\/\/apcal.lu\/fr\/#website","url":"https:\/\/apcal.lu\/fr\/","name":"Apcal","description":"Association des courtiers en assurance du Luxembourg","potentialAction":[{"@type":"SearchAction","target":{"@type":"EntryPoint","urlTemplate":"https:\/\/apcal.lu\/fr\/?s={search_term_string}"},"query-input":{"@type":"PropertyValueSpecification","valueRequired":true,"valueName":"search_term_string"}}],"inLanguage":"fr-FR"}]}},"publishpress_future_workflow_manual_trigger":{"enabledWorkflows":[]},"_links":{"self":[{"href":"https:\/\/apcal.lu\/fr\/wp-json\/wp\/v2\/pages\/4777","targetHints":{"allow":["GET"]}}],"collection":[{"href":"https:\/\/apcal.lu\/fr\/wp-json\/wp\/v2\/pages"}],"about":[{"href":"https:\/\/apcal.lu\/fr\/wp-json\/wp\/v2\/types\/page"}],"author":[{"embeddable":true,"href":"https:\/\/apcal.lu\/fr\/wp-json\/wp\/v2\/users\/156"}],"replies":[{"embeddable":true,"href":"https:\/\/apcal.lu\/fr\/wp-json\/wp\/v2\/comments?post=4777"}],"version-history":[{"count":3,"href":"https:\/\/apcal.lu\/fr\/wp-json\/wp\/v2\/pages\/4777\/revisions"}],"predecessor-version":[{"id":4782,"href":"https:\/\/apcal.lu\/fr\/wp-json\/wp\/v2\/pages\/4777\/revisions\/4782"}],"wp:attachment":[{"href":"https:\/\/apcal.lu\/fr\/wp-json\/wp\/v2\/media?parent=4777"}],"curies":[{"name":"wp","href":"https:\/\/api.w.org\/{rel}","templated":true}]}}