{"id":4415,"date":"2022-04-28T18:32:06","date_gmt":"2022-04-28T16:32:06","guid":{"rendered":"https:\/\/apcal.lu\/?page_id=4415"},"modified":"2022-05-30T11:01:53","modified_gmt":"2022-05-30T09:01:53","slug":"conditions-generales-de-vente","status":"publish","type":"page","link":"https:\/\/apcal.lu\/fr\/conditions-generales-de-vente\/","title":{"rendered":"Conditions g\u00e9n\u00e9rales de vente"},"content":{"rendered":"<p>[et_pb_section fb_built=\u00a0\u00bb1&Prime; _builder_version=\u00a0\u00bb4.16&Prime; _module_preset=\u00a0\u00bbdefault\u00a0\u00bb global_colors_info=\u00a0\u00bb{}\u00a0\u00bb][et_pb_row _builder_version=\u00a0\u00bb4.16&Prime; _module_preset=\u00a0\u00bbdefault\u00a0\u00bb global_colors_info=\u00a0\u00bb{}\u00a0\u00bb][et_pb_column type=\u00a0\u00bb4_4&Prime; _builder_version=\u00a0\u00bb4.16&Prime; _module_preset=\u00a0\u00bbdefault\u00a0\u00bb global_colors_info=\u00a0\u00bb{}\u00a0\u00bb][et_pb_text ul_item_indent=\u00a0\u00bb52px\u00a0\u00bb _builder_version=\u00a0\u00bb4.16&Prime; _module_preset=\u00a0\u00bbdefault\u00a0\u00bb global_colors_info=\u00a0\u00bb{}\u00a0\u00bb]<\/p>\n<h1><span style=\"color: #333333;\">Conditions g\u00e9n\u00e9rales de vente<\/span><\/h1>\n<p>[\/et_pb_text][et_pb_divider color=\u00a0\u00bb#C2974C\u00a0\u00bb _builder_version=\u00a0\u00bb4.14.2&Prime; _module_preset=\u00a0\u00bbdefault\u00a0\u00bb width=\u00a0\u00bb14%\u00a0\u00bb custom_margin=\u00a0\u00bb0px||16px||false|false\u00a0\u00bb global_module=\u00a0\u00bb1556&Prime; saved_tabs=\u00a0\u00bball\u00a0\u00bb global_colors_info=\u00a0\u00bb{}\u00a0\u00bb][\/et_pb_divider][et_pb_text ul_item_indent=\u00a0\u00bb52px\u00a0\u00bb admin_label=\u00a0\u00bbTexte\u00a0\u00bb _builder_version=\u00a0\u00bb4.16&Prime; _module_preset=\u00a0\u00bbdefault\u00a0\u00bb text_text_color=\u00a0\u00bb#000000&Prime; header_2_font_size=\u00a0\u00bb20px\u00a0\u00bb global_colors_info=\u00a0\u00bb{}\u00a0\u00bb]<\/p>\n<ol>\n<li><b><\/b><br \/>\n<h2>GENERALITES<\/h2>\n<\/li>\n<\/ol>\n<ol>\n<li style=\"list-style-type: none;\">\n<ol>\n<li>Les pr\u00e9sentes conditions g\u00e9n\u00e9rales de vente sont applicables, sans restriction ni r\u00e9serve, \u00e0 toutes les commandes et ventes de produits et services (ci-apr\u00e8s d\u00e9sign\u00e9s collectivement \u00ab\u00a0les produits\u00a0\u00bb), tels que, mais sans s\u2019y limiter, des documents-type (ci-apr\u00e8s \u00ab\u00a0les documents\u00a0\u00bb) ou des formations (ci-apr\u00e8s \u00ab\u00a0les formations\u00a0\u00bb), propos\u00e9s par l\u2019APCAL, soit directement via son site Internet, soit autrement .<\/li>\n<\/ol>\n<\/li>\n<\/ol>\n<ol>\n<li style=\"list-style-type: none;\">\n<ol start=\"2\">\n<li>Les produits sont vendus par l\u2019ASBL APCAL, dont le si\u00e8ge social est \u00e9tabli \u00e0 L-1537 Luxembourg, Rue des Foyers, 3 et inscrite au Registre de Commerce et des Soci\u00e9t\u00e9s du Luxembourg sous le num\u00e9ro F9338 (ci-apr\u00e8s \u00ab\u00a0le vendeur\u00a0\u00bb).<\/li>\n<\/ol>\n<\/li>\n<\/ol>\n<ol>\n<li style=\"list-style-type: none;\">\n<ol start=\"3\">\n<li>Les produits sont r\u00e9serv\u00e9s aux acheteurs professionnels (ci-apr\u00e8s \u00ab\u00a0l\u2019acheteur\u00a0\u00bb), \u00e0 l\u2019exclusion des consommateurs. Le consommateur est d\u00e9fini en r\u00e9f\u00e9rence au Code de la consommation luxembourgeois.<\/li>\n<\/ol>\n<\/li>\n<\/ol>\n<ol>\n<li style=\"list-style-type: none;\">\n<ol start=\"4\">\n<li>Les pr\u00e9sentes conditions g\u00e9n\u00e9rales de vente sont pleinement opposables \u00e0 l\u2019acheteur qui d\u00e9clare en avoir pris connaissance et les avoir accept\u00e9es avant la conclusion du contrat de vente.<\/li>\n<\/ol>\n<\/li>\n<\/ol>\n<ol>\n<li style=\"list-style-type: none;\">\n<ol start=\"5\">\n<li>L\u2019acheteur reconnait avoir \u00e9t\u00e9 parfaitement inform\u00e9 des caract\u00e9ristiques des produits et ne sollicite pas d\u2019explication compl\u00e9mentaire.<\/li>\n<\/ol>\n<\/li>\n<\/ol>\n<ol>\n<li style=\"list-style-type: none;\">\n<ol start=\"6\">\n<li><b><\/b>Les pr\u00e9sentes conditions g\u00e9n\u00e9rales de vente pr\u00e9valent en tout \u00e9tat de cause sur les propres conditions g\u00e9n\u00e9rales d\u2019achat de l\u2019acheteur.<\/li>\n<\/ol>\n<\/li>\n<\/ol>\n<ol start=\"2\">\n<li><b><\/b><br \/>\n<h2>PRIX<\/h2>\n<\/li>\n<\/ol>\n<ol>\n<li style=\"list-style-type: none;\">\n<ol>\n<li>Les produits sont vendus aux prix et conditions indiqu\u00e9s sur le site web du vendeur ou communiqu\u00e9s sur demande expresse (produits non standardis\u00e9s). Le vendeur se r\u00e9serve le droit d\u2019augmenter les tarifs \u00e0 tout moment et\/ou de reporter toute nouvelle taxe sur le prix de vente.<\/li>\n<\/ol>\n<\/li>\n<\/ol>\n<ol start=\"2\">\n<li style=\"list-style-type: none;\">\n<ol start=\"2\">\n<li>Les tarifs en vigueur sont exprim\u00e9s toutes charges comprises et s\u2019entendent en euros.<\/li>\n<\/ol>\n<\/li>\n<\/ol>\n<ol start=\"3\">\n<li><b><\/b><br \/>\n<h2>COMMANDE<\/h2>\n<\/li>\n<\/ol>\n<ol>\n<li style=\"list-style-type: none;\">\n<ol>\n<li>Sauf les cas vis\u00e9s \u00e0 l\u2019article 3.2 des pr\u00e9sentes conditions g\u00e9n\u00e9rales, toute commande s\u2019effectue exclusivement par courrier \u00e9lectronique \u00e0 l\u2019adresse suivante\u00a0: <a href=\"mailto:info@apcal.lu\">info@apcal.lu<\/a>. La commande doit \u00eatre pass\u00e9e en fran\u00e7ais, allemand ou anglais et doit mentionner le num\u00e9ro d\u2019inscription de l\u2019acheteur au Registre de Commerce et des Soci\u00e9t\u00e9s du Luxembourg (RCSL) et\/ou, le cas \u00e9ch\u00e9ant, son num\u00e9ro de TVA.<\/li>\n<\/ol>\n<\/li>\n<\/ol>\n<ol start=\"3\">\n<li style=\"list-style-type: none;\">\n<ol start=\"2\">\n<li>Par d\u00e9rogation \u00e0 l\u2019article 3.1 des pr\u00e9sentes conditions g\u00e9n\u00e9rales de vente, certaines commandes peuvent s\u2019effectuer via un prestataire externe (tel que par exemple, Eventbrite pour les formations). Dans ce cas, les conditions g\u00e9n\u00e9rales de vente de ce prestataire sont applicables.<\/li>\n<\/ol>\n<\/li>\n<\/ol>\n<ol start=\"3\">\n<li style=\"list-style-type: none;\">\n<ol start=\"3\">\n<li>Apr\u00e8s r\u00e9ception de la commande, le vendeur confirme la commande et envoie une facture \u00e0 l\u2019acheteur. Les factures sont payables \u00e0 la date d\u2019\u00e9ch\u00e9ance mentionn\u00e9e sur la facture. En cas de non-paiement par l\u2019acheteur \u00e0 la date d\u2019\u00e9ch\u00e9ance mentionn\u00e9e sur la facture, le vendeur se r\u00e9serve le droit d\u2019annuler la commande.<\/li>\n<\/ol>\n<\/li>\n<\/ol>\n<ol start=\"3\">\n<li style=\"list-style-type: none;\">\n<ol start=\"4\">\n<li>Toute demande de modification ou d\u2019annulation d\u2019une commande \u2013 pour autant que ladite commande n\u2019ait pas d\u00e9j\u00e0 \u00e9t\u00e9 effectu\u00e9e \u2013 devra faire l\u2019objet d\u2019une acceptation expresse par le vendeur.<\/li>\n<\/ol>\n<\/li>\n<\/ol>\n<ol start=\"3\">\n<li style=\"list-style-type: none;\">\n<ol start=\"5\">\n<li>Le vendeur ne met pas \u00e0 disposition de l\u2019acheteur un espace de stockage dans lequel seraient stock\u00e9s les \u00e9changes relatifs \u00e0 la commande\/vente, ou les produits. Il appartient \u00e0 l\u2019acheteur de conserver ces diff\u00e9rents \u00e9l\u00e9ments.<\/li>\n<\/ol>\n<\/li>\n<\/ol>\n<ol start=\"4\">\n<li><b><\/b><br \/>\n<h2>LIVRAISON<\/h2>\n<\/li>\n<\/ol>\n<ol>\n<li style=\"list-style-type: none;\">\n<ol>\n<li>Sauf dans les cas o\u00f9 la commande est pass\u00e9e via un prestataire externe (article 3.2. des pr\u00e9sentes conditions g\u00e9n\u00e9rales), les produits ou le titre donnant acc\u00e8s au produit sont livr\u00e9s par courrier \u00e9lectronique le plus rapidement possible apr\u00e8s r\u00e9ception du paiement de la facture vis\u00e9e \u00e0 l\u2019article 3.2 des pr\u00e9sentes conditions g\u00e9n\u00e9rales de vente et au maximum dans un d\u00e9lai de quinze (15) jours \u00e0 compter du lendemain du jour de la r\u00e9ception dudit paiement.<span class=\"Apple-converted-space\">\u00a0<\/span><\/li>\n<\/ol>\n<\/li>\n<\/ol>\n<ol start=\"4\">\n<li style=\"list-style-type: none;\">\n<ol start=\"2\">\n<li>Une fois la livraison des produits effectu\u00e9e, l\u2019acheteur ne dispose plus de la possibilit\u00e9 de modifier ou d\u2019annuler la commande.<\/li>\n<\/ol>\n<\/li>\n<\/ol>\n<ol start=\"5\">\n<li>\n<h2><b><\/b>PROPRIETE INTELLECTUELLE ET INDUSTRIELLE<\/h2>\n<\/li>\n<\/ol>\n<ol>\n<li style=\"list-style-type: none;\">\n<ol>\n<li>Par la vente des documents, l\u2019acheteur devient titulaire d\u2019une licence non exclusive et incessible d\u2019utilisation sur les documents dans les conditions d\u00e9finies dans le pr\u00e9sent article.<span class=\"Apple-converted-space\">\u00a0<\/span><\/li>\n<\/ol>\n<\/li>\n<\/ol>\n<ol start=\"5\">\n<li style=\"list-style-type: none;\">\n<ol start=\"2\">\n<li>En vertu de cette licence, l\u2019acheteur peut utiliser et reproduire les documents exclusivement dans le cadre de l\u2019exercice de son activit\u00e9 professionnelle propre. Toute copie, reproduction ou repr\u00e9sentation, partielle ou totale, pour les commercialiser ou les utiliser autrement que dans le cadre de l\u2019activit\u00e9 professionnelle propre, sur quelque support que ce soit, est interdite et est passible de poursuites judiciaires, qu\u2019elles soient civiles et\/ou p\u00e9nales.<\/li>\n<\/ol>\n<\/li>\n<\/ol>\n<ol start=\"5\">\n<li style=\"list-style-type: none;\">\n<ol start=\"3\">\n<li>L\u2019ensemble des \u00e9l\u00e9ments contenus dans les produits et leur compilation et agencement (texte, logo, noms commerciaux, sigle, ic\u00f4nes, images, etc.) sont prot\u00e9g\u00e9s par les droits de propri\u00e9t\u00e9 intellectuelle du vendeur. L\u2019acheteur s\u2019engage \u00e0 informer le vendeur de toute atteinte qui serait \u00e9ventuellement port\u00e9e aux droits de propri\u00e9t\u00e9 intellectuelle du vendeur sur les produits.<\/li>\n<\/ol>\n<\/li>\n<\/ol>\n<ol start=\"5\">\n<li style=\"list-style-type: none;\">\n<ol start=\"4\">\n<li>L\u2019acheteur s\u2019engage \u00e0 ne pas faire usage des droits de propri\u00e9t\u00e9 intellectuelle du vendeur, sans l\u2019accord \u00e9crit et pr\u00e9alable de celui-ci.<\/li>\n<\/ol>\n<\/li>\n<\/ol>\n<ol start=\"6\">\n<li>\n<h2><b><\/b>RESPONSABILITE<\/h2>\n<\/li>\n<\/ol>\n<ol>\n<li style=\"list-style-type: none;\">\n<ol>\n<li>Les produits sont fournis par le vendeur \u00e0 titre d\u2019information g\u00e9n\u00e9rale en vue d\u2019aider l\u2019acheteur dans sa pratique professionnelle. L\u2019acheteur reconnait qu\u2019ils ne constituent ni des avis juridiques circonstanci\u00e9s, ni des documents \u00e9labor\u00e9s en vue de l\u2019utilisation dans une situation particuli\u00e8re donn\u00e9e.<span class=\"Apple-converted-space\">\u00a0<\/span><\/li>\n<\/ol>\n<\/li>\n<\/ol>\n<ol start=\"6\">\n<li style=\"list-style-type: none;\">\n<ol start=\"2\">\n<li>Le vendeur a \u00e9labor\u00e9 les produits avec soin. Cependant, en raison des changements constants de l\u2019environnement juridique, il ne peut \u00eatre garanti que tous les produits soient en tout temps \u00e0 jour des derni\u00e8res \u00e9volutions. L\u2019utilisation des produits se fait sous l\u2019enti\u00e8re responsabilit\u00e9 de l\u2019acheteur. Celui-ci renonce \u00e0 mettre en cause la responsabilit\u00e9 du vendeur, m\u00eame en cas de lacune, erreur ou inexactitude du contenu des produits.<\/li>\n<\/ol>\n<\/li>\n<\/ol>\n<p>En toute hypoth\u00e8se, la responsabilit\u00e9 du vendeur est limit\u00e9e au remboursement du prix d\u2019achat des produits.<\/p>\n<ol start=\"7\">\n<li>\n<h2><b><\/b>VIE PRIVEE<\/h2>\n<\/li>\n<\/ol>\n<ol>\n<li style=\"list-style-type: none;\">\n<ol>\n<li>La vente des produits peut entrainer le traitement de donn\u00e9es \u00e0 caract\u00e8re personnel. Pour de plus amples informations, veuillez consulter la <a href=\"https:\/\/apcal.lu\/fr\/protection-sur-la-vie-privee\/\">Notice vie priv\u00e9e<\/a>.<\/li>\n<\/ol>\n<\/li>\n<\/ol>\n<ol start=\"8\">\n<li>\n<h2><b><\/b>INVALIDITE<span class=\"Apple-converted-space\">\u00a0<\/span><\/h2>\n<\/li>\n<\/ol>\n<ol>\n<li style=\"list-style-type: none;\">\n<ol>\n<li>Si l\u2019une ou plusieurs clauses des pr\u00e9sentes conditions g\u00e9n\u00e9rales de vente \u00e9tai(en)t d\u00e9clar\u00e9e(s) nulle(s) ou contraire(s) aux lois imp\u00e9ratives, cette nullit\u00e9 n\u2019affecterait pas la validit\u00e9 des autres clauses.<span class=\"Apple-converted-space\">\u00a0<\/span><\/li>\n<\/ol>\n<\/li>\n<\/ol>\n<ol start=\"9\">\n<li>\n<h2><b><\/b>FORCE MAJEURE ET IMPREVISION<\/h2>\n<\/li>\n<\/ol>\n<ol>\n<li style=\"list-style-type: none;\">\n<ol>\n<li>Le vendeur ne peut \u00eatre tenu pour responsable, tant sur le plan contractuel qu\u2019extracontractuel, en cas d\u2019inex\u00e9cution, temporaire ou d\u00e9finitive, de ses obligations lorsque cette inex\u00e9cution r\u00e9sulte d\u2019un cas de force majeure ou fortuit.<\/li>\n<\/ol>\n<\/li>\n<\/ol>\n<p>Seront notamment consid\u00e9r\u00e9s comme des cas de force majeure ou fortuits, les \u00e9v\u00e9nements suivants\u00a0: actes de guerre ou terrorisme, \u00e9meute, manifestations, insurrection, gr\u00e8ves, blocus, lock-out, conditions climatiques exceptionnelles, sinistre affectant les installations de l\u2019\u00e9tablissement du vendeur, indisponibilit\u00e9s des services informatiques et\/ou du site du vendeur, d\u00e9faillances ou retards dans les sous-traitants ou prestataires de services du vendeur, etc.<\/p>\n<ol start=\"9\">\n<li style=\"list-style-type: none;\">\n<ol start=\"2\">\n<li>Si, en raison de circonstances ind\u00e9pendantes de la volont\u00e9 du vendeur, l\u2019ex\u00e9cution de ses obligations en vertu des pr\u00e9sentes conditions g\u00e9n\u00e9rales de vente ne peut \u00eatre poursuivie ou est simplement rendue plus on\u00e9reuse ou difficile, le vendeur et l\u2019acheteur s\u2019engagent \u00e0 n\u00e9gocier de bonne foi et loyalement une adaptation des conditions contractuelles dans un d\u00e9lai raisonnable en vue de r\u00e9tablir l\u2019\u00e9quilibre. \u00c0 d\u00e9faut d\u2019accord dans un d\u00e9lai raisonnable, chacune des parties pourra annuler la commande.<\/li>\n<\/ol>\n<\/li>\n<\/ol>\n<ol start=\"10\">\n<li>\n<h2><b><\/b>DROIT APPLICABLE ET LITIGE<\/h2>\n<\/li>\n<\/ol>\n<ol>\n<li style=\"list-style-type: none;\">\n<ol>\n<li>10.1.Le droit luxembourgeois est applicable aux pr\u00e9sentes conditions g\u00e9n\u00e9rales de vente.<\/li>\n<\/ol>\n<\/li>\n<\/ol>\n<ol start=\"10\">\n<li style=\"list-style-type: none;\">\n<ol start=\"2\">\n<li>En cas de litige, les tribunaux de Luxembourg-Ville seront seuls comp\u00e9tents.<\/li>\n<\/ol>\n<\/li>\n<\/ol>\n<p>[\/et_pb_text][\/et_pb_column][\/et_pb_row][\/et_pb_section]<\/p>\n","protected":false},"excerpt":{"rendered":"<p>Conditions g\u00e9n\u00e9rales de vente GENERALITES Les pr\u00e9sentes conditions g\u00e9n\u00e9rales de vente sont applicables, sans restriction ni r\u00e9serve, \u00e0 toutes les commandes et ventes de produits et services (ci-apr\u00e8s d\u00e9sign\u00e9s collectivement \u00ab\u00a0les produits\u00a0\u00bb), tels que, mais sans s\u2019y limiter, des documents-type (ci-apr\u00e8s \u00ab\u00a0les documents\u00a0\u00bb) ou des formations (ci-apr\u00e8s \u00ab\u00a0les formations\u00a0\u00bb), propos\u00e9s par l\u2019APCAL, soit directement via [&hellip;]<\/p>\n","protected":false},"author":2,"featured_media":0,"parent":0,"menu_order":0,"comment_status":"closed","ping_status":"closed","template":"","meta":{"_et_pb_use_builder":"on","_et_pb_old_content":"","_et_gb_content_width":"","footnotes":""},"class_list":["post-4415","page","type-page","status-publish","hentry"],"yoast_head":"<!-- This site is optimized with the Yoast SEO plugin v26.7 - https:\/\/yoast.com\/wordpress\/plugins\/seo\/ -->\n<title>Conditions g\u00e9n\u00e9rales de vente - Apcal<\/title>\n<meta name=\"robots\" content=\"index, follow, max-snippet:-1, max-image-preview:large, max-video-preview:-1\" \/>\n<link rel=\"canonical\" href=\"https:\/\/apcal.lu\/fr\/conditions-generales-de-vente\/\" \/>\n<meta property=\"og:locale\" content=\"fr_FR\" \/>\n<meta property=\"og:type\" content=\"article\" \/>\n<meta property=\"og:title\" content=\"Conditions g\u00e9n\u00e9rales de vente - Apcal\" \/>\n<meta property=\"og:description\" content=\"Conditions g\u00e9n\u00e9rales de vente GENERALITES Les pr\u00e9sentes conditions g\u00e9n\u00e9rales de vente sont applicables, sans restriction ni r\u00e9serve, \u00e0 toutes les commandes et ventes de produits et services (ci-apr\u00e8s d\u00e9sign\u00e9s collectivement \u00ab\u00a0les produits\u00a0\u00bb), tels que, mais sans s\u2019y limiter, des documents-type (ci-apr\u00e8s \u00ab\u00a0les documents\u00a0\u00bb) ou des formations (ci-apr\u00e8s \u00ab\u00a0les formations\u00a0\u00bb), propos\u00e9s par l\u2019APCAL, soit directement via [&hellip;]\" \/>\n<meta property=\"og:url\" content=\"https:\/\/apcal.lu\/fr\/conditions-generales-de-vente\/\" \/>\n<meta property=\"og:site_name\" content=\"Apcal\" \/>\n<meta property=\"article:modified_time\" content=\"2022-05-30T09:01:53+00:00\" \/>\n<meta name=\"twitter:card\" content=\"summary_large_image\" \/>\n<meta name=\"twitter:label1\" content=\"Dur\u00e9e de lecture estim\u00e9e\" \/>\n\t<meta name=\"twitter:data1\" content=\"7 minutes\" \/>\n<script type=\"application\/ld+json\" class=\"yoast-schema-graph\">{\"@context\":\"https:\/\/schema.org\",\"@graph\":[{\"@type\":\"WebPage\",\"@id\":\"https:\/\/apcal.lu\/fr\/conditions-generales-de-vente\/\",\"url\":\"https:\/\/apcal.lu\/fr\/conditions-generales-de-vente\/\",\"name\":\"Conditions g\u00e9n\u00e9rales de vente - Apcal\",\"isPartOf\":{\"@id\":\"https:\/\/apcal.lu\/fr\/#website\"},\"datePublished\":\"2022-04-28T16:32:06+00:00\",\"dateModified\":\"2022-05-30T09:01:53+00:00\",\"breadcrumb\":{\"@id\":\"https:\/\/apcal.lu\/fr\/conditions-generales-de-vente\/#breadcrumb\"},\"inLanguage\":\"fr-FR\",\"potentialAction\":[{\"@type\":\"ReadAction\",\"target\":[\"https:\/\/apcal.lu\/fr\/conditions-generales-de-vente\/\"]}]},{\"@type\":\"BreadcrumbList\",\"@id\":\"https:\/\/apcal.lu\/fr\/conditions-generales-de-vente\/#breadcrumb\",\"itemListElement\":[{\"@type\":\"ListItem\",\"position\":1,\"name\":\"Accueil\",\"item\":\"https:\/\/apcal.lu\/fr\/\"},{\"@type\":\"ListItem\",\"position\":2,\"name\":\"Conditions g\u00e9n\u00e9rales de vente\"}]},{\"@type\":\"WebSite\",\"@id\":\"https:\/\/apcal.lu\/fr\/#website\",\"url\":\"https:\/\/apcal.lu\/fr\/\",\"name\":\"Apcal\",\"description\":\"Association des courtiers en assurance du Luxembourg\",\"potentialAction\":[{\"@type\":\"SearchAction\",\"target\":{\"@type\":\"EntryPoint\",\"urlTemplate\":\"https:\/\/apcal.lu\/fr\/?s={search_term_string}\"},\"query-input\":{\"@type\":\"PropertyValueSpecification\",\"valueRequired\":true,\"valueName\":\"search_term_string\"}}],\"inLanguage\":\"fr-FR\"}]}<\/script>\n<!-- \/ Yoast SEO plugin. -->","yoast_head_json":{"title":"Conditions g\u00e9n\u00e9rales de vente - Apcal","robots":{"index":"index","follow":"follow","max-snippet":"max-snippet:-1","max-image-preview":"max-image-preview:large","max-video-preview":"max-video-preview:-1"},"canonical":"https:\/\/apcal.lu\/fr\/conditions-generales-de-vente\/","og_locale":"fr_FR","og_type":"article","og_title":"Conditions g\u00e9n\u00e9rales de vente - Apcal","og_description":"Conditions g\u00e9n\u00e9rales de vente GENERALITES Les pr\u00e9sentes conditions g\u00e9n\u00e9rales de vente sont applicables, sans restriction ni r\u00e9serve, \u00e0 toutes les commandes et ventes de produits et services (ci-apr\u00e8s d\u00e9sign\u00e9s collectivement \u00ab\u00a0les produits\u00a0\u00bb), tels que, mais sans s\u2019y limiter, des documents-type (ci-apr\u00e8s \u00ab\u00a0les documents\u00a0\u00bb) ou des formations (ci-apr\u00e8s \u00ab\u00a0les formations\u00a0\u00bb), propos\u00e9s par l\u2019APCAL, soit directement via [&hellip;]","og_url":"https:\/\/apcal.lu\/fr\/conditions-generales-de-vente\/","og_site_name":"Apcal","article_modified_time":"2022-05-30T09:01:53+00:00","twitter_card":"summary_large_image","twitter_misc":{"Dur\u00e9e de lecture estim\u00e9e":"7 minutes"},"schema":{"@context":"https:\/\/schema.org","@graph":[{"@type":"WebPage","@id":"https:\/\/apcal.lu\/fr\/conditions-generales-de-vente\/","url":"https:\/\/apcal.lu\/fr\/conditions-generales-de-vente\/","name":"Conditions g\u00e9n\u00e9rales de vente - Apcal","isPartOf":{"@id":"https:\/\/apcal.lu\/fr\/#website"},"datePublished":"2022-04-28T16:32:06+00:00","dateModified":"2022-05-30T09:01:53+00:00","breadcrumb":{"@id":"https:\/\/apcal.lu\/fr\/conditions-generales-de-vente\/#breadcrumb"},"inLanguage":"fr-FR","potentialAction":[{"@type":"ReadAction","target":["https:\/\/apcal.lu\/fr\/conditions-generales-de-vente\/"]}]},{"@type":"BreadcrumbList","@id":"https:\/\/apcal.lu\/fr\/conditions-generales-de-vente\/#breadcrumb","itemListElement":[{"@type":"ListItem","position":1,"name":"Accueil","item":"https:\/\/apcal.lu\/fr\/"},{"@type":"ListItem","position":2,"name":"Conditions g\u00e9n\u00e9rales de vente"}]},{"@type":"WebSite","@id":"https:\/\/apcal.lu\/fr\/#website","url":"https:\/\/apcal.lu\/fr\/","name":"Apcal","description":"Association des courtiers en assurance du Luxembourg","potentialAction":[{"@type":"SearchAction","target":{"@type":"EntryPoint","urlTemplate":"https:\/\/apcal.lu\/fr\/?s={search_term_string}"},"query-input":{"@type":"PropertyValueSpecification","valueRequired":true,"valueName":"search_term_string"}}],"inLanguage":"fr-FR"}]}},"publishpress_future_workflow_manual_trigger":{"enabledWorkflows":[]},"_links":{"self":[{"href":"https:\/\/apcal.lu\/fr\/wp-json\/wp\/v2\/pages\/4415","targetHints":{"allow":["GET"]}}],"collection":[{"href":"https:\/\/apcal.lu\/fr\/wp-json\/wp\/v2\/pages"}],"about":[{"href":"https:\/\/apcal.lu\/fr\/wp-json\/wp\/v2\/types\/page"}],"author":[{"embeddable":true,"href":"https:\/\/apcal.lu\/fr\/wp-json\/wp\/v2\/users\/2"}],"replies":[{"embeddable":true,"href":"https:\/\/apcal.lu\/fr\/wp-json\/wp\/v2\/comments?post=4415"}],"version-history":[{"count":4,"href":"https:\/\/apcal.lu\/fr\/wp-json\/wp\/v2\/pages\/4415\/revisions"}],"predecessor-version":[{"id":4627,"href":"https:\/\/apcal.lu\/fr\/wp-json\/wp\/v2\/pages\/4415\/revisions\/4627"}],"wp:attachment":[{"href":"https:\/\/apcal.lu\/fr\/wp-json\/wp\/v2\/media?parent=4415"}],"curies":[{"name":"wp","href":"https:\/\/api.w.org\/{rel}","templated":true}]}}