{"id":2251,"date":"2021-10-27T15:20:32","date_gmt":"2021-10-27T13:20:32","guid":{"rendered":"https:\/\/web.apcal.lu\/?page_id=2251"},"modified":"2024-07-31T12:41:50","modified_gmt":"2024-07-31T10:41:50","slug":"protection-sur-la-vie-privee","status":"publish","type":"page","link":"https:\/\/apcal.lu\/fr\/protection-sur-la-vie-privee\/","title":{"rendered":"Protection sur la vie priv\u00e9e"},"content":{"rendered":"<p>[et_pb_section fb_built=\u00a0\u00bb1&Prime; _builder_version=\u00a0\u00bb4.16&Prime; _module_preset=\u00a0\u00bbdefault\u00a0\u00bb global_colors_info=\u00a0\u00bb{}\u00a0\u00bb][et_pb_row _builder_version=\u00a0\u00bb4.16&Prime; _module_preset=\u00a0\u00bbdefault\u00a0\u00bb global_colors_info=\u00a0\u00bb{}\u00a0\u00bb][et_pb_column type=\u00a0\u00bb4_4&Prime; _builder_version=\u00a0\u00bb4.16&Prime; _module_preset=\u00a0\u00bbdefault\u00a0\u00bb global_colors_info=\u00a0\u00bb{}\u00a0\u00bb][et_pb_text ul_item_indent=\u00a0\u00bb52px\u00a0\u00bb _builder_version=\u00a0\u00bb4.24.2&Prime; _module_preset=\u00a0\u00bbdefault\u00a0\u00bb global_colors_info=\u00a0\u00bb{}\u00a0\u00bb]<\/p>\n<h1>Protection sur la vie priv\u00e9e<\/h1>\n<p>[\/et_pb_text][et_pb_divider color=\u00a0\u00bb#C2974C\u00a0\u00bb _builder_version=\u00a0\u00bb4.14.2&Prime; _module_preset=\u00a0\u00bbdefault\u00a0\u00bb width=\u00a0\u00bb14%\u00a0\u00bb custom_margin=\u00a0\u00bb0px||16px||false|false\u00a0\u00bb global_module=\u00a0\u00bb1556&Prime; saved_tabs=\u00a0\u00bball\u00a0\u00bb global_colors_info=\u00a0\u00bb{}\u00a0\u00bb][\/et_pb_divider][et_pb_text ul_item_indent=\u00a0\u00bb52px\u00a0\u00bb admin_label=\u00a0\u00bbTexte\u00a0\u00bb _builder_version=\u00a0\u00bb4.24.2&Prime; _module_preset=\u00a0\u00bbdefault\u00a0\u00bb text_text_color=\u00a0\u00bb#000000&Prime; header_2_font_size=\u00a0\u00bb20px\u00a0\u00bb hover_enabled=\u00a0\u00bb0&Prime; global_colors_info=\u00a0\u00bb{}\u00a0\u00bb sticky_enabled=\u00a0\u00bb0&Prime;]<\/p>\n<div class=\"page\" title=\"Page 1\">\n<div class=\"layoutArea\">\n<div class=\"column\">\n<h2>Qui sommes-nous ?<\/h2>\n<p>L\u2019Association Professionnelle des Courtiers en Assurance au Luxembourg a.s.b.l. (\u00ab APCAL \u00bb ou \u00ab nous \u00bb) collecte vos donn\u00e9es personnelles pour son propre compte, en tant que responsable du traitement.<\/p>\n<h2>Vous pouvez nous joindre via les coordonn\u00e9es suivantes :<\/h2>\n<p>3, rue des Foyers<br \/>L-1537 Luxembourg<br \/>T\u00e9l. : +33 6 19 86 12 81<br \/>E-mail : marketing@apcal.lu<\/p>\n<\/div>\n<\/div>\n<\/div>\n<p>[\/et_pb_text][et_pb_text ul_item_indent=\u00a0\u00bb52px\u00a0\u00bb admin_label=\u00a0\u00bb2015&Prime; _builder_version=\u00a0\u00bb4.17.3&Prime; _module_preset=\u00a0\u00bbdefault\u00a0\u00bb header_2_font_size=\u00a0\u00bb20px\u00a0\u00bb header_2_line_height=\u00a0\u00bb1.4em\u00a0\u00bb global_colors_info=\u00a0\u00bb{}\u00a0\u00bb]<\/p>\n<p>Une donn\u00e9e personnelle est toute information \u00e0 propos d\u2019une personne physique identifi\u00e9e ou identifiable (par exemple le nom d\u2019une personne, sa photo, son num\u00e9ro de t\u00e9l\u00e9phone, un num\u00e9ro de contrat, un mot de passe, etc.).<\/p>\n<p>Le responsable du traitement, au sens de la r\u00e9glementation europ\u00e9enne en mati\u00e8re de protection de la vie priv\u00e9e, est la personne qui d\u00e9termine les finalit\u00e9s et les moyens du traitement des donn\u00e9es personnelles.<\/p>\n<h2>Quelles sont les donn\u00e9es personnelles que nous collectons ?<\/h2>\n<p>Seules les donn\u00e9es personnelles strictement n\u00e9cessaires pour la r\u00e9alisation des finalit\u00e9s \u00e9voqu\u00e9es ci-apr\u00e8s seront trait\u00e9es. Dans le cadre de nos activit\u00e9s et en fonction de votre situation particuli\u00e8re, nous sommes susceptibles de traiter les donn\u00e9es suivantes :<\/p>\n<ul>\n<li>vos donn\u00e9es d\u2019identification et de contact ;<\/li>\n<li>votre identifiant sur notre site Internet ;<\/li>\n<li>votre num\u00e9ro de compte bancaire ;<\/li>\n<li>votre chiffre d\u2019affaires annuel et votre niveau d\u2019adh\u00e9sion<\/li>\n<\/ul>\n<p>si cette information peut \u00eatre connect\u00e9e \u00e0 une personne unique ;\u00a0des informations relatives aux formations auxquelles vous vous inscririez \u00e9ventuellement aupr\u00e8s de l\u2019APCAL ;\u00a0et toute autre information que vous nous fourniriez spontan\u00e9ment.<\/p>\n<p>Dans certains cas, nous sommes amen\u00e9s \u00e0 utiliser des donn\u00e9es personnelles relatives \u00e0 d\u2019autres personnes que vous, et par exemple des donn\u00e9es relatives \u00e0 vos employ\u00e9s, vos repr\u00e9sentants l\u00e9gaux\/statutaires, vos actionnaires\/associ\u00e9s. Si vous nous communiquez de telles donn\u00e9es, vous vous engagez \u00e0 en informer les personnes concern\u00e9es et, si les donn\u00e9es sont des donn\u00e9es relatives \u00e0 la sant\u00e9 de ces personnes, vous vous engagez \u00e0 recueillir leur consentement explicite.<\/p>\n<p>En aucun cas nous ne traitons de donn\u00e9es sensibles.<\/p>\n<h2>\u00c0 quelles fins et sur la base de quel fondement juridique utilisons-nous les donn\u00e9es personnelles ?<\/h2>\n<p>Nous utilisons vos informations personnelles sur la base de notre int\u00e9r\u00eat l\u00e9gitime afin :<\/p>\n<ul>\n<li>d\u2019assurer la gestion administrative de nos membres ;<\/li>\n<li>d\u2019assurer la gestion des cotisations<\/li>\n<li>de g\u00e9rer notre site Internet ;<\/li>\n<li>de g\u00e9rer notre liste de contacts ;<\/li>\n<li>de g\u00e9rer les formations que nous vous proposons ;<\/li>\n<li>d\u2019assurer la gestion de la comptabilit\u00e9 de notre association.<\/li>\n<\/ul>\n<h2>Utilisons-nous vos donn\u00e9es personnelles pour prendre des d\u00e9cisions automatis\u00e9es ?<\/h2>\n<p>Nous n\u2019utilisons pas vos donn\u00e9es \u00e0 des fins de profilage ou en vue de prendre des d\u00e9cisions automatis\u00e9es. Si nous d\u00e9cidons \u00e0 l\u2019avenir de le faire, nous vous en informerons pr\u00e9alablement et vous exposerons la logique sous-jacente \u00e0 une telle prise de d\u00e9cision ainsi que l\u2019importance et les cons\u00e9quences pr\u00e9vues de ce traitement.<\/p>\n<h2>Pourquoi est-il n\u00e9cessaire de nous fournir vos donn\u00e9es personnelles ?<\/h2>\n<p>Si vous refusez de nous fournir les donn\u00e9es demand\u00e9es dans le cadre de certains services (tels que par exemple la gestion des demandes d\u2019adh\u00e9sion, les formations, etc.), nous pourrions nous trouver dans l\u2019impossibilit\u00e9 de donner suite \u00e0 vos demandes.<\/p>\n<h2>Qui a acc\u00e8s \u00e0 vos donn\u00e9es personnelles et \u00e0 qui sont-elles transf\u00e9r\u00e9es ?<\/h2>\n<p>Afin de prot\u00e9ger votre vie priv\u00e9e, les personnes qui sont autoris\u00e9es \u00e0 acc\u00e9der \u00e0 vos donn\u00e9es sont d\u00e9termin\u00e9es avec pr\u00e9cision en fonction de leurs t\u00e2ches.<\/p>\n<p>En aucun cas nous ne vendrons vos donn\u00e9es \u00e0 caract\u00e8re personnel \u00e0 des tiers.<\/p>\n<h2>O\u00f9 transf\u00e9rons-nous vos donn\u00e9es personnelles ?<\/h2>\n<p>En aucun cas nous ne transf\u00e9rerons vos donn\u00e9es personnelles en dehors de l\u2019Espace \u00c9conomique Europ\u00e9en (\u00ab EEE \u00bb).<\/p>\n<h2>Combien de temps vos donn\u00e9es personnelles seront-elles conserv\u00e9es ?<\/h2>\n<p>Nous conserverons vos donn\u00e9es aussi longtemps que :<\/p>\n<ul>\n<li>n\u00e9cessaire pour la r\u00e9alisation des finalit\u00e9s d\u00e9taill\u00e9es ci-avant, ou que ;<\/li>\n<li>une obligation l\u00e9gale impose une telle conservation (par exemple, la conservation des documents comptables) ;<\/li>\n<li>les d\u00e9lais de prescription applicables ne seront pas \u00e9coul\u00e9s, en vue de nous assurer que nous disposons des informations n\u00e9cessaires pour nous prot\u00e9ger de toute action judiciaire.<\/li>\n<\/ul>\n<h2>Quels sont vos droits et comment pouvez-vous les exercer ?<\/h2>\n<p>En tant que personne concern\u00e9e, vous disposez de diff\u00e9rents droits. Vous trouverez ci-dessous une br\u00e8ve description de ces droits et de la mani\u00e8re dont vous pouvez les mettre en \u0153uvre.<\/p>\n<h2>Droit \u00e0 l\u2019information \u2013 Vous pouvez nous adresser toute question concernant l\u2019enregistrement et le traitement de vos donn\u00e9es.<\/h2>\n<p><strong>Droit d\u2019acc\u00e8s<\/strong> \u2013 Vous pouvez, \u00e0 tout moment obtenir la confirmation que des donn\u00e9es \u00e0 caract\u00e8re personnel vous concernant sont trait\u00e9es ou non et, le cas \u00e9ch\u00e9ant, l\u2019acc\u00e8s auxdites donn\u00e9es ainsi qu\u2019une copie gratuite de celles-ci. Toute copie suppl\u00e9mentaire vous sera remise moyennant le paiement pr\u00e9alable de frais administratifs.<\/p>\n<p><strong>Droit \u00e0 la rectification<\/strong> \u2013 Vous pouvez, \u00e0 tout moment, en nous adressant une demande \u00e9crite, obtenir la rectification des donn\u00e9es \u00e0 caract\u00e8re personnel vous concernant qui seraient inexactes. Vous pouvez, de la m\u00eame fa\u00e7on, solliciter que les donn\u00e9es incompl\u00e8tes soient compl\u00e9t\u00e9es.<\/p>\n<p><strong>Droit \u00e0 l\u2019effacement<\/strong> \u2013 Vous pouvez, \u00e0 tout moment, en nous adressant une demande \u00e9crite, obtenir l\u2019effacement de vos donn\u00e9es personnelles, \u00e0 condition que l\u2019un des motifs suivants s\u2019applique :<br \/>les donn\u00e9es ne sont plus n\u00e9cessaires au regard des finalit\u00e9s pour lesquelles elles ont \u00e9t\u00e9 collect\u00e9es et trait\u00e9es ;<br \/>vous avez retir\u00e9 votre consentement sur lequel \u00e9tait fond\u00e9 le traitement ;<br \/>vous vous opposez au traitement et il n\u2019existe pas de motif l\u00e9gitime imp\u00e9rieux pour celui-ci ;<br \/>les donn\u00e9es ont fait l\u2019objet d\u2019un traitement illicite ;<br \/>les donn\u00e9es doivent \u00eatre effac\u00e9es pour respecter une obligation l\u00e9gale.<\/p>\n<p>Droit \u00e0 la limitation du traitement \u2013 Lorsque la limitation du traitement est octroy\u00e9e, les donn\u00e9es \u00e0 caract\u00e8re personnel ne peuvent plus \u00eatre trait\u00e9es qu\u2019avec le consentement de la personne concern\u00e9e, ou pour la constatation, l\u2019exercice ou la d\u00e9fense de droits en justice, ou pour la protection des droits d\u2019une autre personne physique ou morale, ou encore pour des motifs importants d\u2019int\u00e9r\u00eat public.<\/p>\n<p>Vous pouvez solliciter la limitation du traitement pour une des raisons suivantes :<\/p>\n<ul>\n<li>vous contestez l\u2019exactitude des donn\u00e9es \u00e0 caract\u00e8re personnel ;<\/li>\n<li>en cas de traitement illicite ;<\/li>\n<li>nous n\u2019avons plus besoin de vos donn\u00e9es \u00e0 caract\u00e8re personnel aux fins du traitement mais celles-ci vous sont encore n\u00e9cessaires pour la constatation, l\u2019exercice ou la d\u00e9fense de droits en justice ;<\/li>\n<li>vous vous \u00eates oppos\u00e9 au traitement (le traitement sera limit\u00e9 durant la p\u00e9riode n\u00e9cessaire \u00e0 la v\u00e9rification de l\u2019existence de motifs l\u00e9gitimes dans notre chef qui pr\u00e9vaudraient sur les v\u00f4tres).<\/li>\n<\/ul>\n<p><strong>Droit d\u2019opposition \u2013<\/strong> Vous avez le droit de vous opposer, \u00e0 tout moment et en nous envoyant une demande \u00e9crite, pour des raisons tenant \u00e0 votre situation particuli\u00e8re, \u00e0 un traitement de vos donn\u00e9es \u00e0 caract\u00e8re personnel fond\u00e9 sur l\u2019ex\u00e9cution d\u2019une mission d\u2019int\u00e9r\u00eat public ou n\u00e9cessaire aux fins des int\u00e9r\u00eats l\u00e9gitimes que nous poursuivons.<br \/>Nous ne traiterons plus ces donn\u00e9es \u00e0 caract\u00e8re personnel, \u00e0 moins qu\u2019il ne soit d\u00e9montr\u00e9 qu\u2019il existe des motifs l\u00e9gitimes et imp\u00e9rieux pour le traitement qui pr\u00e9valent sur vos int\u00e9r\u00eats et vos droits et libert\u00e9s, ou pour la constatation, l\u2019exercice ou la d\u00e9fense de droits en justice.<br \/>Lorsque vos donn\u00e9es \u00e0 caract\u00e8re personnel sont trait\u00e9es \u00e0 des fins de prospection, vous avez le droit de vous opposer \u00e0 tout moment \u00e0 ce traitement.<\/p>\n<p><strong>Droit \u00e0 la portabilit\u00e9 \u2013<\/strong> Vous avez le droit, en nous envoyant une demande \u00e9crite, de recevoir les donn\u00e9es \u00e0 caract\u00e8re personnel vous concernant que vous nous avez fournies dans un format structur\u00e9, couramment utilis\u00e9 et lisible par machine, et de transmettre ces donn\u00e9es \u00e0 un autre responsable du traitement sans que nous n\u2019y fassions obstacle, lorsque:<br \/>le traitement est fond\u00e9 sur votre consentement ou sur un contrat ; et que<br \/>le traitement est effectu\u00e9 \u00e0 l\u2019aide de proc\u00e9d\u00e9s automatis\u00e9s.<\/p>\n<p><strong>Droit de retrait du consentement \u2013<\/strong> Lorsque le traitement est fond\u00e9 sur votre consentement, vous avez le droit de retirer celui-ci \u00e0 tout moment en nous envoyant une demande \u00e9crite. Le retrait de votre consentement ne portera pas atteinte \u00e0 la lic\u00e9it\u00e9 du traitement fond\u00e9 sur le consentement effectu\u00e9 avant le retrait de celui-ci.<\/p>\n<p><strong>Droit d\u2019introduire une r\u00e9clamation \u2013<\/strong> Nous fournissons nos meilleurs efforts pour veiller au respect de nos obligations l\u00e9gales en mati\u00e8re de protection des donn\u00e9es et pour donner suite le plus rapidement possibilit\u00e9 \u00e0 toute r\u00e9clamation qui nous serait adress\u00e9e \u00e0 cet \u00e9gard. Dans l\u2019hypoth\u00e8se o\u00f9 vous ne seriez pas satisfait de la r\u00e9ponse re\u00e7ue, vous avez la possibilit\u00e9 d\u2019introduire une r\u00e9clamation aupr\u00e8s de l\u2019Autorit\u00e9 de Protection des Donn\u00e9es.<\/p>\n<p><strong>Commission nationale pour la protection des donn\u00e9es<\/strong><br \/>1, avenue du Rock\u2019n\u2019Roll<br \/>L-4361 Esch-sur-Alzette<br \/>T\u00e9l.: +352 26 10 60 -1<br \/><a href=\"http:\/\/www.cnpd.public.lu\/fr\/support\/contact.htm\">Website<\/a><\/p>\n<p>[\/et_pb_text][\/et_pb_column][\/et_pb_row][\/et_pb_section]<\/p>\n","protected":false},"excerpt":{"rendered":"<p>Protection sur la vie priv\u00e9e Qui sommes-nous ? L\u2019Association Professionnelle des Courtiers en Assurance au Luxembourg a.s.b.l. (\u00ab APCAL \u00bb ou \u00ab nous \u00bb) collecte vos donn\u00e9es personnelles pour son propre compte, en tant que responsable du traitement. Vous pouvez nous joindre via les coordonn\u00e9es suivantes : 3, rue des FoyersL-1537 LuxembourgT\u00e9l. : +33 6 [&hellip;]<\/p>\n","protected":false},"author":156,"featured_media":0,"parent":0,"menu_order":0,"comment_status":"closed","ping_status":"closed","template":"","meta":{"_et_pb_use_builder":"on","_et_pb_old_content":"","_et_gb_content_width":"","footnotes":""},"class_list":["post-2251","page","type-page","status-publish","hentry"],"yoast_head":"<!-- This site is optimized with the Yoast SEO plugin v26.7 - https:\/\/yoast.com\/wordpress\/plugins\/seo\/ -->\n<title>Protection sur la vie priv\u00e9e - Apcal<\/title>\n<meta name=\"robots\" content=\"index, follow, max-snippet:-1, max-image-preview:large, max-video-preview:-1\" \/>\n<link rel=\"canonical\" href=\"https:\/\/apcal.lu\/fr\/protection-sur-la-vie-privee\/\" \/>\n<meta property=\"og:locale\" content=\"fr_FR\" \/>\n<meta property=\"og:type\" content=\"article\" \/>\n<meta property=\"og:title\" content=\"Protection sur la vie priv\u00e9e - Apcal\" \/>\n<meta property=\"og:description\" content=\"Protection sur la vie priv\u00e9e Qui sommes-nous ? L\u2019Association Professionnelle des Courtiers en Assurance au Luxembourg a.s.b.l. (\u00ab APCAL \u00bb ou \u00ab nous \u00bb) collecte vos donn\u00e9es personnelles pour son propre compte, en tant que responsable du traitement. Vous pouvez nous joindre via les coordonn\u00e9es suivantes : 3, rue des FoyersL-1537 LuxembourgT\u00e9l. : +33 6 [&hellip;]\" \/>\n<meta property=\"og:url\" content=\"https:\/\/apcal.lu\/fr\/protection-sur-la-vie-privee\/\" \/>\n<meta property=\"og:site_name\" content=\"Apcal\" \/>\n<meta property=\"article:modified_time\" content=\"2024-07-31T10:41:50+00:00\" \/>\n<meta name=\"twitter:card\" content=\"summary_large_image\" \/>\n<meta name=\"twitter:label1\" content=\"Dur\u00e9e de lecture estim\u00e9e\" \/>\n\t<meta name=\"twitter:data1\" content=\"8 minutes\" \/>\n<script type=\"application\/ld+json\" class=\"yoast-schema-graph\">{\"@context\":\"https:\/\/schema.org\",\"@graph\":[{\"@type\":\"WebPage\",\"@id\":\"https:\/\/apcal.lu\/fr\/protection-sur-la-vie-privee\/\",\"url\":\"https:\/\/apcal.lu\/fr\/protection-sur-la-vie-privee\/\",\"name\":\"Protection sur la vie priv\u00e9e - Apcal\",\"isPartOf\":{\"@id\":\"https:\/\/apcal.lu\/fr\/#website\"},\"datePublished\":\"2021-10-27T13:20:32+00:00\",\"dateModified\":\"2024-07-31T10:41:50+00:00\",\"breadcrumb\":{\"@id\":\"https:\/\/apcal.lu\/fr\/protection-sur-la-vie-privee\/#breadcrumb\"},\"inLanguage\":\"fr-FR\",\"potentialAction\":[{\"@type\":\"ReadAction\",\"target\":[\"https:\/\/apcal.lu\/fr\/protection-sur-la-vie-privee\/\"]}]},{\"@type\":\"BreadcrumbList\",\"@id\":\"https:\/\/apcal.lu\/fr\/protection-sur-la-vie-privee\/#breadcrumb\",\"itemListElement\":[{\"@type\":\"ListItem\",\"position\":1,\"name\":\"Accueil\",\"item\":\"https:\/\/apcal.lu\/fr\/\"},{\"@type\":\"ListItem\",\"position\":2,\"name\":\"Protection sur la vie priv\u00e9e\"}]},{\"@type\":\"WebSite\",\"@id\":\"https:\/\/apcal.lu\/fr\/#website\",\"url\":\"https:\/\/apcal.lu\/fr\/\",\"name\":\"Apcal\",\"description\":\"Association des courtiers en assurance du Luxembourg\",\"potentialAction\":[{\"@type\":\"SearchAction\",\"target\":{\"@type\":\"EntryPoint\",\"urlTemplate\":\"https:\/\/apcal.lu\/fr\/?s={search_term_string}\"},\"query-input\":{\"@type\":\"PropertyValueSpecification\",\"valueRequired\":true,\"valueName\":\"search_term_string\"}}],\"inLanguage\":\"fr-FR\"}]}<\/script>\n<!-- \/ Yoast SEO plugin. -->","yoast_head_json":{"title":"Protection sur la vie priv\u00e9e - Apcal","robots":{"index":"index","follow":"follow","max-snippet":"max-snippet:-1","max-image-preview":"max-image-preview:large","max-video-preview":"max-video-preview:-1"},"canonical":"https:\/\/apcal.lu\/fr\/protection-sur-la-vie-privee\/","og_locale":"fr_FR","og_type":"article","og_title":"Protection sur la vie priv\u00e9e - Apcal","og_description":"Protection sur la vie priv\u00e9e Qui sommes-nous ? L\u2019Association Professionnelle des Courtiers en Assurance au Luxembourg a.s.b.l. (\u00ab APCAL \u00bb ou \u00ab nous \u00bb) collecte vos donn\u00e9es personnelles pour son propre compte, en tant que responsable du traitement. Vous pouvez nous joindre via les coordonn\u00e9es suivantes : 3, rue des FoyersL-1537 LuxembourgT\u00e9l. : +33 6 [&hellip;]","og_url":"https:\/\/apcal.lu\/fr\/protection-sur-la-vie-privee\/","og_site_name":"Apcal","article_modified_time":"2024-07-31T10:41:50+00:00","twitter_card":"summary_large_image","twitter_misc":{"Dur\u00e9e de lecture estim\u00e9e":"8 minutes"},"schema":{"@context":"https:\/\/schema.org","@graph":[{"@type":"WebPage","@id":"https:\/\/apcal.lu\/fr\/protection-sur-la-vie-privee\/","url":"https:\/\/apcal.lu\/fr\/protection-sur-la-vie-privee\/","name":"Protection sur la vie priv\u00e9e - Apcal","isPartOf":{"@id":"https:\/\/apcal.lu\/fr\/#website"},"datePublished":"2021-10-27T13:20:32+00:00","dateModified":"2024-07-31T10:41:50+00:00","breadcrumb":{"@id":"https:\/\/apcal.lu\/fr\/protection-sur-la-vie-privee\/#breadcrumb"},"inLanguage":"fr-FR","potentialAction":[{"@type":"ReadAction","target":["https:\/\/apcal.lu\/fr\/protection-sur-la-vie-privee\/"]}]},{"@type":"BreadcrumbList","@id":"https:\/\/apcal.lu\/fr\/protection-sur-la-vie-privee\/#breadcrumb","itemListElement":[{"@type":"ListItem","position":1,"name":"Accueil","item":"https:\/\/apcal.lu\/fr\/"},{"@type":"ListItem","position":2,"name":"Protection sur la vie priv\u00e9e"}]},{"@type":"WebSite","@id":"https:\/\/apcal.lu\/fr\/#website","url":"https:\/\/apcal.lu\/fr\/","name":"Apcal","description":"Association des courtiers en assurance du Luxembourg","potentialAction":[{"@type":"SearchAction","target":{"@type":"EntryPoint","urlTemplate":"https:\/\/apcal.lu\/fr\/?s={search_term_string}"},"query-input":{"@type":"PropertyValueSpecification","valueRequired":true,"valueName":"search_term_string"}}],"inLanguage":"fr-FR"}]}},"publishpress_future_workflow_manual_trigger":{"enabledWorkflows":[]},"_links":{"self":[{"href":"https:\/\/apcal.lu\/fr\/wp-json\/wp\/v2\/pages\/2251","targetHints":{"allow":["GET"]}}],"collection":[{"href":"https:\/\/apcal.lu\/fr\/wp-json\/wp\/v2\/pages"}],"about":[{"href":"https:\/\/apcal.lu\/fr\/wp-json\/wp\/v2\/types\/page"}],"author":[{"embeddable":true,"href":"https:\/\/apcal.lu\/fr\/wp-json\/wp\/v2\/users\/156"}],"replies":[{"embeddable":true,"href":"https:\/\/apcal.lu\/fr\/wp-json\/wp\/v2\/comments?post=2251"}],"version-history":[{"count":8,"href":"https:\/\/apcal.lu\/fr\/wp-json\/wp\/v2\/pages\/2251\/revisions"}],"predecessor-version":[{"id":11862,"href":"https:\/\/apcal.lu\/fr\/wp-json\/wp\/v2\/pages\/2251\/revisions\/11862"}],"wp:attachment":[{"href":"https:\/\/apcal.lu\/fr\/wp-json\/wp\/v2\/media?parent=2251"}],"curies":[{"name":"wp","href":"https:\/\/api.w.org\/{rel}","templated":true}]}}