{"id":2,"date":"2016-05-10T03:48:21","date_gmt":"2016-05-10T03:48:21","guid":{"rendered":"http:\/\/web.apcal.lu\/?page_id=2"},"modified":"2026-04-09T11:38:46","modified_gmt":"2026-04-09T09:38:46","slug":"notre-organisation","status":"publish","type":"page","link":"https:\/\/apcal.lu\/fr\/apcal\/notre-organisation\/","title":{"rendered":"Notre organisation"},"content":{"rendered":"<p>[et_pb_section fb_built=\u00a0\u00bb1&Prime; admin_label=\u00a0\u00bbsection\u00a0\u00bb _builder_version=\u00a0\u00bb4.16&Prime; global_colors_info=\u00a0\u00bb{}\u00a0\u00bb][et_pb_row column_structure=\u00a0\u00bb2_3,1_3&Prime; _builder_version=\u00a0\u00bb4.16&Prime; _module_preset=\u00a0\u00bbdefault\u00a0\u00bb global_colors_info=\u00a0\u00bb{}\u00a0\u00bb][et_pb_column type=\u00a0\u00bb2_3&Prime; _builder_version=\u00a0\u00bb4.16&Prime; _module_preset=\u00a0\u00bbdefault\u00a0\u00bb global_colors_info=\u00a0\u00bb{}\u00a0\u00bb][et_pb_text admin_label=\u00a0\u00bbAdmin\u00a0\u00bb _builder_version=\u00a0\u00bb4.16&Prime; _module_preset=\u00a0\u00bbdefault\u00a0\u00bb text_text_color=\u00a0\u00bb#55547D\u00a0\u00bb global_colors_info=\u00a0\u00bb{}\u00a0\u00bb]<\/p>\n<h1>L&rsquo;APCAL<\/h1>\n<p>[\/et_pb_text][et_pb_divider color=\u00a0\u00bb#C2974C\u00a0\u00bb _builder_version=\u00a0\u00bb4.14.2&Prime; _module_preset=\u00a0\u00bbdefault\u00a0\u00bb width=\u00a0\u00bb14%\u00a0\u00bb custom_margin=\u00a0\u00bb0px||16px||false|false\u00a0\u00bb global_module=\u00a0\u00bb1556&Prime; saved_tabs=\u00a0\u00bball\u00a0\u00bb global_colors_info=\u00a0\u00bb{}\u00a0\u00bb][\/et_pb_divider][et_pb_text admin_label=\u00a0\u00bbAdmin\u00a0\u00bb _builder_version=\u00a0\u00bb4.27.4&Prime; _module_preset=\u00a0\u00bbdefault\u00a0\u00bb text_text_color=\u00a0\u00bb#C2974C\u00a0\u00bb text_font_size=\u00a0\u00bb18px\u00a0\u00bb global_colors_info=\u00a0\u00bb{}\u00a0\u00bb]<\/p>\n<p>Cr\u00e9\u00e9e en 2012, est l\u2019unique Association Professionnelle de Courtiers en Assurances au Grand-duch\u00e9 de Luxembourg b\u00e9n\u00e9ficiant de la reconnaissance des instances officielles du secteur et des autorit\u00e9s politiques du Grand-Duch\u00e9.<\/p>\n<p>Port\u00e9e par les missions d\u2019informations, de formations et de consultations qui lui incombent, l\u2019association assure la repr\u00e9sentativit\u00e9 de la profession au niveau national et international afin de d\u00e9fendre les int\u00e9r\u00eats du courtage et de ses adh\u00e9rents.<\/p>\n<p>[\/et_pb_text][\/et_pb_column][et_pb_column type=\u00a0\u00bb1_3&Prime; _builder_version=\u00a0\u00bb4.16&Prime; _module_preset=\u00a0\u00bbdefault\u00a0\u00bb global_colors_info=\u00a0\u00bb{}\u00a0\u00bb][\/et_pb_column][\/et_pb_row][et_pb_row column_structure=\u00a0\u00bb2_3,1_3&Prime; admin_label=\u00a0\u00bbrow\u00a0\u00bb _builder_version=\u00a0\u00bb4.16&Prime; background_size=\u00a0\u00bbinitial\u00a0\u00bb background_position=\u00a0\u00bbtop_left\u00a0\u00bb background_repeat=\u00a0\u00bbrepeat\u00a0\u00bb collapsed=\u00a0\u00bboff\u00a0\u00bb global_colors_info=\u00a0\u00bb{}\u00a0\u00bb][et_pb_column type=\u00a0\u00bb2_3&Prime; _builder_version=\u00a0\u00bb4.16&Prime; custom_padding=\u00a0\u00bb|||\u00a0\u00bb global_colors_info=\u00a0\u00bb{}\u00a0\u00bb custom_padding__hover=\u00a0\u00bb|||\u00a0\u00bb][et_pb_text ul_item_indent=\u00a0\u00bb52px\u00a0\u00bb _builder_version=\u00a0\u00bb4.27.4&Prime; _module_preset=\u00a0\u00bbdefault\u00a0\u00bb global_colors_info=\u00a0\u00bb{}\u00a0\u00bb]<\/p>\n<h2>Commissions VIE et IARD :<\/h2>\n<p>&nbsp;<\/p>\n<p>Au sein de ces deux comit\u00e9s distincts, les membres travaillent en profondeur sur des sujets plus cibl\u00e9s en relation avec leurs activit\u00e9s respectives.<\/p>\n<p>&nbsp;<\/p>\n<h3>Le but :<\/h3>\n<p>&nbsp;<\/p>\n<p>Rendre l\u2019association de plus en plus en mesure de r\u00e9pondre aux besoins et demandes sp\u00e9cifiques des professionnels confront\u00e9s aux \u00e9volutions du march\u00e9 et aux contraintes l\u00e9gislatives les plus complexes.<\/p>\n<p>&nbsp;<\/p>\n<p>[\/et_pb_text][et_pb_text ul_item_indent=\u00a0\u00bb52px\u00a0\u00bb _builder_version=\u00a0\u00bb4.27.4&Prime; _module_preset=\u00a0\u00bbdefault\u00a0\u00bb custom_margin=\u00a0\u00bb0px|0px|0px|0px|false|false\u00a0\u00bb custom_padding=\u00a0\u00bb0px|0px|0px|0px|false|false\u00a0\u00bb global_colors_info=\u00a0\u00bb{}\u00a0\u00bb]<\/p>\n<h3>Activit\u00e9s des deux commissions :<\/h3>\n<p>&nbsp;<\/p>\n<p>[\/et_pb_text][et_pb_text ul_item_indent=\u00a0\u00bb52px\u00a0\u00bb _builder_version=\u00a0\u00bb4.27.4&Prime; _module_preset=\u00a0\u00bbdefault\u00a0\u00bb global_colors_info=\u00a0\u00bb{}\u00a0\u00bb]<\/p>\n<ul>\n<li>pr\u00e9parer la position de l\u2019APCAL vis-\u00e0-vis des autorit\u00e9s et sur tout projet de r\u00e9glementation;<\/li>\n<li>analyser des sujets sp\u00e9cifiques et proposer des solutions;<\/li>\n<li>promouvoir l\u2019activit\u00e9 Vie et IARD de la place luxembourgeoise;<\/li>\n<li>am\u00e9liorer la qualit\u00e9 du service des courtiers;<\/li>\n<li>r\u00e9pondre \u00e0 toutes questions et pr\u00e9occupations des membres de l\u2019APCAL;<\/li>\n<li>mettre \u00e0 la disposition de ses membres des documents contractuels courtiers \u00ab\u00a0compliant\u00a0\u00bb avec les l\u00e9gislations en vigueur au Luxembourg et dans diff\u00e9rents pays.<\/li>\n<\/ul>\n<p>[\/et_pb_text][et_pb_text ul_item_indent=\u00a0\u00bb52px\u00a0\u00bb disabled_on=\u00a0\u00bboff|off|off\u00a0\u00bb _builder_version=\u00a0\u00bb4.27.4&Prime; _module_preset=\u00a0\u00bbdefault\u00a0\u00bb global_colors_info=\u00a0\u00bb{}\u00a0\u00bb]<\/p>\n<h3>Nos statuts :<\/h3>\n<p>&nbsp;<\/p>\n<p>APCAL vous propose ci-apr\u00e8s une publication de la derni\u00e8re version des statuts tels que modifi\u00e9s par l&rsquo;assembl\u00e9e G\u00e9n\u00e9rale Extraordinaire du 21\/03\/2022 et d\u00e9pos\u00e9s aupr\u00e8s du RCS. Notre association a \u00e9t\u00e9 enregistr\u00e9e en date du 9\/11\/2012.<\/p>\n<p><a href=\"https:\/\/apcal.lu\/download\/statuts-apcal-depot-rcs-11-04-2022\/\"><strong>Document PDF &#8211; Statuts coordonn\u00e9s APCAL\u00a0<\/strong><\/a><\/p>\n<p><strong><\/strong><\/p>\n<p>[\/et_pb_text][et_pb_text _builder_version=\u00a0\u00bb4.27.4&Prime; _module_preset=\u00a0\u00bbdefault\u00a0\u00bb global_colors_info=\u00a0\u00bb{}\u00a0\u00bb]<\/p>\n<h3>Conseil d\u2019administration :<\/h3>\n<p>&nbsp;<\/p>\n<p><strong>Pr\u00e9sident :\u00a0<\/strong>Ga\u00ebtan Evrard<br \/><strong><\/strong><\/p>\n<p><strong>Vice-Pr\u00e9sidents :<\/strong><em><br \/><\/em>Pr\u00e9sident de la Commission Vie : Jean-Fran\u00e7ois Collin<br \/>Pr\u00e9sident de la Commission IARD : Pierre Wax<br \/><strong><\/strong><\/p>\n<p><strong>Tr\u00e9sori\u00e8re :<\/strong> Murielle Daval<br \/><strong><\/strong><\/p>\n<p><strong>Administrateurs :<\/strong>\u00a0 Nathalie Prieur, Edouard Georges, Murielle Daval<br \/><strong><\/strong><\/p>\n<p><strong>Administrateurs suppl\u00e9ants : <\/strong>Philippe Burdeyron\u00a0 \u2013 Andy Bastow\u00a0 \u2013 Candice<br \/>Carpentier &#8211; Martine Schreiner\u00a0 &#8211; Murielle Wuidar\u00a0 \u2013 Nicolas Aerts<\/p>\n<p><strong>Conseillers permanents :<\/strong> Lorenzo Stipulante, Bert Bouton<\/p>\n<p>&nbsp;<\/p>\n<p>[\/et_pb_text][et_pb_image src=\u00a0\u00bbhttps:\/\/apcal.lu\/wp-content\/uploads\/2025\/12\/whole-team.jpg\u00a0\u00bb alt=\u00a0\u00bbCA Apcal\u00a0\u00bb title_text=\u00a0\u00bbwhole team\u00a0\u00bb _builder_version=\u00a0\u00bb4.27.4&Prime; _module_preset=\u00a0\u00bbdefault\u00a0\u00bb border_radii=\u00a0\u00bbon|5px|5px|5px|5px\u00a0\u00bb box_shadow_style=\u00a0\u00bbpreset3&Prime; global_colors_info=\u00a0\u00bb{}\u00a0\u00bb][\/et_pb_image][et_pb_text _builder_version=\u00a0\u00bb4.27.4&Prime; _module_preset=\u00a0\u00bbdefault\u00a0\u00bb global_colors_info=\u00a0\u00bb{}\u00a0\u00bb]<\/p>\n<h3><\/h3>\n<h3><\/h3>\n<h3>Comit\u00e9 de direction\u00a0 :<\/h3>\n<p>&nbsp;<\/p>\n<p style=\"font-weight: 400;\"><strong>Pr\u00e9sident :\u00a0<\/strong>Ga\u00ebtan Evrard<\/p>\n<p style=\"font-weight: 400;\"><strong>Directrice G\u00e9n\u00e9rale :<\/strong> Nathalie Schuh<\/p>\n<p style=\"font-weight: 400;\"><strong>Secr\u00e9taire G\u00e9n\u00e9rale :<\/strong> Val\u00e9rie Pierre<\/p>\n<p style=\"font-weight: 400;\"><strong>Charg\u00e9 de Communication:<\/strong> Pascal Laurent<\/p>\n<p style=\"font-weight: 400;\">[\/et_pb_text][et_pb_image src=\u00a0\u00bbhttps:\/\/apcal.lu\/wp-content\/uploads\/2025\/12\/codir.jpg\u00a0\u00bb alt=\u00a0\u00bbcodir apcal\u00a0\u00bb title_text=\u00a0\u00bbcodir\u00a0\u00bb _builder_version=\u00a0\u00bb4.27.4&Prime; _module_preset=\u00a0\u00bbdefault\u00a0\u00bb border_radii=\u00a0\u00bbon|5px|5px|5px|5px\u00a0\u00bb box_shadow_style=\u00a0\u00bbpreset3&Prime; global_colors_info=\u00a0\u00bb{}\u00a0\u00bb][\/et_pb_image][\/et_pb_column][et_pb_column type=\u00a0\u00bb1_3&Prime; _builder_version=\u00a0\u00bb4.16&Prime; custom_padding=\u00a0\u00bb|||\u00a0\u00bb global_colors_info=\u00a0\u00bb{}\u00a0\u00bb custom_padding__hover=\u00a0\u00bb|||\u00a0\u00bb][\/et_pb_column][\/et_pb_row][et_pb_row _builder_version=\u00a0\u00bb4.16&Prime; _module_preset=\u00a0\u00bbdefault\u00a0\u00bb global_colors_info=\u00a0\u00bb{}\u00a0\u00bb][et_pb_column type=\u00a0\u00bb4_4&Prime; _builder_version=\u00a0\u00bb4.16&Prime; _module_preset=\u00a0\u00bbdefault\u00a0\u00bb global_colors_info=\u00a0\u00bb{}\u00a0\u00bb][et_pb_text _builder_version=\u00a0\u00bb4.27.4&Prime; _module_preset=\u00a0\u00bbdefault\u00a0\u00bb custom_margin=\u00a0\u00bb0px|0px|0px|0px|false|false\u00a0\u00bb custom_padding=\u00a0\u00bb0px|0px|0px|0px|false|false\u00a0\u00bb global_colors_info=\u00a0\u00bb{}\u00a0\u00bb]<\/p>\n<h3>Code de d\u00e9ontologie :<\/h3>\n<p>&nbsp;<\/p>\n<p>[\/et_pb_text][et_pb_text _builder_version=\u00a0\u00bb4.27.4&Prime; _module_preset=\u00a0\u00bbdefault\u00a0\u00bb text_font_size=\u00a0\u00bb14px\u00a0\u00bb header_3_font_size=\u00a0\u00bb16px\u00a0\u00bb global_colors_info=\u00a0\u00bb{}\u00a0\u00bb]<\/p>\n<h3>Code de d\u00e9ontologie<\/h3>\n<p><img decoding=\"async\" class=\"alignnone wp-image-301\" src=\"https:\/\/apcal.lu\/wp-content\/uploads\/2021\/08\/pdf-ico-25-25.png\" alt=\"PDF\" width=\"15\" height=\"18\" \/>\u00a0&#8211; Document APCAL &#8211; code de d\u00e9ontologie<\/p>\n<p>[\/et_pb_text][et_pb_text _builder_version=\u00a0\u00bb4.27.4&Prime; _module_preset=\u00a0\u00bbdefault\u00a0\u00bb text_font_size=\u00a0\u00bb14px\u00a0\u00bb header_3_font_size=\u00a0\u00bb16px\u00a0\u00bb global_colors_info=\u00a0\u00bb{}\u00a0\u00bb]<\/p>\n<h3>Charte de qualit\u00e9 APCAL<\/h3>\n<p><img decoding=\"async\" class=\"alignnone wp-image-301\" src=\"https:\/\/apcal.lu\/wp-content\/uploads\/2021\/08\/pdf-ico-25-25.png\" alt=\"PDF\" width=\"15\" height=\"18\" \/>\u00a0&#8211; Document APCAL &#8211; <a href=\"\/wp-content\/uploads\/2021\/10\/APCAL-Charte-de-qualite-du-courtier-assurances.pdf\">charte de qualit\u00e9 APCAL du courtier d&rsquo;assurance<\/a><\/p>\n<p>[\/et_pb_text][\/et_pb_column][\/et_pb_row][et_pb_row column_structure=\u00a0\u00bb1_2,1_2&Prime; _builder_version=\u00a0\u00bb4.16&Prime; _module_preset=\u00a0\u00bbdefault\u00a0\u00bb custom_padding=\u00a0\u00bb100px||||false|false\u00a0\u00bb global_colors_info=\u00a0\u00bb{}\u00a0\u00bb][et_pb_column type=\u00a0\u00bb1_2&Prime; _builder_version=\u00a0\u00bb4.16&Prime; _module_preset=\u00a0\u00bbdefault\u00a0\u00bb global_colors_info=\u00a0\u00bb{}\u00a0\u00bb][et_pb_text _builder_version=\u00a0\u00bb4.27.4&Prime; _module_preset=\u00a0\u00bbdefault\u00a0\u00bb global_colors_info=\u00a0\u00bb{}\u00a0\u00bb]<\/p>\n<h3>Secr\u00e9tariat :<\/h3>\n<p><strong>Val\u00e9rie Pierre<\/strong><\/p>\n<p>Tel. : +352 26 48 19 35<br \/>Email : <a href=\"mailto:valerie.pierre@apcal.lu\">valerie.pierre@apcal.lu<\/a><\/p>\n<p>[\/et_pb_text][et_pb_text _builder_version=\u00a0\u00bb4.27.4&Prime; _module_preset=\u00a0\u00bbdefault\u00a0\u00bb global_colors_info=\u00a0\u00bb{}\u00a0\u00bb]<\/p>\n<h3>Communication :<\/h3>\n<p><strong>Pascal Laurent<\/strong><\/p>\n<p>Tel. : +352 26 48 19 35<br \/>Email : <a href=\"mailto:pascal.laurent@apcal.lu\">pascal.laurent@apcal.lu<\/a><\/p>\n<p>&nbsp;<\/p>\n<h3>Nos bureaux administratifs :<\/h3>\n<p>16B Robert Schuman-Strooss<\/p>\n<p>L &#8211; 5751 FRISANGE<\/p>\n<p>Tel. : +352 26 48 19 35<\/p>\n<p>Contact : <a href=\"mailto:info@apcal.lu\">info@apcal.lu<\/a><\/p>\n<p>&nbsp;<\/p>\n<p>[\/et_pb_text][\/et_pb_column][et_pb_column type=\u00a0\u00bb1_2&Prime; _builder_version=\u00a0\u00bb4.16&Prime; _module_preset=\u00a0\u00bbdefault\u00a0\u00bb global_colors_info=\u00a0\u00bb{}\u00a0\u00bb][et_pb_text _builder_version=\u00a0\u00bb4.27.4&Prime; _module_preset=\u00a0\u00bbdefault\u00a0\u00bb global_colors_info=\u00a0\u00bb{}\u00a0\u00bb]<\/p>\n<h3><span lang=\"EN-US\" xml:lang=\"EN-US\">Direction G\u00e9n\u00e9rale :<\/span><\/h3>\n<p><strong>Nathalie Schuh<\/strong><b><span><\/span><\/b><\/p>\n<p>Mob. :<span>\u00a0+33 6 19 86 12 81<br \/>Email :\u00a0<a href=\"mailto:sabine.lallier@apcal.lu\">nathalie.schuh@apcal.lu<\/a><\/span><a href=\"mailto:valerie.pierre@apcal.lu\"><\/a><\/p>\n<p>[\/et_pb_text][\/et_pb_column][\/et_pb_row][\/et_pb_section]<\/p>\n","protected":false},"excerpt":{"rendered":"<p>L&rsquo;APCALCr\u00e9\u00e9e en 2012, est l\u2019unique Association Professionnelle de Courtiers en Assurances au Grand-duch\u00e9 de Luxembourg b\u00e9n\u00e9ficiant de la reconnaissance des instances officielles du secteur et des autorit\u00e9s politiques du Grand-Duch\u00e9. Port\u00e9e par les missions d\u2019informations, de formations et de consultations qui lui incombent, l\u2019association assure la repr\u00e9sentativit\u00e9 de la profession au niveau national et international [&hellip;]<\/p>\n","protected":false},"author":1,"featured_media":0,"parent":6,"menu_order":0,"comment_status":"closed","ping_status":"closed","template":"","meta":{"_et_pb_use_builder":"on","_et_pb_old_content":"<!-- wp:file {\"id\":284,\"href\":\"https:\/\/apcal.lu\/wp-content\/uploads\/2021\/08\/2021-08-27-Kick-Off-digitalisation-APCAL-002.pdf\"} -->\r\n<div class=\"wp-block-file\"><a href=\"https:\/\/apcal.lu\/wp-content\/uploads\/2021\/08\/2021-08-27-Kick-Off-digitalisation-APCAL-002.pdf\">Kick Off Digitalisation APCAL 2021 08 27<\/a><a href=\"https:\/\/apcal.lu\/wp-content\/uploads\/2021\/08\/2021-08-27-Kick-Off-digitalisation-APCAL-002.pdf\" class=\"wp-block-file__button\" download>T\u00e9l\u00e9charger<\/a><\/div>\r\n<!-- \/wp:file -->\r\n\r\n<!-- wp:columns -->\r\n<div class=\"wp-block-columns\"><!-- wp:column -->\r\n<div class=\"wp-block-column\"><!-- wp:file {\"id\":284,\"href\":\"https:\/\/apcal.lu\/wp-content\/uploads\/2021\/08\/2021-08-27-Kick-Off-digitalisation-APCAL-002.pdf\"} -->\r\n<div class=\"wp-block-file\"><a href=\"https:\/\/apcal.lu\/wp-content\/uploads\/2021\/08\/2021-08-27-Kick-Off-digitalisation-APCAL-002.pdf\">Kick Off Digitalisation APCAL 2021 08 31<\/a><a href=\"https:\/\/apcal.lu\/wp-content\/uploads\/2021\/08\/2021-08-27-Kick-Off-digitalisation-APCAL-002.pdf\" class=\"wp-block-file__button\" download>T\u00e9l\u00e9charger<\/a><\/div>\r\n<!-- \/wp:file -->\r\n\r\n<!-- wp:paragraph -->\r\n<p><\/p>\r\n<!-- \/wp:paragraph --><\/div>\r\n<!-- \/wp:column --><\/div>\r\n<!-- \/wp:columns -->\r\n\r\n<!-- wp:paragraph -->\r\n<p><\/p>\r\n<!-- \/wp:paragraph -->\r\n\r\n<!-- wp:quote -->\r\n<blockquote class=\"wp-block-quote\"><p>Hi there! I'm a bike messenger by day, aspiring actor by night, and this is my website. I live in Los Angeles, have a great dog named Jack, and I like pi\u00f1a coladas. (And gettin' caught in the rain.)<\/p><\/blockquote>\r\n<!-- \/wp:quote -->\r\n\r\n<!-- wp:paragraph -->\r\n<p>This is an example page. It's different from a blog post because it will stay in one place and will show up in your site navigation (in most themes). Most people start with an About page that introduces them to potential site visitors. It might say something like this:<\/p>\r\n<!-- \/wp:paragraph -->\r\n\r\n<!-- wp:paragraph -->\r\n<p>...or something like this:<\/p>\r\n<!-- \/wp:paragraph -->\r\n\r\n<!-- wp:quote -->\r\n<blockquote class=\"wp-block-quote\"><p>The XYZ Doohickey Company was founded in 1971, and has been providing quality doohickeys to the public ever since. Located in Gotham City, XYZ employs over 2,000 people and does all kinds of awesome things for the Gotham community.<\/p><\/blockquote>\r\n<!-- \/wp:quote -->\r\n\r\n<!-- wp:paragraph -->\r\n<p>As a new WordPress user, you should go to <a href=\"https:\/\/apcal.lu\/wp-admin\/\">your dashboard<\/a> to delete this page and create new pages for your content. Have fun!<\/p>\r\n<!-- \/wp:paragraph -->","_et_gb_content_width":"1080","footnotes":""},"class_list":["post-2","page","type-page","status-publish","hentry"],"yoast_head":"<!-- This site is optimized with the Yoast SEO plugin v26.7 - https:\/\/yoast.com\/wordpress\/plugins\/seo\/ -->\n<title>Notre organisation - Apcal<\/title>\n<meta name=\"robots\" content=\"index, follow, max-snippet:-1, max-image-preview:large, max-video-preview:-1\" \/>\n<link rel=\"canonical\" href=\"https:\/\/apcal.lu\/fr\/apcal\/notre-organisation\/\" \/>\n<meta property=\"og:locale\" content=\"fr_FR\" \/>\n<meta property=\"og:type\" content=\"article\" \/>\n<meta property=\"og:title\" content=\"Notre organisation - Apcal\" \/>\n<meta property=\"og:description\" content=\"L&#039;APCALCr\u00e9\u00e9e en 2012, est l\u2019unique Association Professionnelle de Courtiers en Assurances au Grand-duch\u00e9 de Luxembourg b\u00e9n\u00e9ficiant de la reconnaissance des instances officielles du secteur et des autorit\u00e9s politiques du Grand-Duch\u00e9. Port\u00e9e par les missions d\u2019informations, de formations et de consultations qui lui incombent, l\u2019association assure la repr\u00e9sentativit\u00e9 de la profession au niveau national et international [&hellip;]\" \/>\n<meta property=\"og:url\" content=\"https:\/\/apcal.lu\/fr\/apcal\/notre-organisation\/\" \/>\n<meta property=\"og:site_name\" content=\"Apcal\" \/>\n<meta property=\"article:modified_time\" content=\"2026-04-09T09:38:46+00:00\" \/>\n<meta property=\"og:image\" content=\"https:\/\/apcal.lu\/wp-content\/uploads\/2021\/08\/pdf-ico-25-25.png\" \/>\n<meta name=\"twitter:card\" content=\"summary_large_image\" \/>\n<meta name=\"twitter:label1\" content=\"Dur\u00e9e de lecture estim\u00e9e\" \/>\n\t<meta name=\"twitter:data1\" content=\"5 minutes\" \/>\n<script type=\"application\/ld+json\" class=\"yoast-schema-graph\">{\"@context\":\"https:\/\/schema.org\",\"@graph\":[{\"@type\":\"WebPage\",\"@id\":\"https:\/\/apcal.lu\/fr\/apcal\/notre-organisation\/\",\"url\":\"https:\/\/apcal.lu\/fr\/apcal\/notre-organisation\/\",\"name\":\"Notre organisation - Apcal\",\"isPartOf\":{\"@id\":\"https:\/\/apcal.lu\/fr\/#website\"},\"primaryImageOfPage\":{\"@id\":\"https:\/\/apcal.lu\/fr\/apcal\/notre-organisation\/#primaryimage\"},\"image\":{\"@id\":\"https:\/\/apcal.lu\/fr\/apcal\/notre-organisation\/#primaryimage\"},\"thumbnailUrl\":\"https:\/\/apcal.lu\/wp-content\/uploads\/2021\/08\/pdf-ico-25-25.png\",\"datePublished\":\"2016-05-10T03:48:21+00:00\",\"dateModified\":\"2026-04-09T09:38:46+00:00\",\"breadcrumb\":{\"@id\":\"https:\/\/apcal.lu\/fr\/apcal\/notre-organisation\/#breadcrumb\"},\"inLanguage\":\"fr-FR\",\"potentialAction\":[{\"@type\":\"ReadAction\",\"target\":[\"https:\/\/apcal.lu\/fr\/apcal\/notre-organisation\/\"]}]},{\"@type\":\"ImageObject\",\"inLanguage\":\"fr-FR\",\"@id\":\"https:\/\/apcal.lu\/fr\/apcal\/notre-organisation\/#primaryimage\",\"url\":\"https:\/\/apcal.lu\/wp-content\/uploads\/2021\/08\/pdf-ico-25-25.png\",\"contentUrl\":\"https:\/\/apcal.lu\/wp-content\/uploads\/2021\/08\/pdf-ico-25-25.png\"},{\"@type\":\"BreadcrumbList\",\"@id\":\"https:\/\/apcal.lu\/fr\/apcal\/notre-organisation\/#breadcrumb\",\"itemListElement\":[{\"@type\":\"ListItem\",\"position\":1,\"name\":\"Accueil\",\"item\":\"https:\/\/apcal.lu\/fr\/\"},{\"@type\":\"ListItem\",\"position\":2,\"name\":\"APCAL\",\"item\":\"https:\/\/apcal.lu\/fr\/\"},{\"@type\":\"ListItem\",\"position\":3,\"name\":\"Notre organisation\"}]},{\"@type\":\"WebSite\",\"@id\":\"https:\/\/apcal.lu\/fr\/#website\",\"url\":\"https:\/\/apcal.lu\/fr\/\",\"name\":\"Apcal\",\"description\":\"Association des courtiers en assurance du Luxembourg\",\"potentialAction\":[{\"@type\":\"SearchAction\",\"target\":{\"@type\":\"EntryPoint\",\"urlTemplate\":\"https:\/\/apcal.lu\/fr\/?s={search_term_string}\"},\"query-input\":{\"@type\":\"PropertyValueSpecification\",\"valueRequired\":true,\"valueName\":\"search_term_string\"}}],\"inLanguage\":\"fr-FR\"}]}<\/script>\n<!-- \/ Yoast SEO plugin. -->","yoast_head_json":{"title":"Notre organisation - Apcal","robots":{"index":"index","follow":"follow","max-snippet":"max-snippet:-1","max-image-preview":"max-image-preview:large","max-video-preview":"max-video-preview:-1"},"canonical":"https:\/\/apcal.lu\/fr\/apcal\/notre-organisation\/","og_locale":"fr_FR","og_type":"article","og_title":"Notre organisation - Apcal","og_description":"L'APCALCr\u00e9\u00e9e en 2012, est l\u2019unique Association Professionnelle de Courtiers en Assurances au Grand-duch\u00e9 de Luxembourg b\u00e9n\u00e9ficiant de la reconnaissance des instances officielles du secteur et des autorit\u00e9s politiques du Grand-Duch\u00e9. Port\u00e9e par les missions d\u2019informations, de formations et de consultations qui lui incombent, l\u2019association assure la repr\u00e9sentativit\u00e9 de la profession au niveau national et international [&hellip;]","og_url":"https:\/\/apcal.lu\/fr\/apcal\/notre-organisation\/","og_site_name":"Apcal","article_modified_time":"2026-04-09T09:38:46+00:00","og_image":[{"url":"https:\/\/apcal.lu\/wp-content\/uploads\/2021\/08\/pdf-ico-25-25.png","type":"","width":"","height":""}],"twitter_card":"summary_large_image","twitter_misc":{"Dur\u00e9e de lecture estim\u00e9e":"5 minutes"},"schema":{"@context":"https:\/\/schema.org","@graph":[{"@type":"WebPage","@id":"https:\/\/apcal.lu\/fr\/apcal\/notre-organisation\/","url":"https:\/\/apcal.lu\/fr\/apcal\/notre-organisation\/","name":"Notre organisation - Apcal","isPartOf":{"@id":"https:\/\/apcal.lu\/fr\/#website"},"primaryImageOfPage":{"@id":"https:\/\/apcal.lu\/fr\/apcal\/notre-organisation\/#primaryimage"},"image":{"@id":"https:\/\/apcal.lu\/fr\/apcal\/notre-organisation\/#primaryimage"},"thumbnailUrl":"https:\/\/apcal.lu\/wp-content\/uploads\/2021\/08\/pdf-ico-25-25.png","datePublished":"2016-05-10T03:48:21+00:00","dateModified":"2026-04-09T09:38:46+00:00","breadcrumb":{"@id":"https:\/\/apcal.lu\/fr\/apcal\/notre-organisation\/#breadcrumb"},"inLanguage":"fr-FR","potentialAction":[{"@type":"ReadAction","target":["https:\/\/apcal.lu\/fr\/apcal\/notre-organisation\/"]}]},{"@type":"ImageObject","inLanguage":"fr-FR","@id":"https:\/\/apcal.lu\/fr\/apcal\/notre-organisation\/#primaryimage","url":"https:\/\/apcal.lu\/wp-content\/uploads\/2021\/08\/pdf-ico-25-25.png","contentUrl":"https:\/\/apcal.lu\/wp-content\/uploads\/2021\/08\/pdf-ico-25-25.png"},{"@type":"BreadcrumbList","@id":"https:\/\/apcal.lu\/fr\/apcal\/notre-organisation\/#breadcrumb","itemListElement":[{"@type":"ListItem","position":1,"name":"Accueil","item":"https:\/\/apcal.lu\/fr\/"},{"@type":"ListItem","position":2,"name":"APCAL","item":"https:\/\/apcal.lu\/fr\/"},{"@type":"ListItem","position":3,"name":"Notre organisation"}]},{"@type":"WebSite","@id":"https:\/\/apcal.lu\/fr\/#website","url":"https:\/\/apcal.lu\/fr\/","name":"Apcal","description":"Association des courtiers en assurance du Luxembourg","potentialAction":[{"@type":"SearchAction","target":{"@type":"EntryPoint","urlTemplate":"https:\/\/apcal.lu\/fr\/?s={search_term_string}"},"query-input":{"@type":"PropertyValueSpecification","valueRequired":true,"valueName":"search_term_string"}}],"inLanguage":"fr-FR"}]}},"publishpress_future_workflow_manual_trigger":{"enabledWorkflows":[]},"_links":{"self":[{"href":"https:\/\/apcal.lu\/fr\/wp-json\/wp\/v2\/pages\/2","targetHints":{"allow":["GET"]}}],"collection":[{"href":"https:\/\/apcal.lu\/fr\/wp-json\/wp\/v2\/pages"}],"about":[{"href":"https:\/\/apcal.lu\/fr\/wp-json\/wp\/v2\/types\/page"}],"author":[{"embeddable":true,"href":"https:\/\/apcal.lu\/fr\/wp-json\/wp\/v2\/users\/1"}],"replies":[{"embeddable":true,"href":"https:\/\/apcal.lu\/fr\/wp-json\/wp\/v2\/comments?post=2"}],"version-history":[{"count":83,"href":"https:\/\/apcal.lu\/fr\/wp-json\/wp\/v2\/pages\/2\/revisions"}],"predecessor-version":[{"id":17197,"href":"https:\/\/apcal.lu\/fr\/wp-json\/wp\/v2\/pages\/2\/revisions\/17197"}],"up":[{"embeddable":true,"href":"https:\/\/apcal.lu\/fr\/wp-json\/wp\/v2\/pages\/6"}],"wp:attachment":[{"href":"https:\/\/apcal.lu\/fr\/wp-json\/wp\/v2\/media?parent=2"}],"curies":[{"name":"wp","href":"https:\/\/api.w.org\/{rel}","templated":true}]}}