{"id":10,"date":"2021-06-26T07:56:46","date_gmt":"2021-06-26T07:56:46","guid":{"rendered":"https:\/\/web.apcal.lu\/?page_id=10"},"modified":"2026-04-09T11:49:08","modified_gmt":"2026-04-09T09:49:08","slug":"contact","status":"publish","type":"page","link":"https:\/\/apcal.lu\/fr\/contact\/","title":{"rendered":"Contact"},"content":{"rendered":"<p>[et_pb_section fb_built=\u00a0\u00bb1&Prime; _builder_version=\u00a0\u00bb4.16&Prime; _module_preset=\u00a0\u00bbdefault\u00a0\u00bb global_colors_info=\u00a0\u00bb{}\u00a0\u00bb][et_pb_row _builder_version=\u00a0\u00bb4.16&Prime; _module_preset=\u00a0\u00bbdefault\u00a0\u00bb custom_padding=\u00a0\u00bb||0px|||\u00a0\u00bb global_colors_info=\u00a0\u00bb{}\u00a0\u00bb][et_pb_column type=\u00a0\u00bb4_4&Prime; _builder_version=\u00a0\u00bb4.16&Prime; _module_preset=\u00a0\u00bbdefault\u00a0\u00bb global_colors_info=\u00a0\u00bb{}\u00a0\u00bb][et_pb_text _builder_version=\u00a0\u00bb4.16&Prime; _module_preset=\u00a0\u00bbdefault\u00a0\u00bb global_colors_info=\u00a0\u00bb{}\u00a0\u00bb]<\/p>\n<h1>L&rsquo;APCAL<\/h1>\n<p>[\/et_pb_text][et_pb_divider _builder_version=\u00a0\u00bb4.14.2&Prime; _module_preset=\u00a0\u00bbdefault\u00a0\u00bb width=\u00a0\u00bb14%\u00a0\u00bb custom_margin=\u00a0\u00bb0px||16px||false|false\u00a0\u00bb global_module=\u00a0\u00bb1556&Prime; saved_tabs=\u00a0\u00bball\u00a0\u00bb global_colors_info=\u00a0\u00bb{}\u00a0\u00bb][\/et_pb_divider][et_pb_text _builder_version=\u00a0\u00bb4.16&Prime; _module_preset=\u00a0\u00bbdefault\u00a0\u00bb width=\u00a0\u00bb80%\u00a0\u00bb global_colors_info=\u00a0\u00bb{}\u00a0\u00bb]<\/p>\n<p><span>L\u2019APCAL constitue la seule association repr\u00e9sentative du courtage en assurances au Luxembourg et rev\u00eat la forme juridique d\u2019une ASBL.<\/span><\/p>\n<p>[\/et_pb_text][et_pb_image src=\u00a0\u00bbhttps:\/\/apcal.lu\/wp-content\/uploads\/2025\/12\/board-1.jpg\u00a0\u00bb alt=\u00a0\u00bbcomit\u00e9 direction Apcal\u00a0\u00bb title_text=\u00a0\u00bbboard\u00a0\u00bb _builder_version=\u00a0\u00bb4.27.4&Prime; _module_preset=\u00a0\u00bbdefault\u00a0\u00bb box_shadow_style=\u00a0\u00bbpreset3&Prime; global_colors_info=\u00a0\u00bb{}\u00a0\u00bb][\/et_pb_image][\/et_pb_column][\/et_pb_row][et_pb_row column_structure=\u00a0\u00bb1_2,1_2&Prime; _builder_version=\u00a0\u00bb4.24.2&Prime; _module_preset=\u00a0\u00bbdefault\u00a0\u00bb custom_margin=\u00a0\u00bb40px||||false|false\u00a0\u00bb global_colors_info=\u00a0\u00bb{}\u00a0\u00bb][et_pb_column type=\u00a0\u00bb1_2&Prime; _builder_version=\u00a0\u00bb4.17.3&Prime; _module_preset=\u00a0\u00bbdefault\u00a0\u00bb global_colors_info=\u00a0\u00bb{}\u00a0\u00bb][et_pb_text _builder_version=\u00a0\u00bb4.27.4&Prime; _module_preset=\u00a0\u00bbdefault\u00a0\u00bb link_font=\u00a0\u00bb||||on||||\u00a0\u00bb hover_enabled=\u00a0\u00bb0&Prime; global_colors_info=\u00a0\u00bb{}\u00a0\u00bb sticky_enabled=\u00a0\u00bb0&Prime;]<\/p>\n<h4><strong>Si\u00e8ge social et bureaux administratifs<\/strong><\/h4>\n<p><strong>APCA Luxembourg ASBL<\/strong><\/p>\n<p><span>16B rue Robert Schuman<\/span><\/p>\n<p><span>L-5751<\/span><\/p>\n<p><span>Frisange<\/span><\/p>\n<p><a href=\"mailto:info@apcal.lu\">info@apcal.lu<\/a><\/p>\n<p>[\/et_pb_text][et_pb_social_media_follow _builder_version=\u00a0\u00bb4.16&Prime; _module_preset=\u00a0\u00bbdefault\u00a0\u00bb custom_button=\u00a0\u00bbon\u00a0\u00bb button_text_color=\u00a0\u00bb#16247F\u00a0\u00bb global_colors_info=\u00a0\u00bb{}\u00a0\u00bb][et_pb_social_media_follow_network social_network=\u00a0\u00bblinkedin\u00a0\u00bb url=\u00a0\u00bbhttps:\/\/www.linkedin.com\/company\/apcal\/\u00a0\u00bb _builder_version=\u00a0\u00bb4.16&Prime; _module_preset=\u00a0\u00bbdefault\u00a0\u00bb background_color=\u00a0\u00bb#007bb6&Prime; global_colors_info=\u00a0\u00bb{}\u00a0\u00bb follow_button=\u00a0\u00bboff\u00a0\u00bb url_new_window=\u00a0\u00bbon\u00a0\u00bb]linkedin[\/et_pb_social_media_follow_network][\/et_pb_social_media_follow][et_pb_divider _builder_version=\u00a0\u00bb4.14.2&Prime; _module_preset=\u00a0\u00bbdefault\u00a0\u00bb width=\u00a0\u00bb14%\u00a0\u00bb custom_margin=\u00a0\u00bb0px||16px||false|false\u00a0\u00bb global_module=\u00a0\u00bb1556&Prime; saved_tabs=\u00a0\u00bball\u00a0\u00bb global_colors_info=\u00a0\u00bb{}\u00a0\u00bb][\/et_pb_divider][\/et_pb_column][et_pb_column type=\u00a0\u00bb1_2&Prime; _builder_version=\u00a0\u00bb4.17.3&Prime; _module_preset=\u00a0\u00bbdefault\u00a0\u00bb global_colors_info=\u00a0\u00bb{}\u00a0\u00bb][\/et_pb_column][\/et_pb_row][et_pb_row column_structure=\u00a0\u00bb2_3,1_3&Prime; _builder_version=\u00a0\u00bb4.16&Prime; _module_preset=\u00a0\u00bbdefault\u00a0\u00bb global_colors_info=\u00a0\u00bb{}\u00a0\u00bb][et_pb_column type=\u00a0\u00bb2_3&Prime; _builder_version=\u00a0\u00bb4.16&Prime; _module_preset=\u00a0\u00bbdefault\u00a0\u00bb global_colors_info=\u00a0\u00bb{}\u00a0\u00bb][et_pb_icon font_icon=\u00a0\u00bb&#xf4ad;||fa||400&Prime; icon_width=\u00a0\u00bb40px\u00a0\u00bb align=\u00a0\u00bbleft\u00a0\u00bb _builder_version=\u00a0\u00bb4.16&Prime; _module_preset=\u00a0\u00bbdefault\u00a0\u00bb custom_margin=\u00a0\u00bb0px||0px||false|false\u00a0\u00bb custom_padding=\u00a0\u00bb0px||0px||false|false\u00a0\u00bb global_colors_info=\u00a0\u00bb{}\u00a0\u00bb][\/et_pb_icon][et_pb_text _builder_version=\u00a0\u00bb4.18.0&Prime; _module_preset=\u00a0\u00bbdefault\u00a0\u00bb text_text_color=\u00a0\u00bb#000000&Prime; link_font=\u00a0\u00bb||||on||||\u00a0\u00bb width=\u00a0\u00bb80%\u00a0\u00bb custom_margin=\u00a0\u00bb||10px||false|false\u00a0\u00bb global_colors_info=\u00a0\u00bb{}\u00a0\u00bb]<\/p>\n<h3>N&rsquo;h\u00e9sitez pas \u00e0 nous \u00e9crire<a href=\"mailto:nathalie.schuh@apcal.lu\"><\/a><\/h3>\n<p>[\/et_pb_text][et_pb_text _builder_version=\u00a0\u00bb4.27.4&Prime; _module_preset=\u00a0\u00bbdefault\u00a0\u00bb text_text_color=\u00a0\u00bb#000000&Prime; link_font=\u00a0\u00bb||||on||||\u00a0\u00bb width=\u00a0\u00bb80%\u00a0\u00bb custom_margin=\u00a0\u00bb||10px||false|false\u00a0\u00bb global_colors_info=\u00a0\u00bb{}\u00a0\u00bb]<\/p>\n<p><span><strong>Horaires d&rsquo;ouverture :<\/strong> du lundi au vendredi de 9h00 \u00e0 17h00<\/span><\/p>\n<p><span><\/span><\/p>\n<p><strong><span>Managing Director \/ Directrice G\u00e9n\u00e9rale<\/span><br \/><\/strong>Nathalie Schuh &#8211; <a href=\"mailto:nathalie.schuh@apcal.lu\">nathalie.schuh@apcal.lu<\/a><br \/>Mob. : +352 <span>\u00a026 48 19 35<\/span><\/p>\n<p>[\/et_pb_text][et_pb_image src=\u00a0\u00bbhttps:\/\/apcal.lu\/wp-content\/uploads\/2025\/12\/nath-nb.jpg\u00a0\u00bb title_text=\u00a0\u00bbnath nb\u00a0\u00bb _builder_version=\u00a0\u00bb4.27.4&Prime; _module_preset=\u00a0\u00bbdefault\u00a0\u00bb width=\u00a0\u00bb60%\u00a0\u00bb filter_saturate=\u00a0\u00bb0%\u00a0\u00bb box_shadow_style=\u00a0\u00bbpreset3&Prime; global_colors_info=\u00a0\u00bb{}\u00a0\u00bb][\/et_pb_image][et_pb_text _builder_version=\u00a0\u00bb4.27.4&Prime; _module_preset=\u00a0\u00bbdefault\u00a0\u00bb text_text_color=\u00a0\u00bb#000000&Prime; link_font=\u00a0\u00bb||||on||||\u00a0\u00bb width=\u00a0\u00bb80%\u00a0\u00bb custom_margin=\u00a0\u00bb50px||10px||false|false\u00a0\u00bb global_colors_info=\u00a0\u00bb{}\u00a0\u00bb]<\/p>\n<p><strong><span>General Secretary \/ Secr\u00e9taire G\u00e9n\u00e9rale<\/span><br \/><\/strong><span>Val\u00e9rie Pierre<\/span> &#8211; <u><span><a href=\"mailto:valerie.pierre@apcal.lu|\" data-toggle=\"tooltip\" title=\"mailto:valerie.pierre@apcal.lu|\">valerie.pierre@apcal.lu<\/a><\/span><\/u><br \/><span>Tel.<\/span><span>\u00a0: +352 26 48 19 35<\/span><span><\/span><span><\/span><\/p>\n<p>[\/et_pb_text][et_pb_image src=\u00a0\u00bbhttps:\/\/apcal.lu\/wp-content\/uploads\/2025\/12\/val-nb.jpg\u00a0\u00bb title_text=\u00a0\u00bbval nb\u00a0\u00bb _builder_version=\u00a0\u00bb4.27.4&Prime; _module_preset=\u00a0\u00bbdefault\u00a0\u00bb width=\u00a0\u00bb60%\u00a0\u00bb filter_saturate=\u00a0\u00bb0%\u00a0\u00bb box_shadow_style=\u00a0\u00bbpreset3&Prime; global_colors_info=\u00a0\u00bb{}\u00a0\u00bb][\/et_pb_image][et_pb_text _builder_version=\u00a0\u00bb4.27.4&Prime; _module_preset=\u00a0\u00bbdefault\u00a0\u00bb text_text_color=\u00a0\u00bb#000000&Prime; link_font=\u00a0\u00bb||||on||||\u00a0\u00bb width=\u00a0\u00bb80%\u00a0\u00bb custom_margin=\u00a0\u00bb50px||10px||false|false\u00a0\u00bb global_colors_info=\u00a0\u00bb{}\u00a0\u00bb]<\/p>\n<p><strong><span>Communication Manager\/Responsable de la communication<\/span><br \/><\/strong><span>Pascal Laurent<\/span> &#8211; <u><span><a href=\"mailto:valerie.pierre@apcal.lu|\" data-toggle=\"tooltip\" title=\"mailto:valerie.pierre@apcal.lu|\">pascal.laurent@apcal.lu<\/a><\/span><\/u><br \/><span>Tel.<\/span><span>\u00a0: +352 26 48 19 35<\/span><span><\/span><span><\/span><\/p>\n<p>[\/et_pb_text][et_pb_image src=\u00a0\u00bbhttps:\/\/apcal.lu\/wp-content\/uploads\/2025\/12\/pascal-nb.jpg\u00a0\u00bb title_text=\u00a0\u00bbpascal nb\u00a0\u00bb _builder_version=\u00a0\u00bb4.27.4&Prime; _module_preset=\u00a0\u00bbdefault\u00a0\u00bb width=\u00a0\u00bb60%\u00a0\u00bb filter_saturate=\u00a0\u00bb0%\u00a0\u00bb box_shadow_style=\u00a0\u00bbpreset3&Prime; global_colors_info=\u00a0\u00bb{}\u00a0\u00bb][\/et_pb_image][\/et_pb_column][et_pb_column type=\u00a0\u00bb1_3&Prime; _builder_version=\u00a0\u00bb4.16&Prime; _module_preset=\u00a0\u00bbdefault\u00a0\u00bb global_colors_info=\u00a0\u00bb{}\u00a0\u00bb][et_pb_icon font_icon=\u00a0\u00bb&#xf15c;||fa||400&Prime; icon_width=\u00a0\u00bb40px\u00a0\u00bb align_tablet=\u00a0\u00bb\u00a0\u00bb align_phone=\u00a0\u00bbleft\u00a0\u00bb align_last_edited=\u00a0\u00bbon|phone\u00a0\u00bb _builder_version=\u00a0\u00bb4.16&Prime; _module_preset=\u00a0\u00bbdefault\u00a0\u00bb custom_margin=\u00a0\u00bb0px||0px||false|false\u00a0\u00bb custom_padding=\u00a0\u00bb0px||0px||false|false\u00a0\u00bb global_colors_info=\u00a0\u00bb{}\u00a0\u00bb][\/et_pb_icon][et_pb_text _builder_version=\u00a0\u00bb4.16&Prime; _module_preset=\u00a0\u00bbdefault\u00a0\u00bb header_3_text_align=\u00a0\u00bbcenter\u00a0\u00bb header_3_font_size=\u00a0\u00bb25px\u00a0\u00bb custom_margin=\u00a0\u00bb0px||0px||false|false\u00a0\u00bb header_3_text_align_tablet=\u00a0\u00bbcenter\u00a0\u00bb header_3_text_align_phone=\u00a0\u00bbleft\u00a0\u00bb header_3_text_align_last_edited=\u00a0\u00bbon|phone\u00a0\u00bb global_colors_info=\u00a0\u00bb{}\u00a0\u00bb]<\/p>\n<h3>Newsletter<\/h3>\n<p>[\/et_pb_text][et_pb_text _builder_version=\u00a0\u00bb4.16&Prime; _module_preset=\u00a0\u00bbdefault\u00a0\u00bb link_font=\u00a0\u00bb||||on||||\u00a0\u00bb custom_margin=\u00a0\u00bb||6px|||\u00a0\u00bb global_colors_info=\u00a0\u00bb{}\u00a0\u00bb]<\/p>\n<p>Inscrivez-vous \u00e0 la <a href=\"http:\/\/eepurl.com\/gYeYKX\">newsletter mensuelle de l&rsquo;Apcal<\/a> et restez inform\u00e9 sur le planning de nos formations, la parution d&rsquo;articles et de textes de lois.<\/p>\n<p>[\/et_pb_text][\/et_pb_column][\/et_pb_row][et_pb_row _builder_version=\u00a0\u00bb4.16&Prime; _module_preset=\u00a0\u00bbdefault\u00a0\u00bb custom_padding=\u00a0\u00bb0px||||false|false\u00a0\u00bb border_radii=\u00a0\u00bbon|10px|10px|10px|10px\u00a0\u00bb global_colors_info=\u00a0\u00bb{}\u00a0\u00bb][et_pb_column type=\u00a0\u00bb4_4&Prime; _builder_version=\u00a0\u00bb4.16&Prime; _module_preset=\u00a0\u00bbdefault\u00a0\u00bb global_colors_info=\u00a0\u00bb{}\u00a0\u00bb][et_pb_icon font_icon=\u00a0\u00bb&#xf4ad;||fa||900&Prime; icon_width=\u00a0\u00bb50px\u00a0\u00bb _builder_version=\u00a0\u00bb4.14.6&Prime; _module_preset=\u00a0\u00bbdefault\u00a0\u00bb positioning=\u00a0\u00bbrelative\u00a0\u00bb vertical_offset=\u00a0\u00bb30px\u00a0\u00bb z_index=\u00a0\u00bb10&Prime; custom_margin=\u00a0\u00bb0px||0px||false|false\u00a0\u00bb custom_padding=\u00a0\u00bb0px||0px||false|false\u00a0\u00bb global_module=\u00a0\u00bb2316&Prime; saved_tabs=\u00a0\u00bball\u00a0\u00bb global_colors_info=\u00a0\u00bb{}\u00a0\u00bb][\/et_pb_icon][et_pb_text admin_label=\u00a0\u00bbDevenez membres\u00a0\u00bb _builder_version=\u00a0\u00bb4.14.2&Prime; _module_preset=\u00a0\u00bbdefault\u00a0\u00bb text_text_color=\u00a0\u00bb#55547D\u00a0\u00bb link_font=\u00a0\u00bb||||on||||\u00a0\u00bb header_text_color=\u00a0\u00bb#000000&Prime; header_3_line_height=\u00a0\u00bb1.6em\u00a0\u00bb background_color=\u00a0\u00bbrgba(22,36,127,0.3)\u00a0\u00bb width=\u00a0\u00bb100%\u00a0\u00bb custom_margin=\u00a0\u00bb||||false|false\u00a0\u00bb custom_padding=\u00a0\u00bb25px|25px|25px|25px|false|false\u00a0\u00bb border_radii=\u00a0\u00bbon|10px|10px|10px|10px\u00a0\u00bb global_module=\u00a0\u00bb1743&Prime; saved_tabs=\u00a0\u00bball\u00a0\u00bb global_colors_info=\u00a0\u00bb{}\u00a0\u00bb width__hover_enabled=\u00a0\u00bbon|desktop\u00a0\u00bb width__hover=\u00a0\u00bb100%\u00a0\u00bb]<\/p>\n<h3>Comment devenir Membre de l&rsquo;APCAL ?<\/h3>\n<h4>Les avantages Membres<\/h4>\n<p>La d\u00e9fense de vos int\u00e9r\u00eats vis-\u00e0-vis des autorit\u00e9s politiques et de tous les acteurs du secteur,\u00a0la repr\u00e9sentativit\u00e9 de la profession au niveau national et international (via le BIPAR),\u00a0un r\u00e9seau de contacts et des solutions sur des sujets cl\u00e9s de vos activit\u00e9s notamment au travers des r\u00e9unions des Commission Vie et IARD,\u00a0l\u2019acc\u00e8s \u00e0 des formations pointues, \u00e0 des documents compliant IDD, et \u00e0 une multitude d\u2019informations sur notre site Web.<\/p>\n<blockquote>\n<p>Vous d\u00e9sirez rejoindre l&rsquo;APCAL en tant que Membres, contactez nous \u00e0 <a href=\"mailto:vincent.demeuse@apcal.lu\">info@apcal.lu<\/a>\u00a0pour tout renseignement.<\/p>\n<\/blockquote>\n<p>[\/et_pb_text][et_pb_text _builder_version=\u00a0\u00bb4.16&Prime; _module_preset=\u00a0\u00bbdefault\u00a0\u00bb text_text_color=\u00a0\u00bb#000000&Prime; link_font=\u00a0\u00bb||||on||||\u00a0\u00bb width=\u00a0\u00bb80%\u00a0\u00bb global_colors_info=\u00a0\u00bb{}\u00a0\u00bb]<\/p>\n<p><strong>Sources Images :<\/strong><\/p>\n<p><a href=\"https:\/\/www.freepik.com\">freepik.com<\/a><br \/><a href=\"Unsplash.com\">Unsplash.com<\/a><\/p>\n<p>[\/et_pb_text][\/et_pb_column][\/et_pb_row][\/et_pb_section][et_pb_section fb_built=\u00a0\u00bb1&Prime; _builder_version=\u00a0\u00bb4.18.0&Prime; _module_preset=\u00a0\u00bbdefault\u00a0\u00bb global_colors_info=\u00a0\u00bb{}\u00a0\u00bb][et_pb_row _builder_version=\u00a0\u00bb4.18.0&Prime; _module_preset=\u00a0\u00bbdefault\u00a0\u00bb global_colors_info=\u00a0\u00bb{}\u00a0\u00bb][et_pb_column type=\u00a0\u00bb4_4&Prime; _builder_version=\u00a0\u00bb4.18.0&Prime; _module_preset=\u00a0\u00bbdefault\u00a0\u00bb global_colors_info=\u00a0\u00bb{}\u00a0\u00bb][\/et_pb_column][\/et_pb_row][\/et_pb_section][et_pb_section fb_built=\u00a0\u00bb1&Prime; _builder_version=\u00a0\u00bb4.27.4&Prime; _module_preset=\u00a0\u00bbdefault\u00a0\u00bb global_colors_info=\u00a0\u00bb{}\u00a0\u00bb][\/et_pb_section]<\/p>\n","protected":false},"excerpt":{"rendered":"<p>L&rsquo;APCALL\u2019APCAL constitue la seule association repr\u00e9sentative du courtage en assurances au Luxembourg et rev\u00eat la forme juridique d\u2019une ASBL.Si\u00e8ge social et bureaux administratifs APCA Luxembourg ASBL 16B rue Robert Schuman L-5751 Frisange info@apcal.luN&rsquo;h\u00e9sitez pas \u00e0 nous \u00e9crireHoraires d&rsquo;ouverture : du lundi au vendredi de 9h00 \u00e0 17h00 Managing Director \/ Directrice G\u00e9n\u00e9raleNathalie Schuh &#8211; nathalie.schuh@apcal.luMob. [&hellip;]<\/p>\n","protected":false},"author":2,"featured_media":0,"parent":0,"menu_order":0,"comment_status":"closed","ping_status":"closed","template":"","meta":{"_et_pb_use_builder":"on","_et_pb_old_content":"<!-- wp:divi\/placeholder \/-->","_et_gb_content_width":"","footnotes":""},"class_list":["post-10","page","type-page","status-publish","hentry"],"yoast_head":"<!-- This site is optimized with the Yoast SEO plugin v26.7 - https:\/\/yoast.com\/wordpress\/plugins\/seo\/ -->\n<title>Contact - Apcal<\/title>\n<meta name=\"robots\" content=\"index, follow, max-snippet:-1, max-image-preview:large, max-video-preview:-1\" \/>\n<link rel=\"canonical\" href=\"https:\/\/apcal.lu\/fr\/contact\/\" \/>\n<meta property=\"og:locale\" content=\"fr_FR\" \/>\n<meta property=\"og:type\" content=\"article\" \/>\n<meta property=\"og:title\" content=\"Contact - Apcal\" \/>\n<meta property=\"og:description\" content=\"L&#039;APCALL\u2019APCAL constitue la seule association repr\u00e9sentative du courtage en assurances au Luxembourg et rev\u00eat la forme juridique d\u2019une ASBL.Si\u00e8ge social et bureaux administratifs APCA Luxembourg ASBL 16B rue Robert Schuman L-5751 Frisange info@apcal.luN&#039;h\u00e9sitez pas \u00e0 nous \u00e9crireHoraires d&#039;ouverture : du lundi au vendredi de 9h00 \u00e0 17h00 Managing Director \/ Directrice G\u00e9n\u00e9raleNathalie Schuh - nathalie.schuh@apcal.luMob. [&hellip;]\" \/>\n<meta property=\"og:url\" content=\"https:\/\/apcal.lu\/fr\/contact\/\" \/>\n<meta property=\"og:site_name\" content=\"Apcal\" \/>\n<meta property=\"article:modified_time\" content=\"2026-04-09T09:49:08+00:00\" \/>\n<meta name=\"twitter:card\" content=\"summary_large_image\" \/>\n<meta name=\"twitter:label1\" content=\"Dur\u00e9e de lecture estim\u00e9e\" \/>\n\t<meta name=\"twitter:data1\" content=\"6 minutes\" \/>\n<script type=\"application\/ld+json\" class=\"yoast-schema-graph\">{\"@context\":\"https:\/\/schema.org\",\"@graph\":[{\"@type\":\"WebPage\",\"@id\":\"https:\/\/apcal.lu\/fr\/contact\/\",\"url\":\"https:\/\/apcal.lu\/fr\/contact\/\",\"name\":\"Contact - Apcal\",\"isPartOf\":{\"@id\":\"https:\/\/apcal.lu\/fr\/#website\"},\"datePublished\":\"2021-06-26T07:56:46+00:00\",\"dateModified\":\"2026-04-09T09:49:08+00:00\",\"breadcrumb\":{\"@id\":\"https:\/\/apcal.lu\/fr\/contact\/#breadcrumb\"},\"inLanguage\":\"fr-FR\",\"potentialAction\":[{\"@type\":\"ReadAction\",\"target\":[\"https:\/\/apcal.lu\/fr\/contact\/\"]}]},{\"@type\":\"BreadcrumbList\",\"@id\":\"https:\/\/apcal.lu\/fr\/contact\/#breadcrumb\",\"itemListElement\":[{\"@type\":\"ListItem\",\"position\":1,\"name\":\"Accueil\",\"item\":\"https:\/\/apcal.lu\/fr\/\"},{\"@type\":\"ListItem\",\"position\":2,\"name\":\"Contact\"}]},{\"@type\":\"WebSite\",\"@id\":\"https:\/\/apcal.lu\/fr\/#website\",\"url\":\"https:\/\/apcal.lu\/fr\/\",\"name\":\"Apcal\",\"description\":\"Association des courtiers en assurance du Luxembourg\",\"potentialAction\":[{\"@type\":\"SearchAction\",\"target\":{\"@type\":\"EntryPoint\",\"urlTemplate\":\"https:\/\/apcal.lu\/fr\/?s={search_term_string}\"},\"query-input\":{\"@type\":\"PropertyValueSpecification\",\"valueRequired\":true,\"valueName\":\"search_term_string\"}}],\"inLanguage\":\"fr-FR\"}]}<\/script>\n<!-- \/ Yoast SEO plugin. -->","yoast_head_json":{"title":"Contact - Apcal","robots":{"index":"index","follow":"follow","max-snippet":"max-snippet:-1","max-image-preview":"max-image-preview:large","max-video-preview":"max-video-preview:-1"},"canonical":"https:\/\/apcal.lu\/fr\/contact\/","og_locale":"fr_FR","og_type":"article","og_title":"Contact - Apcal","og_description":"L'APCALL\u2019APCAL constitue la seule association repr\u00e9sentative du courtage en assurances au Luxembourg et rev\u00eat la forme juridique d\u2019une ASBL.Si\u00e8ge social et bureaux administratifs APCA Luxembourg ASBL 16B rue Robert Schuman L-5751 Frisange info@apcal.luN'h\u00e9sitez pas \u00e0 nous \u00e9crireHoraires d'ouverture : du lundi au vendredi de 9h00 \u00e0 17h00 Managing Director \/ Directrice G\u00e9n\u00e9raleNathalie Schuh - nathalie.schuh@apcal.luMob. [&hellip;]","og_url":"https:\/\/apcal.lu\/fr\/contact\/","og_site_name":"Apcal","article_modified_time":"2026-04-09T09:49:08+00:00","twitter_card":"summary_large_image","twitter_misc":{"Dur\u00e9e de lecture estim\u00e9e":"6 minutes"},"schema":{"@context":"https:\/\/schema.org","@graph":[{"@type":"WebPage","@id":"https:\/\/apcal.lu\/fr\/contact\/","url":"https:\/\/apcal.lu\/fr\/contact\/","name":"Contact - Apcal","isPartOf":{"@id":"https:\/\/apcal.lu\/fr\/#website"},"datePublished":"2021-06-26T07:56:46+00:00","dateModified":"2026-04-09T09:49:08+00:00","breadcrumb":{"@id":"https:\/\/apcal.lu\/fr\/contact\/#breadcrumb"},"inLanguage":"fr-FR","potentialAction":[{"@type":"ReadAction","target":["https:\/\/apcal.lu\/fr\/contact\/"]}]},{"@type":"BreadcrumbList","@id":"https:\/\/apcal.lu\/fr\/contact\/#breadcrumb","itemListElement":[{"@type":"ListItem","position":1,"name":"Accueil","item":"https:\/\/apcal.lu\/fr\/"},{"@type":"ListItem","position":2,"name":"Contact"}]},{"@type":"WebSite","@id":"https:\/\/apcal.lu\/fr\/#website","url":"https:\/\/apcal.lu\/fr\/","name":"Apcal","description":"Association des courtiers en assurance du Luxembourg","potentialAction":[{"@type":"SearchAction","target":{"@type":"EntryPoint","urlTemplate":"https:\/\/apcal.lu\/fr\/?s={search_term_string}"},"query-input":{"@type":"PropertyValueSpecification","valueRequired":true,"valueName":"search_term_string"}}],"inLanguage":"fr-FR"}]}},"publishpress_future_workflow_manual_trigger":{"enabledWorkflows":[]},"_links":{"self":[{"href":"https:\/\/apcal.lu\/fr\/wp-json\/wp\/v2\/pages\/10","targetHints":{"allow":["GET"]}}],"collection":[{"href":"https:\/\/apcal.lu\/fr\/wp-json\/wp\/v2\/pages"}],"about":[{"href":"https:\/\/apcal.lu\/fr\/wp-json\/wp\/v2\/types\/page"}],"author":[{"embeddable":true,"href":"https:\/\/apcal.lu\/fr\/wp-json\/wp\/v2\/users\/2"}],"replies":[{"embeddable":true,"href":"https:\/\/apcal.lu\/fr\/wp-json\/wp\/v2\/comments?post=10"}],"version-history":[{"count":67,"href":"https:\/\/apcal.lu\/fr\/wp-json\/wp\/v2\/pages\/10\/revisions"}],"predecessor-version":[{"id":17201,"href":"https:\/\/apcal.lu\/fr\/wp-json\/wp\/v2\/pages\/10\/revisions\/17201"}],"wp:attachment":[{"href":"https:\/\/apcal.lu\/fr\/wp-json\/wp\/v2\/media?parent=10"}],"curies":[{"name":"wp","href":"https:\/\/api.w.org\/{rel}","templated":true}]}}