{"id":4693,"date":"2022-05-30T18:54:42","date_gmt":"2022-05-30T16:54:42","guid":{"rendered":"https:\/\/apcal.lu\/contact\/"},"modified":"2026-04-10T14:21:15","modified_gmt":"2026-04-10T12:21:15","slug":"contact","status":"publish","type":"page","link":"https:\/\/apcal.lu\/en\/contact\/","title":{"rendered":"Contact"},"content":{"rendered":"<p>[et_pb_section fb_built=&#8221;1&#8243; _builder_version=&#8221;4.16&#8243; _module_preset=&#8221;default&#8221; global_colors_info=&#8221;{}&#8221;][et_pb_row _builder_version=&#8221;4.16&#8243; _module_preset=&#8221;default&#8221; custom_padding=&#8221;||0px|||&#8221; global_colors_info=&#8221;{}&#8221;][et_pb_column type=&#8221;4_4&#8243; _builder_version=&#8221;4.16&#8243; _module_preset=&#8221;default&#8221; global_colors_info=&#8221;{}&#8221;][et_pb_text _builder_version=&#8221;4.16&#8243; _module_preset=&#8221;default&#8221; global_colors_info=&#8221;{}&#8221;]<\/p>\n<h1>APCAL<\/h1>\n<p>[\/et_pb_text][et_pb_divider _builder_version=&#8221;4.16&#8243; _module_preset=&#8221;default&#8221; width=&#8221;14%&#8221; custom_margin=&#8221;0px||16px||false|false&#8221; saved_tabs=&#8221;all&#8221; global_colors_info=&#8221;{}&#8221;][\/et_pb_divider][et_pb_text _builder_version=&#8221;4.16&#8243; _module_preset=&#8221;default&#8221; width=&#8221;80%&#8221; global_colors_info=&#8221;{}&#8221;]<\/p>\n<p><span>APCAL is the only representative association of insurance brokers in Luxembourg and has the legal form of an ASBL.<\/span><\/p>\n<p>[\/et_pb_text][et_pb_image src=&#8221;https:\/\/apcal.lu\/wp-content\/uploads\/2022\/10\/ca-apcal.jpg&#8221; alt=&#8221;CA Apcal&#8221; _builder_version=&#8221;4.18.0&#8243; _module_preset=&#8221;default&#8221; box_shadow_style=&#8221;preset3&#8243; global_colors_info=&#8221;{}&#8221;][\/et_pb_image][et_pb_text _builder_version=&#8221;4.27.4&#8243; _module_preset=&#8221;default&#8221; link_font=&#8221;||||on||||&#8221; hover_enabled=&#8221;0&#8243; global_colors_info=&#8221;{}&#8221; sticky_enabled=&#8221;0&#8243;]<\/p>\n<p>&nbsp;<\/p>\n<h4><strong>Headquarters and Administrative Offices\u00a0<\/strong><\/h4>\n<p><strong>APCA Luxembourg ASBL<br \/><\/strong>16B rue Robert Schuman<br \/>L-5751 Frisange<\/p>\n<p><a href=\"mailto:info@apcal.lu\">Info@apcal.lu<\/a><\/p>\n<p>[\/et_pb_text][et_pb_social_media_follow _builder_version=&#8221;4.16&#8243; _module_preset=&#8221;default&#8221; custom_button=&#8221;on&#8221; button_text_color=&#8221;#16247F&#8221; global_colors_info=&#8221;{}&#8221;][et_pb_social_media_follow_network social_network=&#8221;linkedin&#8221; url=&#8221;https:\/\/www.linkedin.com\/company\/apcal\/&#8221; _builder_version=&#8221;4.16&#8243; _module_preset=&#8221;default&#8221; background_color=&#8221;#007bb6&#8243; global_colors_info=&#8221;{}&#8221; follow_button=&#8221;off&#8221; url_new_window=&#8221;on&#8221;]linkedin[\/et_pb_social_media_follow_network][\/et_pb_social_media_follow][et_pb_divider _builder_version=&#8221;4.16&#8243; _module_preset=&#8221;default&#8221; width=&#8221;14%&#8221; custom_margin=&#8221;0px||16px||false|false&#8221; saved_tabs=&#8221;all&#8221; global_colors_info=&#8221;{}&#8221;][\/et_pb_divider][\/et_pb_column][\/et_pb_row][et_pb_row column_structure=&#8221;2_3,1_3&#8243; _builder_version=&#8221;4.16&#8243; _module_preset=&#8221;default&#8221; global_colors_info=&#8221;{}&#8221;][et_pb_column type=&#8221;2_3&#8243; _builder_version=&#8221;4.16&#8243; _module_preset=&#8221;default&#8221; global_colors_info=&#8221;{}&#8221;][et_pb_icon font_icon=&#8221;&#xf4ad;||fa||400&#8243; icon_width=&#8221;40px&#8221; align=&#8221;left&#8221; _builder_version=&#8221;4.16&#8243; _module_preset=&#8221;default&#8221; custom_margin=&#8221;0px||0px||false|false&#8221; custom_padding=&#8221;0px||0px||false|false&#8221; global_colors_info=&#8221;{}&#8221;][\/et_pb_icon][et_pb_text _builder_version=&#8221;4.24.2&#8243; _module_preset=&#8221;default&#8221; text_text_color=&#8221;#000000&#8243; link_font=&#8221;||||on||||&#8221; width=&#8221;80%&#8221; global_colors_info=&#8221;{}&#8221;]<\/p>\n<h3>Do not hesitate to write to us<\/h3>\n<p><span><strong>Opening hours<\/strong>: Monday to Friday from 9:00 am to 5:00 pm<\/span><\/p>\n<p>[\/et_pb_text][et_pb_text _builder_version=&#8221;4.24.2&#8243; _module_preset=&#8221;default&#8221; text_text_color=&#8221;#000000&#8243; link_font=&#8221;||||on||||&#8221; width=&#8221;80%&#8221; global_colors_info=&#8221;{}&#8221;]<\/p>\n<p><strong><span>Managing Director \/ Directrice G\u00e9n\u00e9rale<\/span><br \/><\/strong><span>Nathalie Schuh \u2013 <\/span><a href=\"mailto:nathalie.schuh@apcal.lu\">nathalie.schuh@apcal.lu<\/a><br \/><span>Mob. : +33 6 19 86 12 81<\/span><\/p>\n<p>[\/et_pb_text][et_pb_image src=&#8221;https:\/\/apcal.lu\/wp-content\/uploads\/2022\/10\/nathalie-schuh-apcal-1.jpg&#8221; title_text=&#8221;nathalie-schuh-apcal&#8221; _builder_version=&#8221;4.18.0&#8243; _module_preset=&#8221;default&#8221; width=&#8221;70%&#8221; filter_saturate=&#8221;0%&#8221; box_shadow_style=&#8221;preset3&#8243; global_colors_info=&#8221;{}&#8221;][\/et_pb_image][et_pb_text _builder_version=&#8221;4.27.4&#8243; _module_preset=&#8221;default&#8221; text_text_color=&#8221;#000000&#8243; link_font=&#8221;||||on||||&#8221; width=&#8221;80%&#8221; global_colors_info=&#8221;{}&#8221;]<\/p>\n<p><strong>General Secretary \/ Secr\u00e9taire G\u00e9n\u00e9ral<\/strong><br \/>Val\u00e9rie Pierre &#8211; <a href=\"mailto:valerie.pierre@apcal.lu\">valerie.pierre@apcal.lu<\/a><br \/>Tel. : +352 26 48 19 35<\/p>\n<p>[\/et_pb_text][et_pb_image src=&#8221;https:\/\/apcal.lu\/wp-content\/uploads\/2022\/10\/valerie-pierre-apcal.jpg&#8221; title_text=&#8221;valerie-pierre-apcal&#8221; _builder_version=&#8221;4.18.0&#8243; _module_preset=&#8221;default&#8221; width=&#8221;70%&#8221; filter_saturate=&#8221;0%&#8221; box_shadow_style=&#8221;preset3&#8243; global_colors_info=&#8221;{}&#8221;][\/et_pb_image][et_pb_text _builder_version=&#8221;4.27.4&#8243; _module_preset=&#8221;default&#8221; text_text_color=&#8221;#000000&#8243; link_font=&#8221;||||on||||&#8221; width=&#8221;80%&#8221; global_colors_info=&#8221;{}&#8221;]<\/p>\n<p><strong>Communication Manager\/ Responsable de la Communication<br \/><\/strong>Pascal Laurent- <a href=\"mailto:vincent.demeuse@apcal.lu\">pascal.laurent@apcal.lu<\/a><br \/>Tel. : + 352 26 48 19 35<\/p>\n<p>[\/et_pb_text][et_pb_image src=&#8221;https:\/\/apcal.lu\/wp-content\/uploads\/2025\/07\/Pascal-Laurent.png&#8221; alt=&#8221;Vincent Demeuse&#8221; title_text=&#8221;Pascal Laurent&#8221; _builder_version=&#8221;4.27.4&#8243; _module_preset=&#8221;default&#8221; width=&#8221;70%&#8221; filter_saturate=&#8221;0%&#8221; box_shadow_style=&#8221;preset3&#8243; global_colors_info=&#8221;{}&#8221;][\/et_pb_image][et_pb_text _builder_version=&#8221;4.16&#8243; _module_preset=&#8221;default&#8221; text_text_color=&#8221;#000000&#8243; link_font=&#8221;||||on||||&#8221; width=&#8221;80%&#8221; global_colors_info=&#8221;{}&#8221;]<\/p>\n<p><strong>Sources Images :<\/strong><\/p>\n<p><a href=\"https:\/\/www.freepik.com\">freepik.com<\/a><br \/><a href=\"Unsplash.com\">Unsplash.com<\/a><\/p>\n<p>[\/et_pb_text][\/et_pb_column][et_pb_column type=&#8221;1_3&#8243; _builder_version=&#8221;4.16&#8243; _module_preset=&#8221;default&#8221; global_colors_info=&#8221;{}&#8221;][et_pb_icon font_icon=&#8221;&#xf15c;||fa||400&#8243; icon_width=&#8221;40px&#8221; align_tablet=&#8221;&#8221; align_phone=&#8221;left&#8221; align_last_edited=&#8221;on|phone&#8221; _builder_version=&#8221;4.16&#8243; _module_preset=&#8221;default&#8221; custom_margin=&#8221;0px||0px||false|false&#8221; custom_padding=&#8221;0px||0px||false|false&#8221; global_colors_info=&#8221;{}&#8221;][\/et_pb_icon][et_pb_text _builder_version=&#8221;4.16&#8243; _module_preset=&#8221;default&#8221; header_3_text_align=&#8221;center&#8221; header_3_font_size=&#8221;25px&#8221; custom_margin=&#8221;0px||0px||false|false&#8221; header_3_text_align_tablet=&#8221;center&#8221; header_3_text_align_phone=&#8221;left&#8221; header_3_text_align_last_edited=&#8221;on|phone&#8221; global_colors_info=&#8221;{}&#8221;]<\/p>\n<h3>Newsletter<\/h3>\n<p>[\/et_pb_text][et_pb_text _builder_version=&#8221;4.16&#8243; _module_preset=&#8221;default&#8221; link_font=&#8221;||||on||||&#8221; custom_margin=&#8221;||6px|||&#8221; global_colors_info=&#8221;{}&#8221;]<\/p>\n<p><a href=\"http:\/\/eepurl.com\/gYeYKX\">Subscribe to the monthly Apcal newsletter<\/a> and stay informed about our training schedule, the publication of articles and legal texts.<\/p>\n<p>[\/et_pb_text][\/et_pb_column][\/et_pb_row][et_pb_row _builder_version=&#8221;4.16&#8243; _module_preset=&#8221;default&#8221; custom_padding=&#8221;0px||||false|false&#8221; border_radii=&#8221;on|10px|10px|10px|10px&#8221; global_colors_info=&#8221;{}&#8221;][et_pb_column type=&#8221;4_4&#8243; _builder_version=&#8221;4.16&#8243; _module_preset=&#8221;default&#8221; global_colors_info=&#8221;{}&#8221;][et_pb_icon font_icon=&#8221;&#xf4ad;||fa||900&#8243; icon_width=&#8221;50px&#8221; _builder_version=&#8221;4.16&#8243; _module_preset=&#8221;default&#8221; positioning=&#8221;relative&#8221; vertical_offset=&#8221;30px&#8221; z_index=&#8221;10&#8243; custom_margin=&#8221;0px||0px||false|false&#8221; custom_padding=&#8221;0px||0px||false|false&#8221; saved_tabs=&#8221;all&#8221; global_colors_info=&#8221;{}&#8221;][\/et_pb_icon][et_pb_text admin_label=&#8221;Devenez membres&#8221; _builder_version=&#8221;4.24.2&#8243; _module_preset=&#8221;default&#8221; text_text_color=&#8221;#55547D&#8221; link_font=&#8221;||||on||||&#8221; header_text_color=&#8221;#000000&#8243; header_3_line_height=&#8221;1.6em&#8221; background_color=&#8221;rgba(22,36,127,0.3)&#8221; width=&#8221;100%&#8221; custom_margin=&#8221;||||false|false&#8221; custom_padding=&#8221;25px|25px|25px|25px|false|false&#8221; border_radii=&#8221;on|10px|10px|10px|10px&#8221; saved_tabs=&#8221;all&#8221; global_colors_info=&#8221;{}&#8221; width__hover_enabled=&#8221;on|desktop&#8221; width__hover=&#8221;100%&#8221;]<\/p>\n<h3>How to become a member of APCAL?<\/h3>\n<h4>Member benefits<\/h4>\n<p>The defence of your interests vis-\u00e0-vis the political authorities and all the players in the sector, the representation of the profession at national and international level (via BIPAR), a network of contacts and solutions on the key subjects of your activities, in particular through the meetings of the Life and Non-Life Commissions, access to specialised training, to IDD compliant documents, and to a multitude of information on our website.<\/p>\n<blockquote>\n<p>If you wish to join APCAL as a Member, please contact us at <a href=\"mailto:info@apcal.lu\">info@apcal.lu<\/a>\u00a0for further information.<\/p>\n<\/blockquote>\n<p>[\/et_pb_text][\/et_pb_column][\/et_pb_row][\/et_pb_section]<\/p>\n","protected":false},"excerpt":{"rendered":"<p>APCALAPCAL is the only representative association of insurance brokers in Luxembourg and has the legal form of an ASBL.&nbsp; Headquarters and Administrative Offices\u00a0 APCA Luxembourg ASBL16B rue Robert SchumanL-5751 Frisange Info@apcal.luDo not hesitate to write to us Opening hours: Monday to Friday from 9:00 am to 5:00 pmManaging Director \/ Directrice G\u00e9n\u00e9raleNathalie Schuh \u2013 nathalie.schuh@apcal.luMob. [&hellip;]<\/p>\n","protected":false},"author":2,"featured_media":0,"parent":0,"menu_order":0,"comment_status":"closed","ping_status":"closed","template":"","meta":{"_et_pb_use_builder":"on","_et_pb_old_content":"","_et_gb_content_width":"","footnotes":""},"class_list":["post-4693","page","type-page","status-publish","hentry"],"yoast_head":"<!-- This site is optimized with the Yoast SEO plugin v26.7 - https:\/\/yoast.com\/wordpress\/plugins\/seo\/ -->\n<title>Contact - Apcal<\/title>\n<meta name=\"robots\" content=\"index, follow, max-snippet:-1, max-image-preview:large, max-video-preview:-1\" \/>\n<link rel=\"canonical\" href=\"https:\/\/apcal.lu\/fr\/contact\/\" \/>\n<meta property=\"og:locale\" content=\"en_US\" \/>\n<meta property=\"og:type\" content=\"article\" \/>\n<meta property=\"og:title\" content=\"Contact - Apcal\" \/>\n<meta property=\"og:description\" content=\"APCALAPCAL is the only representative association of insurance brokers in Luxembourg and has the legal form of an ASBL.&nbsp; Headquarters and Administrative Offices\u00a0 APCA Luxembourg ASBL16B rue Robert SchumanL-5751 Frisange Info@apcal.luDo not hesitate to write to us Opening hours: Monday to Friday from 9:00 am to 5:00 pmManaging Director \/ Directrice G\u00e9n\u00e9raleNathalie Schuh \u2013 nathalie.schuh@apcal.luMob. [&hellip;]\" \/>\n<meta property=\"og:url\" content=\"https:\/\/apcal.lu\/fr\/contact\/\" \/>\n<meta property=\"og:site_name\" content=\"Apcal\" \/>\n<meta property=\"article:modified_time\" content=\"2026-04-10T12:21:15+00:00\" \/>\n<meta name=\"twitter:card\" content=\"summary_large_image\" \/>\n<meta name=\"twitter:label1\" content=\"Est. reading time\" \/>\n\t<meta name=\"twitter:data1\" content=\"5 minutes\" \/>\n<script type=\"application\/ld+json\" class=\"yoast-schema-graph\">{\"@context\":\"https:\/\/schema.org\",\"@graph\":[{\"@type\":\"WebPage\",\"@id\":\"https:\/\/apcal.lu\/fr\/contact\/\",\"url\":\"https:\/\/apcal.lu\/fr\/contact\/\",\"name\":\"Contact - Apcal\",\"isPartOf\":{\"@id\":\"https:\/\/apcal.lu\/fr\/#website\"},\"datePublished\":\"2022-05-30T16:54:42+00:00\",\"dateModified\":\"2026-04-10T12:21:15+00:00\",\"breadcrumb\":{\"@id\":\"https:\/\/apcal.lu\/fr\/contact\/#breadcrumb\"},\"inLanguage\":\"en-US\",\"potentialAction\":[{\"@type\":\"ReadAction\",\"target\":[\"https:\/\/apcal.lu\/fr\/contact\/\"]}]},{\"@type\":\"BreadcrumbList\",\"@id\":\"https:\/\/apcal.lu\/fr\/contact\/#breadcrumb\",\"itemListElement\":[{\"@type\":\"ListItem\",\"position\":1,\"name\":\"Accueil\",\"item\":\"https:\/\/apcal.lu\/fr\/\"},{\"@type\":\"ListItem\",\"position\":2,\"name\":\"Contact\"}]},{\"@type\":\"WebSite\",\"@id\":\"https:\/\/apcal.lu\/fr\/#website\",\"url\":\"https:\/\/apcal.lu\/fr\/\",\"name\":\"Apcal\",\"description\":\"APCAL is the representative association of insurance brokers in Luxembourg\",\"potentialAction\":[{\"@type\":\"SearchAction\",\"target\":{\"@type\":\"EntryPoint\",\"urlTemplate\":\"https:\/\/apcal.lu\/fr\/?s={search_term_string}\"},\"query-input\":{\"@type\":\"PropertyValueSpecification\",\"valueRequired\":true,\"valueName\":\"search_term_string\"}}],\"inLanguage\":\"en-US\"}]}<\/script>\n<!-- \/ Yoast SEO plugin. -->","yoast_head_json":{"title":"Contact - Apcal","robots":{"index":"index","follow":"follow","max-snippet":"max-snippet:-1","max-image-preview":"max-image-preview:large","max-video-preview":"max-video-preview:-1"},"canonical":"https:\/\/apcal.lu\/fr\/contact\/","og_locale":"en_US","og_type":"article","og_title":"Contact - Apcal","og_description":"APCALAPCAL is the only representative association of insurance brokers in Luxembourg and has the legal form of an ASBL.&nbsp; Headquarters and Administrative Offices\u00a0 APCA Luxembourg ASBL16B rue Robert SchumanL-5751 Frisange Info@apcal.luDo not hesitate to write to us Opening hours: Monday to Friday from 9:00 am to 5:00 pmManaging Director \/ Directrice G\u00e9n\u00e9raleNathalie Schuh \u2013 nathalie.schuh@apcal.luMob. [&hellip;]","og_url":"https:\/\/apcal.lu\/fr\/contact\/","og_site_name":"Apcal","article_modified_time":"2026-04-10T12:21:15+00:00","twitter_card":"summary_large_image","twitter_misc":{"Est. reading time":"5 minutes"},"schema":{"@context":"https:\/\/schema.org","@graph":[{"@type":"WebPage","@id":"https:\/\/apcal.lu\/fr\/contact\/","url":"https:\/\/apcal.lu\/fr\/contact\/","name":"Contact - Apcal","isPartOf":{"@id":"https:\/\/apcal.lu\/fr\/#website"},"datePublished":"2022-05-30T16:54:42+00:00","dateModified":"2026-04-10T12:21:15+00:00","breadcrumb":{"@id":"https:\/\/apcal.lu\/fr\/contact\/#breadcrumb"},"inLanguage":"en-US","potentialAction":[{"@type":"ReadAction","target":["https:\/\/apcal.lu\/fr\/contact\/"]}]},{"@type":"BreadcrumbList","@id":"https:\/\/apcal.lu\/fr\/contact\/#breadcrumb","itemListElement":[{"@type":"ListItem","position":1,"name":"Accueil","item":"https:\/\/apcal.lu\/fr\/"},{"@type":"ListItem","position":2,"name":"Contact"}]},{"@type":"WebSite","@id":"https:\/\/apcal.lu\/fr\/#website","url":"https:\/\/apcal.lu\/fr\/","name":"Apcal","description":"APCAL is the representative association of insurance brokers in Luxembourg","potentialAction":[{"@type":"SearchAction","target":{"@type":"EntryPoint","urlTemplate":"https:\/\/apcal.lu\/fr\/?s={search_term_string}"},"query-input":{"@type":"PropertyValueSpecification","valueRequired":true,"valueName":"search_term_string"}}],"inLanguage":"en-US"}]}},"publishpress_future_workflow_manual_trigger":{"enabledWorkflows":[]},"_links":{"self":[{"href":"https:\/\/apcal.lu\/en\/wp-json\/wp\/v2\/pages\/4693","targetHints":{"allow":["GET"]}}],"collection":[{"href":"https:\/\/apcal.lu\/en\/wp-json\/wp\/v2\/pages"}],"about":[{"href":"https:\/\/apcal.lu\/en\/wp-json\/wp\/v2\/types\/page"}],"author":[{"embeddable":true,"href":"https:\/\/apcal.lu\/en\/wp-json\/wp\/v2\/users\/2"}],"replies":[{"embeddable":true,"href":"https:\/\/apcal.lu\/en\/wp-json\/wp\/v2\/comments?post=4693"}],"version-history":[{"count":11,"href":"https:\/\/apcal.lu\/en\/wp-json\/wp\/v2\/pages\/4693\/revisions"}],"predecessor-version":[{"id":17214,"href":"https:\/\/apcal.lu\/en\/wp-json\/wp\/v2\/pages\/4693\/revisions\/17214"}],"wp:attachment":[{"href":"https:\/\/apcal.lu\/en\/wp-json\/wp\/v2\/media?parent=4693"}],"curies":[{"name":"wp","href":"https:\/\/api.w.org\/{rel}","templated":true}]}}